{"id":1238,"date":"2022-12-20T10:39:30","date_gmt":"2022-12-20T09:39:30","guid":{"rendered":"https:\/\/wp.unil.ch\/acige\/?page_id=1238"},"modified":"2026-03-02T11:12:00","modified_gmt":"2026-03-02T10:12:00","slug":"team-acige-2022-2023","status":"publish","type":"page","link":"https:\/\/wp.unil.ch\/acige\/team-acige-2022-2023\/","title":{"rendered":"Team ACIGE 2025 \/ 2026"},"content":{"rendered":"\n<h2 class=\"wp-block-heading has-text-align-center\">Co-presidents<\/h2>\n\n\n\n<figure class=\"wp-block-gallery has-nested-images columns-default is-cropped wp-block-gallery-1 is-layout-flex wp-block-gallery-is-layout-flex\">\n<figure class=\"wp-block-image size-large\"><a href=\"https:\/\/wp.unil.ch\/acige\/files\/2024\/12\/IMG_9447.jpg\"><img alt=\"\" loading=\"lazy\" decoding=\"async\" width=\"768\" height=\"1024\" data-id=\"1389\" src=\"https:\/\/wp.unil.ch\/acige\/files\/2024\/12\/IMG_9447-768x1024.jpg\" alt=\"\" class=\"wp-image-1389\" srcset=\"https:\/\/wp.unil.ch\/acige\/files\/2024\/12\/IMG_9447-768x1024.jpg 768w, https:\/\/wp.unil.ch\/acige\/files\/2024\/12\/IMG_9447-225x300.jpg 225w, https:\/\/wp.unil.ch\/acige\/files\/2024\/12\/IMG_9447.jpg 900w\" sizes=\"auto, (max-width: 768px) 100vw, 768px\" \/><\/a><\/figure>\n\n\n\n<figure class=\"wp-block-image size-large\"><a href=\"https:\/\/wp.unil.ch\/acige\/files\/2026\/03\/img-20240831-wa0202.jpeg\"><img loading=\"lazy\" decoding=\"async\" width=\"768\" height=\"1024\" data-id=\"2028\" src=\"https:\/\/wp.unil.ch\/acige\/files\/2026\/03\/img-20240831-wa0202-768x1024.jpeg\" alt=\"img 20240831 wa0202\" class=\"wp-image-2028\" srcset=\"https:\/\/wp.unil.ch\/acige\/files\/2026\/03\/img-20240831-wa0202-768x1024.jpeg 768w, https:\/\/wp.unil.ch\/acige\/files\/2026\/03\/img-20240831-wa0202-225x300.jpeg 225w, https:\/\/wp.unil.ch\/acige\/files\/2026\/03\/img-20240831-wa0202.jpeg 900w\" sizes=\"auto, (max-width: 768px) 100vw, 768px\" \/><\/a><\/figure>\n<\/figure>\n\n\n\n<div class=\"wp-block-columns is-layout-flex wp-container-core-columns-is-layout-28f84493 wp-block-columns-is-layout-flex\">\n<div class=\"wp-block-column is-layout-flow wp-block-column-is-layout-flow\">\n<p>Noralinde De Leijer (ISTE)<\/p>\n\n\n\n<p>Antonin Chal\u00e9 (ISTE)<\/p>\n<\/div>\n<\/div>\n\n\n\n<div class=\"wp-block-columns is-layout-flex wp-container-core-columns-is-layout-28f84493 wp-block-columns-is-layout-flex\">\n<div class=\"wp-block-column is-layout-flow wp-block-column-is-layout-flow\">\n<h3 class=\"wp-block-heading\">Treasurer<\/h3>\n\n\n\n<figure class=\"wp-block-image\"><img decoding=\"async\" src=\"https:\/\/wp.unil.ch\/acige\/files\/2023\/11\/a-gutierrez.jpeg\" alt=\"\" \/><\/figure>\n\n\n\n<p> \nAmalia Gutierrez (ISTE)<\/p>\n<\/div>\n\n\n\n<div class=\"wp-block-column is-layout-flow wp-block-column-is-layout-flow\">\n<h3 class=\"wp-block-heading\">Secretary<\/h3>\n\n\n\n<figure class=\"wp-block-image size-large\"><a href=\"https:\/\/wp.unil.ch\/acige\/files\/2026\/03\/whatsapp-image-2026-03-02-at-11.04.41.jpeg\"><img loading=\"lazy\" decoding=\"async\" width=\"901\" height=\"901\" src=\"https:\/\/wp.unil.ch\/acige\/files\/2026\/03\/whatsapp-image-2026-03-02-at-11.04.41-edited-2.jpeg\" alt=\"whatsapp image 2026 03 02 at 11.04.41\" class=\"wp-image-2035\" srcset=\"https:\/\/wp.unil.ch\/acige\/files\/2026\/03\/whatsapp-image-2026-03-02-at-11.04.41-edited-2.jpeg 901w, https:\/\/wp.unil.ch\/acige\/files\/2026\/03\/whatsapp-image-2026-03-02-at-11.04.41-edited-2-300x300.jpeg 300w, https:\/\/wp.unil.ch\/acige\/files\/2026\/03\/whatsapp-image-2026-03-02-at-11.04.41-edited-2-150x150.jpeg 150w, https:\/\/wp.unil.ch\/acige\/files\/2026\/03\/whatsapp-image-2026-03-02-at-11.04.41-edited-2-768x768.jpeg 768w\" sizes=\"auto, (max-width: 901px) 100vw, 901px\" \/><\/a><\/figure>\n\n\n\n<p>M\u00e9lissa Francey (ISTE)<\/p>\n<\/div>\n<\/div>\n\n\n\n<p><\/p>\n\n\n\n<h2 class=\"wp-block-heading has-text-align-center\">Committee Members<\/h2>\n\n\n\n<div class=\"wp-block-columns is-layout-flex wp-container-core-columns-is-layout-28f84493 wp-block-columns-is-layout-flex\">\n<div class=\"wp-block-column is-layout-flow wp-block-column-is-layout-flow\">\n<h2 class=\"wp-block-heading\"> IDYST <\/h2>\n\n\n\n<figure class=\"wp-block-image\"><img decoding=\"async\" src=\"https:\/\/wp.unil.ch\/acige\/files\/2023\/11\/b-robson-1.jpeg\" alt=\"\" \/><\/figure>\n\n\n\n<p> Ben Robson\n\n<br><br><\/p>\n\n\n\n<figure class=\"wp-block-image\"><img decoding=\"async\" src=\"https:\/\/wp.unil.ch\/acige\/files\/2022\/12\/Milton-Gomez-768x769-1.png\" alt=\"\" \/><\/figure>\n\n\n\n<p>Milton Gomez <br><br><\/p>\n\n\n\n<figure class=\"wp-block-image size-large\"><a href=\"https:\/\/wp.unil.ch\/acige\/files\/2026\/03\/1000083311.jpg\"><img loading=\"lazy\" decoding=\"async\" width=\"554\" height=\"554\" src=\"https:\/\/wp.unil.ch\/acige\/files\/2026\/03\/1000083311-edited.jpg\" alt=\"1000083311\" class=\"wp-image-2030\" srcset=\"https:\/\/wp.unil.ch\/acige\/files\/2026\/03\/1000083311-edited.jpg 554w, https:\/\/wp.unil.ch\/acige\/files\/2026\/03\/1000083311-edited-300x300.jpg 300w, https:\/\/wp.unil.ch\/acige\/files\/2026\/03\/1000083311-edited-150x150.jpg 150w\" sizes=\"auto, (max-width: 554px) 100vw, 554px\" \/><\/a><\/figure>\n\n\n\n<p>Lo\u00efc Cattin<br><br><\/p>\n\n\n\n<p><\/p>\n<\/div>\n\n\n\n<div class=\"wp-block-column is-layout-flow wp-block-column-is-layout-flow\">\n<h2 class=\"wp-block-heading\"> IGD <\/h2>\n\n\n\n<figure class=\"wp-block-image\"><img decoding=\"async\" src=\"https:\/\/wp.unil.ch\/acige\/files\/2022\/12\/penguin_icon.jpeg\" alt=\"\" \/><\/figure>\n\n\n\n<p> Lorenz Keysser<\/p>\n<\/div>\n\n\n\n<div class=\"wp-block-column is-layout-flow wp-block-column-is-layout-flow\">\n<h2 class=\"wp-block-heading\"> ISTE <\/h2>\n\n\n\n<figure class=\"wp-block-image\"><img decoding=\"async\" src=\"https:\/\/wp.unil.ch\/acige\/files\/2024\/12\/FA581A4A-76F9-406A-ABC1-C74E1F10F5AA_1_105_c.jpeg\" alt=\"\" style=\"aspect-ratio:1;object-fit:cover\" \/><\/figure>\n\n\n\n<p> Nora Corth\u00e9sy<\/p>\n<\/div>\n<\/div>\n\n\n\n<p><\/p>\n","protected":false},"excerpt":{"rendered":"<p>Co-presidents Noralinde De Leijer (ISTE) Antonin Chal\u00e9 (ISTE) Treasurer Amalia Gutierrez (ISTE) Secretary M\u00e9lissa Francey (ISTE) Committee Members IDYST Ben Robson Milton Gomez Lo\u00efc Cattin IGD Lorenz Keysser ISTE Nora Corth\u00e9sy<\/p>\n","protected":false},"author":1002718,"featured_media":0,"parent":0,"menu_order":0,"comment_status":"closed","ping_status":"closed","template":"","meta":{"_seopress_robots_primary_cat":"","_seopress_titles_title":"","_seopress_titles_desc":"","_seopress_robots_index":"","footnotes":""},"class_list":["post-1238","page","type-page","status-publish"],"_links":{"self":[{"href":"https:\/\/wp.unil.ch\/acige\/wp-json\/wp\/v2\/pages\/1238","targetHints":{"allow":["GET"]}}],"collection":[{"href":"https:\/\/wp.unil.ch\/acige\/wp-json\/wp\/v2\/pages"}],"about":[{"href":"https:\/\/wp.unil.ch\/acige\/wp-json\/wp\/v2\/types\/page"}],"author":[{"embeddable":true,"href":"https:\/\/wp.unil.ch\/acige\/wp-json\/wp\/v2\/users\/1002718"}],"replies":[{"embeddable":true,"href":"https:\/\/wp.unil.ch\/acige\/wp-json\/wp\/v2\/comments?post=1238"}],"version-history":[{"count":5,"href":"https:\/\/wp.unil.ch\/acige\/wp-json\/wp\/v2\/pages\/1238\/revisions"}],"predecessor-version":[{"id":2036,"href":"https:\/\/wp.unil.ch\/acige\/wp-json\/wp\/v2\/pages\/1238\/revisions\/2036"}],"wp:attachment":[{"href":"https:\/\/wp.unil.ch\/acige\/wp-json\/wp\/v2\/media?parent=1238"}],"curies":[{"name":"wp","href":"https:\/\/api.w.org\/{rel}","templated":true}]}}