{"id":1018,"date":"2018-11-09T10:41:03","date_gmt":"2018-11-09T09:41:03","guid":{"rendered":"http:\/\/wp.unil.ch\/acige\/?page_id=1018"},"modified":"2025-10-29T10:26:28","modified_gmt":"2025-10-29T09:26:28","slug":"acige","status":"publish","type":"page","link":"https:\/\/wp.unil.ch\/acige\/","title":{"rendered":"ACIGE Homepage"},"content":{"rendered":"\n<div class=\"wp-block-media-text is-stacked-on-mobile\"><figure class=\"wp-block-media-text__media\"><img loading=\"lazy\" decoding=\"async\" width=\"819\" height=\"1024\" src=\"https:\/\/wp.unil.ch\/acige\/files\/2025\/09\/program-fall-2025-819x1024.png\" alt=\"program fall 2025\" class=\"wp-image-1797 size-full\" srcset=\"https:\/\/wp.unil.ch\/acige\/files\/2025\/09\/program-fall-2025-819x1024.png 819w, https:\/\/wp.unil.ch\/acige\/files\/2025\/09\/program-fall-2025-240x300.png 240w, https:\/\/wp.unil.ch\/acige\/files\/2025\/09\/program-fall-2025-768x960.png 768w, https:\/\/wp.unil.ch\/acige\/files\/2025\/09\/program-fall-2025.png 960w\" sizes=\"auto, (max-width: 819px) 100vw, 819px\" \/><\/figure><div class=\"wp-block-media-text__content\">\n<p>Find information for our new initiative <strong>reProjecting Science <\/strong><a href=\"https:\/\/wp.unil.ch\/acige\/reprojecting-science\/\">here<\/a>!<\/p>\n<\/div><\/div>\n\n\n\n<h2 class=\"wp-block-heading has-text-align-center\">Association du Corps Interm\u00e9diaire de la Facult\u00e9 de G\u00e9osciences et de l&#8217;environnement <\/h2>\n\n\n\n<details class=\"wp-block-details is-layout-flow wp-block-details-is-layout-flow\"><summary>Goals &#8211; Members &#8211; Committee (English version)<\/summary>\n<h4 class=\"wp-block-heading\">Goals<\/h4>\n\n\n\n<h5 class=\"wp-block-heading\">The aims of the Association are :<\/h5>\n\n\n\n<ul class=\"wp-block-list\">\n<li>to defend the interests of the Academic Mid-level Faculty (Corps Interm\u00e9diaire, CI) and the doctoral students of the Faculty<\/li>\n\n\n\n<li>to represent its members before the academic and political authorities<\/li>\n\n\n\n<li>to collaborate with the other associations of the Faculty and the University<\/li>\n\n\n\n<li>to promote contacts and exchanges between its members.<\/li>\n<\/ul>\n\n\n\n<h4 class=\"wp-block-heading\">Members<\/h4>\n\n\n\n<h5 class=\"wp-block-heading\">The members of the Association :<\/h5>\n\n\n\n<ul class=\"wp-block-list\">\n<li>the members of the Academic Mid-level Faculty (Corps Interm\u00e9diaire, CI) within the meaning of the Law on the University of Lausanne (LUL), the Regulations of the LUL (RaLUL) and the Regulations of the Faculty<\/li>\n\n\n\n<li>doctoral students registered in the Faculty<\/li>\n<\/ul>\n\n\n\n<p>Members of the Academic Mid-level Faculty and doctoral students are ex officio members of the Association as soon as they are hired or registered as a doctoral student, respectively.<\/p>\n\n\n\n<p>Any member of the Association loses his or her status as such upon termination of his or her academic functions and\/or by exmatriculation or by resignation addressed in writing to the Committee.<\/p>\n\n\n\n<h4 class=\"wp-block-heading\">Committee 2025<\/h4>\n\n\n\n<p>Co-presidents: Noralinde De Leijer (ISTE) and Valentin Jamart (ISTE)<br>Secretary: Amalia Gutierrez (ISTE)<br>Treasurer: Milton Gomez (IDYST)<\/p>\n\n\n\n<p>IDYST members: Ben Robson, Philip Werner, Salome Oehler and Wolfgang Wicker&nbsp;<\/p>\n\n\n\n<p>IGD members:&nbsp; Lorenz Keysser<\/p>\n\n\n\n<p>ISTE members: Nora Corth\u00e9sy<\/p>\n\n\n\n<p><a href=\"https:\/\/wp.unil.ch\/acige\/files\/2019\/02\/ACIGE-Statuts-version-20190214_sign\u00e9.pdf\" target=\"_blank\" rel=\"noopener noreferrer\">Statuts officiels de l&#8217;ACIGE disponible ici<\/a><\/p>\n\n\n\n<p><a href=\"https:\/\/wp.unil.ch\/acige\/files\/2024\/10\/ACIGE_Statuts_anglais.pdf\">Inofficial English translation of ACIGE statutes available here<\/a><\/p>\n<\/details>\n\n\n\n<details class=\"wp-block-details is-layout-flow wp-block-details-is-layout-flow\"><summary>Buts &#8211; Membres &#8211; Commit\u00e9e (Version en Fran\u00e7ais)<\/summary>\n<h4 class=\"wp-block-heading\">Buts<\/h4>\n\n\n\n<h5 class=\"wp-block-heading\">L\u2019Association a pour buts&nbsp;:<\/h5>\n\n\n\n<ol class=\"wp-block-list\">\n<li>de d\u00e9fendre les int\u00e9r\u00eats du Corps Interm\u00e9diaire (CI) et des doctorant-e-s de la Facult\u00e9 ;<\/li>\n\n\n\n<li>de repr\u00e9senter ses membres aupr\u00e8s des autorit\u00e9s acad\u00e9miques et politiques&nbsp;;<\/li>\n\n\n\n<li>de collaborer avec les autres associations de la Facult\u00e9 et de l\u2019Universit\u00e9&nbsp;;<\/li>\n\n\n\n<li>de favoriser les contacts et les \u00e9changes entre ses membres.<\/li>\n<\/ol>\n\n\n\n<h4 class=\"wp-block-heading\">Membres<\/h4>\n\n\n\n<p>Sont membres de l\u2019Association&nbsp;:<\/p>\n\n\n\n<ol class=\"wp-block-list\">\n<li>les membres du Corps Interm\u00e9diaire au sens de la Loi sur l\u2019Universit\u00e9 de Lausanne (LUL), du R\u00e8glement d\u2019application de la LUL (RaLUL) et du R\u00e8glement de la Facult\u00e9<\/li>\n\n\n\n<li>les doctorant-e-s immatricul\u00e9-e-s dans la Facult\u00e9.<\/li>\n<\/ol>\n\n\n\n<p>Les membres du Corps Interm\u00e9diaire et les doctorant-e-s sont membres de droit de l\u2019Association, respectivement d\u00e8s leur engagement ou leur immatriculation en th\u00e8se.<\/p>\n\n\n\n<p>Tout membre de l\u2019Association en perd la qualit\u00e9 d\u00e8s la cessation de ses fonctions universitaires et\/ou par exmatriculation ou par d\u00e9mission adress\u00e9e par \u00e9crit au Comit\u00e9.<\/p>\n\n\n\n<h4 class=\"wp-block-heading\">Comit\u00e9<\/h4>\n\n\n\n<p>Pr\u00e9sidents: Noralinde De Leijer (ISTE) and Valentin Jamart (ISTE)<br>Secr\u00e9taire: Amalia Guti\u00e9rrez (ISTE)<br>Tr\u00e9sorier.e: Milton Gomez (IDYST)<\/p>\n\n\n\n<p>Members IDYST: Ben Robson, Philip Werner, Salome Oehler et Wolfgang Wicker&nbsp;<\/p>\n\n\n\n<p>Members IGD:&nbsp; Lorenz Keysser<\/p>\n\n\n\n<p>Members ISTE: Nora Corth\u00e9sy<\/p>\n\n\n\n<p><a href=\"https:\/\/wp.unil.ch\/acige\/files\/2019\/02\/ACIGE-Statuts-version-20190214_sign\u00e9.pdf\" target=\"_blank\" rel=\"noopener noreferrer\">Statuts officiels de l&#8217;ACIGE disponible ici<\/a><\/p>\n\n\n\n<p><a href=\"https:\/\/wp.unil.ch\/acige\/files\/2024\/10\/ACIGE_Statuts_anglais.pdf\">Inofficial English translation of ACIGE statutes available here<\/a><\/p>\n<\/details>\n","protected":false},"excerpt":{"rendered":"<p>Find information for our new initiative reProjecting Science here! Association du Corps Interm\u00e9diaire de la Facult\u00e9 de G\u00e9osciences et de l&#8217;environnement<\/p>\n","protected":false},"author":1001445,"featured_media":0,"parent":0,"menu_order":1,"comment_status":"closed","ping_status":"closed","template":"","meta":{"_seopress_robots_primary_cat":"","_seopress_titles_title":"","_seopress_titles_desc":"","_seopress_robots_index":"","footnotes":""},"class_list":["post-1018","page","type-page","status-publish"],"_links":{"self":[{"href":"https:\/\/wp.unil.ch\/acige\/wp-json\/wp\/v2\/pages\/1018","targetHints":{"allow":["GET"]}}],"collection":[{"href":"https:\/\/wp.unil.ch\/acige\/wp-json\/wp\/v2\/pages"}],"about":[{"href":"https:\/\/wp.unil.ch\/acige\/wp-json\/wp\/v2\/types\/page"}],"author":[{"embeddable":true,"href":"https:\/\/wp.unil.ch\/acige\/wp-json\/wp\/v2\/users\/1001445"}],"replies":[{"embeddable":true,"href":"https:\/\/wp.unil.ch\/acige\/wp-json\/wp\/v2\/comments?post=1018"}],"version-history":[{"count":5,"href":"https:\/\/wp.unil.ch\/acige\/wp-json\/wp\/v2\/pages\/1018\/revisions"}],"predecessor-version":[{"id":1897,"href":"https:\/\/wp.unil.ch\/acige\/wp-json\/wp\/v2\/pages\/1018\/revisions\/1897"}],"wp:attachment":[{"href":"https:\/\/wp.unil.ch\/acige\/wp-json\/wp\/v2\/media?parent=1018"}],"curies":[{"name":"wp","href":"https:\/\/api.w.org\/{rel}","templated":true}]}}