{"id":859,"date":"2012-07-12T17:34:20","date_gmt":"2012-07-12T15:34:20","guid":{"rendered":"http:\/\/wp.unil.ch\/acidul\/?page_id=859"},"modified":"2024-07-06T13:43:14","modified_gmt":"2024-07-06T11:43:14","slug":"lois-et-reglements","status":"publish","type":"page","link":"https:\/\/wp.unil.ch\/acidul\/f-a-q\/lois-et-reglements\/","title":{"rendered":"Lois et r\u00e8glements"},"content":{"rendered":"\n<p>L&rsquo;ensemble des lois et r\u00e8glements concernant votre doctorat ou votre emploi comme chercheur et chercheuse \u00e0 l&rsquo;Universit\u00e9 de Lausanne est disponible sur le <a href=\"https:\/\/www.unil.ch\/srh\/fr\/home\/menuinst\/infos-administratives\/lois-reglements--directives.html\">site<\/a> des Ressources humaines. Vous trouverez notamment la <a href=\"https:\/\/www.lexfind.ch\/tolv\/210391\/fr\">Loi du 6 juillet 2004 sur l&rsquo;Universit\u00e9 de Lausanne<\/a> (LUL), le <a href=\"https:\/\/www.lexfind.ch\/fe\/fr\/tol\/18682\/versions\/94080\/fr\">R\u00e8glement d&rsquo;application de la loi du 6 juillet 2004 sur l&rsquo;Universit\u00e9 de Lausanne<\/a>, ainsi que le<a href=\"https:\/\/www.lexfind.ch\/fe\/it\/tol\/18983\/versions\/96218\/fr\"> R\u00e8glement sur les assistants \u00e0 l&rsquo;Universit\u00e9 de Lausanne<\/a>.<\/p>\n\n\n\n<p>Les <a href=\"https:\/\/www.unil.ch\/central\/home\/menuinst\/organisation\/documents-officiels\/textes-legaux\/directives-internes-de-lunil.html\">Directives internes de l&rsquo;Universit\u00e9 de Lausanne<\/a> vous renseignent \u00e9galement sur le fonctionnement de l&rsquo;UNIL. Vous trouverez par exemple des informations sur les diff\u00e9rentes fonctions, la proc\u00e9dure d&rsquo;engagement des assistant\u00b7e\u00b7s dipl\u00f4m\u00e9\u00b7e\u00b7s, MA et MER, les cong\u00e9s scientifiques ou pour raisons familiales, la question de l&rsquo;int\u00e9grit\u00e9 scientifique, et la gestion des conflits.<\/p>\n\n\n\n<p>Nous vous conseillons \u00e9galement de consulter le r\u00e8glement sp\u00e9cifique \u00e0 votre facult\u00e9, disponible sur son site Internet. Ce r\u00e8glement d\u00e9finit l\u2019organisation de la facult\u00e9, les attributions du D\u00e9canat et du Conseil de Facult\u00e9, les commissions facultaires, ainsi que les grades et dipl\u00f4mes d\u00e9cern\u00e9s, les cursus d\u2019\u00e9tudes et les modalit\u00e9s des examens, etc. Dans certaines facult\u00e9s, les aspects purement organisationnels et ceux qui sont li\u00e9s aux \u00e9tudes font l\u2019objet de r\u00e8glements distincts.<\/p>\n\n\n\n<p>Enfin, si vous \u00eates inscrit\u00b7e en th\u00e8se \u00e0 l&rsquo;UNIL, nous vous rendons attentifs et attentives au fait que chaque facult\u00e9 dispose de son propre r\u00e8glement sur le doctorat. Ce r\u00e8glement est disponible sur le site Internet de votre facult\u00e9.<\/p>\n\n\n\n<p><strong>La nouvelle Lpers s\u2019applique-t-elle enti\u00e8rement au corps interm\u00e9diaire&nbsp;?<\/strong><br \/>Non. Les assistant\u00b7e\u00b7s en sont exclu\u00b7e\u00b7s. Le Conseil d\u2019Etat a cependant adapt\u00e9 le R\u00e8glement sur les assistant\u00b7e\u00b7s, notamment pour leur octroyer un certain nombre de cong\u00e9s suppl\u00e9mentaires (dont la cinqui\u00e8me semaine de vacances) qui sont pr\u00e9sents dans la Lpers. Par contre, la caisse de pension reste pour les assistant\u00b7e\u00b7s les Retraites populaires, contrairement \u00e0 tous les autres fonctionnaires, qui sont \u00e0 la Caisse de pension de l\u2019Etat de Vaud (CPEV).<\/p>\n","protected":false},"excerpt":{"rendered":"<p>L&rsquo;ensemble des lois et r\u00e8glements concernant votre doctorat ou votre emploi comme chercheur et chercheuse \u00e0 l&rsquo;Universit\u00e9 de Lausanne est disponible sur le site des Ressources humaines. Vous trouverez notamment la Loi du 6 juillet 2004 sur l&rsquo;Universit\u00e9 de Lausanne (LUL), le R\u00e8glement d&rsquo;application de la loi du 6 juillet 2004 sur l&rsquo;Universit\u00e9 de Lausanne, [&hellip;]<\/p>\n","protected":false},"author":455,"featured_media":0,"parent":39,"menu_order":0,"comment_status":"closed","ping_status":"closed","template":"","meta":{"_seopress_robots_primary_cat":"","_seopress_titles_title":"","_seopress_titles_desc":"","_seopress_robots_index":"","footnotes":"","_links_to":"","_links_to_target":""},"class_list":["post-859","page","type-page","status-publish"],"_links":{"self":[{"href":"https:\/\/wp.unil.ch\/acidul\/wp-json\/wp\/v2\/pages\/859","targetHints":{"allow":["GET"]}}],"collection":[{"href":"https:\/\/wp.unil.ch\/acidul\/wp-json\/wp\/v2\/pages"}],"about":[{"href":"https:\/\/wp.unil.ch\/acidul\/wp-json\/wp\/v2\/types\/page"}],"author":[{"embeddable":true,"href":"https:\/\/wp.unil.ch\/acidul\/wp-json\/wp\/v2\/users\/455"}],"replies":[{"embeddable":true,"href":"https:\/\/wp.unil.ch\/acidul\/wp-json\/wp\/v2\/comments?post=859"}],"version-history":[{"count":4,"href":"https:\/\/wp.unil.ch\/acidul\/wp-json\/wp\/v2\/pages\/859\/revisions"}],"predecessor-version":[{"id":3777,"href":"https:\/\/wp.unil.ch\/acidul\/wp-json\/wp\/v2\/pages\/859\/revisions\/3777"}],"up":[{"embeddable":true,"href":"https:\/\/wp.unil.ch\/acidul\/wp-json\/wp\/v2\/pages\/39"}],"wp:attachment":[{"href":"https:\/\/wp.unil.ch\/acidul\/wp-json\/wp\/v2\/media?parent=859"}],"curies":[{"name":"wp","href":"https:\/\/api.w.org\/{rel}","templated":true}]}}