{"id":855,"date":"2012-07-12T17:29:44","date_gmt":"2012-07-12T15:29:44","guid":{"rendered":"http:\/\/wp.unil.ch\/acidul\/?page_id=855"},"modified":"2023-08-01T10:07:27","modified_gmt":"2023-08-01T08:07:27","slug":"engagement-des-assistant%c2%b7e%c2%b7s","status":"publish","type":"page","link":"https:\/\/wp.unil.ch\/acidul\/f-a-q\/engagement-des-assistant%c2%b7e%c2%b7s\/","title":{"rendered":"\u00catre assistant\u00b7e dipl\u00f4m\u00e9\u00b7e \u00e0 l&rsquo;UNIL"},"content":{"rendered":"\n<p class=\"has-black-color has-text-color\"><strong>Quelles sont les d\u00e9marches pour un\u00b7e doctorant\u00b7e qui souhaite devenir assistant\u00b7e&nbsp;?<\/strong><br \/>La premi\u00e8re possibilit\u00e9 et de consulter r\u00e9guli\u00e8rement les annonces de l\u2019UNIL et de postuler d\u00e8s qu\u2019un poste vous int\u00e9resse. Vous pouvez aussi directement vous renseigner aupr\u00e8s de l\u2019unit\u00e9 qui vous int\u00e9resse.<\/p>\n\n\n\n<p><strong>Un\u00b7e assistant\u00b7e est-elle ou il cens\u00e9\u00b7e avoir un s\u00e9minaire \u00e0 charge&nbsp;?<\/strong><br \/>Rien ne s\u2019oppose \u00e0 ce qu\u2019un\u00b7e assistant\u00b7e prenne la charge d\u2019un s\u00e9minaire, pour autant que son cahier des charges comprenne un poste correspondant clairement \u00e0 cette t\u00e2che et repr\u00e9sentant un pourcentage r\u00e9aliste de son temps de travail, et que son r\u00f4le soit pleinement reconnu comme tel (on doit estimer qu\u2019un s\u00e9minaire repr\u00e9sente une charge plus importante pour un\u00b7e assistant\u00b7e, novice en la mati\u00e8re, que pour un\u00b7e enseignant\u00b7e plus exp\u00e9riment\u00e9\u00b7e).<\/p>\n\n\n\n<p><strong>De combien de temps dispose un assistant\u00b7e pour ses recherches personnelles&nbsp;?<\/strong><br \/>Un\u00b7e assistant\u00b7e dispose d\u2019<em>au moins<\/em> 50% de son temps total pour ses recherches personnelles (th\u00e8se ou autre), \u00e9cole doctorale comprise. Son cahier des charges doit en faire clairement \u00e9tat. Ceci est valable aussi pour les premiers\u00b7i\u00e8res assistant\u00b7e\u00b7s.<\/p>\n\n\n\n<p><strong>Est-ce que l\u2019Universit\u00e9 doit fournir un ordinateur, ou dois-je utiliser le mien&nbsp;?<\/strong><br \/>L\u2019employeur est tenu de fournir les outils de production (art. 327, Code des obligations)&nbsp;; aussi l\u2019Universit\u00e9 se doit-elle de mettre \u00e0 disposition de chaque membre du corps interm\u00e9diaire un poste de travail avec un ordinateur.<\/p>\n\n\n\n<p><strong>Si un\u00b7e assistant\u00b7e part \u00e0 l\u2019\u00e9tranger pour sa th\u00e8se, est-ce que ce temps est compt\u00e9 dans les cinq ans d\u2019embauche\u00a0?<\/strong> Non, pour autant que le contrat d\u2019assistant\u00b7e soit suspendu pour la p\u00e9riode donn\u00e9e.<\/p>\n\n\n\n<p><strong>Est-ce qu\u2019un\u00b7e assistant\u00b7e qui a occup\u00e9 d\u2019autres postes d\u2019assistanat dans d\u2019autres universit\u00e9s (suisses ou non) pourra \u00eatre engag\u00e9 pour cinq ans \u00e0 l\u2019UNIL\u00a0?<\/strong> Oui. Ne sont compt\u00e9es que les ann\u00e9es d\u2019assistanat \u00e0 l\u2019UNIL.<\/p>\n\n\n\n<p><strong>Est-ce que les fonds accord\u00e9s par le FNS comptent dans les cinq ans\u00a0?<\/strong> Oui, la fonction de doctorant\u00b7e sur fonds externes (FNS ou autres) s\u2019apparente sur ce point \u00e0 celle d\u2019assistant\u00b7e.<\/p>\n","protected":false},"excerpt":{"rendered":"<p>Quelles sont les d\u00e9marches pour un\u00b7e doctorant\u00b7e qui souhaite devenir assistant\u00b7e&nbsp;?La premi\u00e8re possibilit\u00e9 et de consulter r\u00e9guli\u00e8rement les annonces de l\u2019UNIL et de postuler d\u00e8s qu\u2019un poste vous int\u00e9resse. Vous pouvez aussi directement vous renseigner aupr\u00e8s de l\u2019unit\u00e9 qui vous int\u00e9resse. Un\u00b7e assistant\u00b7e est-elle ou il cens\u00e9\u00b7e avoir un s\u00e9minaire \u00e0 charge&nbsp;?Rien ne s\u2019oppose \u00e0 [&hellip;]<\/p>\n","protected":false},"author":455,"featured_media":0,"parent":39,"menu_order":0,"comment_status":"closed","ping_status":"closed","template":"","meta":{"_seopress_robots_primary_cat":"","_seopress_titles_title":"","_seopress_titles_desc":"","_seopress_robots_index":"","footnotes":"","_links_to":"","_links_to_target":""},"class_list":["post-855","page","type-page","status-publish"],"_links":{"self":[{"href":"https:\/\/wp.unil.ch\/acidul\/wp-json\/wp\/v2\/pages\/855","targetHints":{"allow":["GET"]}}],"collection":[{"href":"https:\/\/wp.unil.ch\/acidul\/wp-json\/wp\/v2\/pages"}],"about":[{"href":"https:\/\/wp.unil.ch\/acidul\/wp-json\/wp\/v2\/types\/page"}],"author":[{"embeddable":true,"href":"https:\/\/wp.unil.ch\/acidul\/wp-json\/wp\/v2\/users\/455"}],"replies":[{"embeddable":true,"href":"https:\/\/wp.unil.ch\/acidul\/wp-json\/wp\/v2\/comments?post=855"}],"version-history":[{"count":0,"href":"https:\/\/wp.unil.ch\/acidul\/wp-json\/wp\/v2\/pages\/855\/revisions"}],"up":[{"embeddable":true,"href":"https:\/\/wp.unil.ch\/acidul\/wp-json\/wp\/v2\/pages\/39"}],"wp:attachment":[{"href":"https:\/\/wp.unil.ch\/acidul\/wp-json\/wp\/v2\/media?parent=855"}],"curies":[{"name":"wp","href":"https:\/\/api.w.org\/{rel}","templated":true}]}}