{"id":4858,"date":"2026-04-29T12:10:47","date_gmt":"2026-04-29T10:10:47","guid":{"rendered":"https:\/\/wp.unil.ch\/acidul\/?page_id=4858"},"modified":"2026-04-29T12:35:56","modified_gmt":"2026-04-29T10:35:56","slug":"boursiers-et-boursieres","status":"publish","type":"page","link":"https:\/\/wp.unil.ch\/acidul\/boursiers-et-boursieres\/","title":{"rendered":"Boursiers et boursi\u00e8res"},"content":{"rendered":"\n<p>A l&rsquo;Universit\u00e9 de Lausanne, il est possible de faire sa th\u00e8se en \u00e9tant financ\u00e9\u00b7e par une bourse. <\/p>\n\n\n\n<p><span style=\"text-decoration: underline\">Attention<\/span> : b\u00e9n\u00e9ficier d&rsquo;une bourse doctorale ne signifie pas que vous avez un <strong>contrat de travail<\/strong> avec l&rsquo;Universit\u00e9. Pour faire la diff\u00e9rence, un contrat de travail est un document provenant des Ressources humaines, qui stipule un pourcentage de travail. Comme boursier ou boursi\u00e8re, vous serez consid\u00e9r\u00e9\u00b7e par l&rsquo;UNIL comme un\u00b7e \u00e9tudiant\u00b7e.<\/p>\n\n\n\n<p>Parmi les bourses les plus fr\u00e9quentes pour les personnes provenant d&rsquo;autres pays que la Suisse, on trouve :<\/p>\n\n\n\n<ul class=\"wp-block-list\">\n<li><a href=\"https:\/\/www.sbfi.admin.ch\/sbfi\/fr\/home\/formation\/bourses\/bourses-d-excellence-de-la-confederation.html\">Bourse d\u2019excellence de la Conf\u00e9d\u00e9ration suisse<\/a><\/li>\n\n\n\n<li><a href=\"https:\/\/www.chinesescholarshipcouncil.com\/\">China Scholarship Council<\/a><\/li>\n\n\n\n<li><a href=\"https:\/\/knb.kemdikbud.go.id\/\">Scholarship from the Republic of Indonesia<\/a><\/li>\n<\/ul>\n\n\n\n<p>Les montants octroy\u00e9s dans le cadre de ces trois bourses sont malheureusement <strong>insuffisants pour vivre en Suisse<\/strong>, en particulier dans des villes o\u00f9 le co\u00fbt de la vie est \u00e9lev\u00e9, comme \u00e0 Lausanne. On consid\u00e8re g\u00e9n\u00e9ralement qu&rsquo;il faut un revenu minimum de 2&rsquo;500 francs par mois pour vivre d\u00e9cemment en Suisse.<\/p>\n\n\n\n<p>Pour compl\u00e9ter votre bourse, votre directeur ou directrice de th\u00e8se peut vous proposer un <strong>contrat PAT<\/strong> \u00e0 20% au maximum. Vous pouvez \u00e9galement vous-m\u00eame d\u00e9poser une <a href=\"https:\/\/www.unil.ch\/graduatecampus\/home\/menuinst\/doctorantes\/avant-le-doctorat\/financer-son-doctorat.html\"><strong>demande de bourse compl\u00e9mentaire<\/strong><\/a> aupr\u00e8s de l\u2019UNIL. Notez qu&rsquo;il n&rsquo;est pas possible d&rsquo;avoir \u00e0 la fois un contrat PAT et de toucher la bourse compl\u00e9mentaire.<\/p>\n\n\n\n<p>Pour les boursiers et boursi\u00e8res de la Conf\u00e9d\u00e9ration, votre <strong>assurance maladie<\/strong> est <a href=\"https:\/\/www.advisor-swiss.com\/en\/home\/\">Swiss Advisor<\/a>. Les d\u00e9tails concernant la prise en charge de vos co\u00fbts m\u00e9dicaux peuvent \u00eatre trouv\u00e9s <a href=\"https:\/\/wp.unil.ch\/acidul\/files\/2026\/04\/conditions-generales-swiss-advisor_boursiers-et-boursieres-de-la-confederation.pdf\">ici<\/a>. Veuillez noter que la franchise annuelle est de 300 francs, ce qui signifie que l&rsquo;assurance ne prendra en charge vos frais m\u00e9dicaux qu&rsquo;\u00e0 partir du moment o\u00f9 ces frais d\u00e9passent les 300 francs, chaque ann\u00e9e.<\/p>\n\n\n\n<p>En cas de question, n&rsquo;h\u00e9sitez pas \u00e0 nous contacter !<\/p>\n","protected":false},"excerpt":{"rendered":"<p>A l&rsquo;Universit\u00e9 de Lausanne, il est possible de faire sa th\u00e8se en \u00e9tant financ\u00e9\u00b7e par une bourse. Attention : b\u00e9n\u00e9ficier d&rsquo;une bourse doctorale ne signifie pas que vous avez un contrat de travail avec l&rsquo;Universit\u00e9. Pour faire la diff\u00e9rence, un contrat de travail est un document provenant des Ressources humaines, qui stipule un pourcentage de [&hellip;]<\/p>\n","protected":false},"author":1002600,"featured_media":0,"parent":0,"menu_order":0,"comment_status":"closed","ping_status":"closed","template":"","meta":{"_seopress_robots_primary_cat":"","_seopress_titles_title":"","_seopress_titles_desc":"","_seopress_robots_index":"","footnotes":"","_links_to":"","_links_to_target":""},"class_list":["post-4858","page","type-page","status-publish"],"_links":{"self":[{"href":"https:\/\/wp.unil.ch\/acidul\/wp-json\/wp\/v2\/pages\/4858","targetHints":{"allow":["GET"]}}],"collection":[{"href":"https:\/\/wp.unil.ch\/acidul\/wp-json\/wp\/v2\/pages"}],"about":[{"href":"https:\/\/wp.unil.ch\/acidul\/wp-json\/wp\/v2\/types\/page"}],"author":[{"embeddable":true,"href":"https:\/\/wp.unil.ch\/acidul\/wp-json\/wp\/v2\/users\/1002600"}],"replies":[{"embeddable":true,"href":"https:\/\/wp.unil.ch\/acidul\/wp-json\/wp\/v2\/comments?post=4858"}],"version-history":[{"count":5,"href":"https:\/\/wp.unil.ch\/acidul\/wp-json\/wp\/v2\/pages\/4858\/revisions"}],"predecessor-version":[{"id":4879,"href":"https:\/\/wp.unil.ch\/acidul\/wp-json\/wp\/v2\/pages\/4858\/revisions\/4879"}],"wp:attachment":[{"href":"https:\/\/wp.unil.ch\/acidul\/wp-json\/wp\/v2\/media?parent=4858"}],"curies":[{"name":"wp","href":"https:\/\/api.w.org\/{rel}","templated":true}]}}