{"id":4650,"date":"2026-04-07T13:32:37","date_gmt":"2026-04-07T11:32:37","guid":{"rendered":"https:\/\/wp.unil.ch\/acidul\/?page_id=4650"},"modified":"2026-04-07T13:37:29","modified_gmt":"2026-04-07T11:37:29","slug":"ressources-sur-le-campus","status":"publish","type":"page","link":"https:\/\/wp.unil.ch\/acidul\/ressources-sur-le-campus\/","title":{"rendered":"Ressources"},"content":{"rendered":"\n<p class=\"has-black-color has-text-color\">Comme doctorant\u00b7e ou membre du corps interm\u00e9diaire \u00e0 l&rsquo;UNIL, ACIDUL peut vous aider en cas de difficult\u00e9 rencontr\u00e9e dans le cadre de la direction de th\u00e8se, en cas de mobbing, harc\u00e8lement moral ou sexuel, de questions concernant le contrat de travail, le permis de s\u00e9jour, les droits \u00e0 l&rsquo;indemnit\u00e9 de ch\u00f4mage, le cong\u00e9 maternit\u00e9 ou paternit\u00e9, etc.<\/p>\n\n\n\n<p>N&rsquo;h\u00e9sitez pas \u00e0 nous contacter par mail (acidul@unil.ch), \u00e0 nous appeler (077 402 21 94) ou \u00e0 remplir <a href=\"https:\/\/wp.unil.ch\/acidul\/3107-2\/\" data-type=\"URL\" data-id=\"https:\/\/wp.unil.ch\/acidul\/3107-2\/\">ce formulaire<\/a>. Toute demande sera trait\u00e9e de fa\u00e7on confidentielle par la secr\u00e9taire g\u00e9n\u00e9rale d&rsquo;ACIDUL.<\/p>\n\n\n\n<hr class=\"wp-block-separator has-alpha-channel-opacity\" \/>\n\n\n\n<p>Les ressources suivantes sont \u00e9galement \u00e0 votre disposition sur le campus :<\/p>\n\n\n\n<p><a href=\"https:\/\/www.unil.ch\/aide-help\/fr\/home.html\">Aide l UNIL<\/a><br \/>Le dispositif de lutte contre le harc\u00e8lement et les discriminations de l&rsquo;UNIL propose un espace d&rsquo;\u00e9coute, d&rsquo;accompagnement et de soutien. Des personnes sp\u00e9cialis\u00e9es dans diff\u00e9rents types de discrimination (racisme, sexisme, homophobie, transphobie, etc.) et dans le harc\u00e8lement vous re\u00e7oivent en toute confidentialit\u00e9. Un&nbsp;<a href=\"https:\/\/www.unil.ch\/aide-help\/home\/menuinst\/signaler-une-situation.html\">formulaire de signalement<\/a>&nbsp;permet aussi de signaler les abus, de fa\u00e7on anonyme ou non.<\/p>\n\n\n\n<p class=\"has-black-color has-text-color\"><a href=\"https:\/\/www.unil.ch\/egalite\/en\/home.html\" data-type=\"URL\" data-id=\"https:\/\/www.unil.ch\/egalite\/en\/home.html\">Bureau de l&rsquo;\u00e9galit\u00e9<\/a><br \/>Vous trouverez ici des informations sur l\u2019engagement de l\u2019UNIL en mati\u00e8re d\u2019\u00e9galit\u00e9 entre les genres, des droits des personnes LGBTIQ+, de lutte contre le racisme, contre le harc\u00e8lement sexuel, etc.<\/p>\n\n\n\n<p><a href=\"https:\/\/www.unil.ch\/graduatecampus\" data-type=\"URL\" data-id=\"www.unil.ch\/graduatecampus\">Graduate Campus <\/a><br \/>Ce service est destin\u00e9 aux doctorant\u00b7e\u00b7s, postdoctorant\u00b7e\u00b7s, ainsi qu\u2019\u00e0 leurs superviseur\u00b7e\u00b7s. Il propose <a href=\"https:\/\/www.unil.ch\/graduatecampus\/home\/menuinst\/ateliers.html\" target=\"_blank\" rel=\"noreferrer noopener\">des ateliers<\/a> sp\u00e9cifiquement pens\u00e9s pour renforcer vos comp\u00e9tences durant votre s\u00e9jour \u00e0 l\u2019UNIL. Il offre \u00e9galement une \u00e9coute et des <a href=\"https:\/\/www.unil.ch\/graduatecampus\/home\/menuinst\/ateliers\/Individual%20consultations.html\" target=\"_blank\" rel=\"noreferrer noopener\">conseils individuels<\/a> sur les th\u00e8mes du doctorat, de la carri\u00e8re et de la supervision. Il peut orienter et aider en cas de doutes, conflits, ou questionnements professionnels.<\/p>\n\n\n\n<p><a href=\"https:\/\/www.unil.ch\/sasme\" data-type=\"URL\" data-id=\"www.unil.ch\/sasme\">Service des affaires sociales et de la mobilit\u00e9 \u00e9tudiante (SASME)<\/a><br \/>Vous trouverez sur le site Internet du SASME des informations sur le logement, les aides financi\u00e8res \u00e0 disposition des doctorant\u00b7e\u00b7s, la mobilit\u00e9 internationale, et les consultations psychoth\u00e9rapeutiques (offertes aux doctorant\u00b7e\u00b7s seulement).<\/p>\n\n\n\n<p><a href=\"https:\/\/www.unil.ch\/soc\" data-type=\"URL\" data-id=\"www.unil.ch\/soc\">Service d\u2019orientation et de conseil (SOC)<\/a><br \/>Vous trouverez sur le site Internet du SOC des informations sur les doctorats offerts par les diff\u00e9rentes facult\u00e9s de l\u2019UNIL (r\u00e8glements, programmes doctoraux, conventions de th\u00e8se, etc.), mais aussi sur les cours de fran\u00e7ais qu\u2019offre l\u2019UNIL.<\/p>\n\n\n\n<p><a href=\"https:\/\/www.unil.ch\/srh\" data-type=\"URL\" data-id=\"www.unil.ch\/srh\">Service des ressources humaines (SRH)<\/a><br \/>Sur le site Internet du SRH, vous trouverez notamment des informations sur le permis de s\u00e9jour, le cahier des charges, le certificat de travail, la pr\u00e9voyance professionnelle, la d\u00e9claration d\u2019imp\u00f4ts, les cong\u00e9s maternit\u00e9 et paternit\u00e9, les bar\u00e8mes de salaire, etc.<\/p>\n\n\n\n<hr class=\"wp-block-separator has-alpha-channel-opacity\" \/>\n\n\n\n<p>Le <a href=\"https:\/\/ssp-vpod.ch\" data-type=\"URL\" data-id=\"https:\/\/ssp-vpod.ch\">Syndicat des services publics (SSP\/VPOD)<\/a> peut aussi vous soutenir en cas de probl\u00e8me rencontr\u00e9 sur votre lieu de travail (contrat, harc\u00e8lement, discrimination, etc.). Veuillez toutefois noter qu&rsquo;il faut \u00eatre membre du syndicat pour b\u00e9n\u00e9ficier de son soutien.<\/p>\n","protected":false},"excerpt":{"rendered":"<p>Comme doctorant\u00b7e ou membre du corps interm\u00e9diaire \u00e0 l&rsquo;UNIL, ACIDUL peut vous aider en cas de difficult\u00e9 rencontr\u00e9e dans le cadre de la direction de th\u00e8se, en cas de mobbing, harc\u00e8lement moral ou sexuel, de questions concernant le contrat de travail, le permis de s\u00e9jour, les droits \u00e0 l&rsquo;indemnit\u00e9 de ch\u00f4mage, le cong\u00e9 maternit\u00e9 ou [&hellip;]<\/p>\n","protected":false},"author":1002600,"featured_media":0,"parent":0,"menu_order":0,"comment_status":"closed","ping_status":"closed","template":"","meta":{"_seopress_robots_primary_cat":"","_seopress_titles_title":"","_seopress_titles_desc":"","_seopress_robots_index":"","footnotes":"","_links_to":"","_links_to_target":""},"class_list":["post-4650","page","type-page","status-publish"],"_links":{"self":[{"href":"https:\/\/wp.unil.ch\/acidul\/wp-json\/wp\/v2\/pages\/4650","targetHints":{"allow":["GET"]}}],"collection":[{"href":"https:\/\/wp.unil.ch\/acidul\/wp-json\/wp\/v2\/pages"}],"about":[{"href":"https:\/\/wp.unil.ch\/acidul\/wp-json\/wp\/v2\/types\/page"}],"author":[{"embeddable":true,"href":"https:\/\/wp.unil.ch\/acidul\/wp-json\/wp\/v2\/users\/1002600"}],"replies":[{"embeddable":true,"href":"https:\/\/wp.unil.ch\/acidul\/wp-json\/wp\/v2\/comments?post=4650"}],"version-history":[{"count":4,"href":"https:\/\/wp.unil.ch\/acidul\/wp-json\/wp\/v2\/pages\/4650\/revisions"}],"predecessor-version":[{"id":4660,"href":"https:\/\/wp.unil.ch\/acidul\/wp-json\/wp\/v2\/pages\/4650\/revisions\/4660"}],"wp:attachment":[{"href":"https:\/\/wp.unil.ch\/acidul\/wp-json\/wp\/v2\/media?parent=4650"}],"curies":[{"name":"wp","href":"https:\/\/api.w.org\/{rel}","templated":true}]}}