{"id":4277,"date":"2024-08-28T16:40:03","date_gmt":"2024-08-28T14:40:03","guid":{"rendered":"https:\/\/wp.unil.ch\/acidul\/?page_id=4277"},"modified":"2026-05-12T14:26:18","modified_gmt":"2026-05-12T12:26:18","slug":"permis-de-sejour-apres-la-these","status":"publish","type":"page","link":"https:\/\/wp.unil.ch\/acidul\/permis-de-sejour-apres-la-these\/","title":{"rendered":"Permis de s\u00e9jour"},"content":{"rendered":"\n<p>Des informations sur les permis de s\u00e9jour en Suisse pour les chercheurs et chercheuses peuvent \u00eatre trouv\u00e9es sur le <a href=\"https:\/\/www.unil.ch\/unil\/fr\/home\/menuinst\/recherche\/soutien-recherche\/planifier-sa-carriere\/comment-proceder\/travailler-en-suisse\/ressortissants-de-l-ue-aele.html\">site<\/a> du Graduate Campus.<\/p>\n\n\n\n<p>Si vous vous demandez si vous avez droit au ch\u00f4mage en tant que ressortissante UE\/AELE\/non UE\/non AELE, vous trouverez des informations sur le <a href=\"https:\/\/www.swiss-immigration.net\/post\/doctorant-ou-post-doctorant-de-nationalit%C3%A9-extra-europ%C3%A9enne-ai-je-droit-aux-indemnit%C3%A9s-ch%C3%B4mage-au\">site<\/a> de Fiorella Deshogues, juriste sp\u00e9cialiste en droits des migrations.<\/p>\n","protected":false},"excerpt":{"rendered":"<p>Des informations sur les permis de s\u00e9jour en Suisse pour les chercheurs et chercheuses peuvent \u00eatre trouv\u00e9es sur le site du Graduate Campus. Si vous vous demandez si vous avez droit au ch\u00f4mage en tant que ressortissante UE\/AELE\/non UE\/non AELE, vous trouverez des informations sur le site de Fiorella Deshogues, juriste sp\u00e9cialiste en droits des [&hellip;]<\/p>\n","protected":false},"author":1002600,"featured_media":0,"parent":0,"menu_order":0,"comment_status":"closed","ping_status":"closed","template":"","meta":{"_seopress_robots_primary_cat":"","_seopress_titles_title":"","_seopress_titles_desc":"","_seopress_robots_index":"","_seopress_analysis_target_kw":"","footnotes":"","_links_to":"","_links_to_target":""},"class_list":["post-4277","page","type-page","status-publish"],"_links":{"self":[{"href":"https:\/\/wp.unil.ch\/acidul\/wp-json\/wp\/v2\/pages\/4277","targetHints":{"allow":["GET"]}}],"collection":[{"href":"https:\/\/wp.unil.ch\/acidul\/wp-json\/wp\/v2\/pages"}],"about":[{"href":"https:\/\/wp.unil.ch\/acidul\/wp-json\/wp\/v2\/types\/page"}],"author":[{"embeddable":true,"href":"https:\/\/wp.unil.ch\/acidul\/wp-json\/wp\/v2\/users\/1002600"}],"replies":[{"embeddable":true,"href":"https:\/\/wp.unil.ch\/acidul\/wp-json\/wp\/v2\/comments?post=4277"}],"version-history":[{"count":5,"href":"https:\/\/wp.unil.ch\/acidul\/wp-json\/wp\/v2\/pages\/4277\/revisions"}],"predecessor-version":[{"id":4882,"href":"https:\/\/wp.unil.ch\/acidul\/wp-json\/wp\/v2\/pages\/4277\/revisions\/4882"}],"wp:attachment":[{"href":"https:\/\/wp.unil.ch\/acidul\/wp-json\/wp\/v2\/media?parent=4277"}],"curies":[{"name":"wp","href":"https:\/\/api.w.org\/{rel}","templated":true}]}}