{"id":39,"date":"2010-02-19T13:57:54","date_gmt":"2010-02-19T12:57:54","guid":{"rendered":"http:\/\/wp.unil.ch\/acidul\/?page_id=39"},"modified":"2024-07-09T17:07:02","modified_gmt":"2024-07-09T15:07:02","slug":"f-a-q","status":"publish","type":"page","link":"https:\/\/wp.unil.ch\/acidul\/f-a-q\/","title":{"rendered":"Informations utiles"},"content":{"rendered":"\n<p>Cette page regroupe les questions qui nous sont le plus souvent adress\u00e9es ainsi que les r\u00e9ponses que nous y avons apport\u00e9es.<\/p>\n","protected":false},"excerpt":{"rendered":"<p>Cette page regroupe les questions qui nous sont le plus souvent adress\u00e9es ainsi que les r\u00e9ponses que nous y avons apport\u00e9es.<\/p>\n","protected":false},"author":197,"featured_media":0,"parent":0,"menu_order":8,"comment_status":"closed","ping_status":"closed","template":"","meta":{"_seopress_robots_primary_cat":"","_seopress_titles_title":"","_seopress_titles_desc":"","_seopress_robots_index":"","footnotes":"","_links_to":"","_links_to_target":""},"class_list":["post-39","page","type-page","status-publish"],"_links":{"self":[{"href":"https:\/\/wp.unil.ch\/acidul\/wp-json\/wp\/v2\/pages\/39","targetHints":{"allow":["GET"]}}],"collection":[{"href":"https:\/\/wp.unil.ch\/acidul\/wp-json\/wp\/v2\/pages"}],"about":[{"href":"https:\/\/wp.unil.ch\/acidul\/wp-json\/wp\/v2\/types\/page"}],"author":[{"embeddable":true,"href":"https:\/\/wp.unil.ch\/acidul\/wp-json\/wp\/v2\/users\/197"}],"replies":[{"embeddable":true,"href":"https:\/\/wp.unil.ch\/acidul\/wp-json\/wp\/v2\/comments?post=39"}],"version-history":[{"count":2,"href":"https:\/\/wp.unil.ch\/acidul\/wp-json\/wp\/v2\/pages\/39\/revisions"}],"predecessor-version":[{"id":3833,"href":"https:\/\/wp.unil.ch\/acidul\/wp-json\/wp\/v2\/pages\/39\/revisions\/3833"}],"wp:attachment":[{"href":"https:\/\/wp.unil.ch\/acidul\/wp-json\/wp\/v2\/media?parent=39"}],"curies":[{"name":"wp","href":"https:\/\/api.w.org\/{rel}","templated":true}]}}