{"id":3623,"date":"2024-02-20T09:52:40","date_gmt":"2024-02-20T08:52:40","guid":{"rendered":"https:\/\/wp.unil.ch\/acidul\/?page_id=3623"},"modified":"2024-03-26T15:39:03","modified_gmt":"2024-03-26T14:39:03","slug":"resultas-du-sondage-creation-de-postes-a-lunil","status":"publish","type":"page","link":"https:\/\/wp.unil.ch\/acidul\/resultas-du-sondage-creation-de-postes-a-lunil\/","title":{"rendered":"R\u00e9sultats du sondage : cr\u00e9ation de postes \u00e0 l&rsquo;UNIL"},"content":{"rendered":"\n<p>En d\u00e9cembre 2023, ACIDUL a lanc\u00e9 un sondage aupr\u00e8s de l\u2019ensemble des doctorant\u00b7e\u00b7s et membres du corps interm\u00e9diaire de l\u2019UNIL. L\u2019objectif \u00e9tait d\u2019identifier les besoins ressentis en termes de postes disponibles \u00e0 l\u2019Universit\u00e9, en partant du constat que les postes p\u00e9rennes dans les universit\u00e9s suisses sont rares.<\/p>\n\n\n\n<p>En effet, en Suisse, 80% du personnel acad\u00e9mique est embauch\u00e9 sur un contrat \u00e0 dur\u00e9e d\u00e9termin\u00e9e, de quelques mois \u00e0 quelques ann\u00e9es (voir le <a href=\"https:\/\/www.sagw.ch\/fileadmin\/redaktion_sagw\/dokumente\/Publikationen\/Berichte\/Next_Generation_Deutsch.pdf\">rapport de l\u2019ASSH, 2018<\/a>, bas\u00e9 sur ce <a href=\"https:\/\/www.sbfi.admin.ch\/dam\/sbfi\/de\/dokumente\/webshop\/2014\/massnahmen_zur_foerderungdeswissenschaftlichennachwuchsesindersc.pdf.download.pdf\/massnahmen_zur_foerderungdeswissenschaftlichennachwuchsesindersc.pdf\">document du SEFRI<\/a> ; voir \u00e9galement cet <a href=\"https:\/\/www.heidi.news\/sciences\/dans-les-universites-suisses-huit-chercheurs-sur-dix-n-ont-pas-de-contrat-fixe\">article de presse<\/a>). Apr\u00e8s une dizaine d\u2019ann\u00e9es de formation et des ann\u00e9es d\u2019exp\u00e9rience professionnelle, un grand nombre de chercheurs et chercheuses est contraint de quitter le monde acad\u00e9mique, faute de postes disponibles. On estime \u00e0 9% le nombre de docteur\u00b7e\u00b7s qui trouveront un poste fixe en Suisse par la suite (voir le dossier pr\u00e9par\u00e9 par P\u00e9tition Academia \u00ab&nbsp;<a href=\"https:\/\/campaign.petition-academia.ch\/wp-content\/uploads\/2021\/11\/Dossier-Petition-Academia_French_November.pdf\">Pour la cr\u00e9ation d\u2019emplois permanents dans le monde acad\u00e9mique&nbsp;: de meilleures conditions de recherche, d\u2019enseignement et de travail<\/a>&nbsp;\u00bb, 2021).<\/p>\n\n\n\n<p>En plus d\u2019\u00eatre un non-sens sur le plan \u00e9conomique, le d\u00e9part de ces personnes repr\u00e9sente une perte consid\u00e9rable pour la qualit\u00e9 de la science et de l\u2019enseignement tertiaire, la bonne marche des \u00e9quipes de recherche, et le suivi des \u00e9tudiant\u00b7e\u00b7s. De plus, nous savons que l\u2019incertitude \u00e0 l\u2019\u00e9gard de l\u2019avenir professionnel peut avoir des cons\u00e9quences catastrophiques sur la sant\u00e9 (d\u00e9pression, anxi\u00e9t\u00e9, <em>burnout<\/em>, etc. ; comme mentionn\u00e9 dans <a href=\"https:\/\/www.nature.com\/articles\/d41586-023-01703-9\">cette \u00e9tude<\/a>, par exemple), et rend plus vuln\u00e9rable aux comportements abusifs, tels que le harc\u00e8lement (voir <a href=\"https:\/\/www.thelancet.com\/journals\/eclinm\/article\/PIIS2589-5370(21)00401-6\/fulltext;\">cette \u00e9tude<\/a> et <a href=\"https:\/\/pure.rug.nl\/ws\/portalfiles\/portal\/246705054\/FEBS_Letters_2022_T_uber_Brea%20%20king_the_silence_around_academic_harassment.pdf\">cette \u00e9tude<\/a>).<\/p>\n\n\n\n<p>En 2024, notamment gr\u00e2ce au travail soutenu de l\u2019Association du corps interm\u00e9diaire de l\u2019Universit\u00e9 de Zurich, l\u2019UZH a cr\u00e9\u00e9 un <a href=\"https:\/\/issuu.com\/uzhch\/docs\/uzh_magazin_1_23\">nombre consid\u00e9rable de postes stables<\/a> au niveau du corps interm\u00e9diaire.<\/p>\n\n\n\n<p>ACIDUL souhaite lancer un projet similaire \u00e0 l\u2019UNIL. L\u2019Universit\u00e9 devrait-elle ouvrir de nouveaux postes au niveau du corps interm\u00e9diaire ou prioriser le niveau professoral&nbsp;? Et quels types de postes sont n\u00e9cessaires et souhait\u00e9s par les doctorant\u00b7e\u00b7s et membres du corps interm\u00e9diaire ?<\/p>\n\n\n\n<p>Le sondage a ferm\u00e9 le 31 janvier 2024. Vous trouverez ci-dessous les principaux r\u00e9sultats, qui seront bient\u00f4t discut\u00e9s avec les associations du corps interm\u00e9diaire au niveau des facult\u00e9s et pr\u00e9sent\u00e9s \u00e0 la Direction de l\u2019UNIL.<\/p>\n\n\n\n<p>Un tr\u00e8s grand merci aux 423 personnes qui ont particip\u00e9 \u00e0 ce sondage et partag\u00e9 leur avis&nbsp;!<\/p>\n\n\n\n<hr class=\"wp-block-separator has-alpha-channel-opacity\" \/>\n\n\n\n<figure class=\"wp-block-gallery has-nested-images columns-default is-cropped wp-block-gallery-1 is-layout-flex wp-block-gallery-is-layout-flex\">\n<figure class=\"wp-block-image size-large\"><a href=\"https:\/\/wp.unil.ch\/acidul\/files\/2024\/02\/Quelle-est-votre-fonction-a-lUNIL.png\"><img alt=\"\" loading=\"lazy\" decoding=\"async\" width=\"1024\" height=\"668\" data-id=\"3592\" src=\"https:\/\/wp.unil.ch\/acidul\/files\/2024\/02\/Quelle-est-votre-fonction-a-lUNIL-1024x668.png\" alt=\"\" class=\"wp-image-3592\" srcset=\"https:\/\/wp.unil.ch\/acidul\/files\/2024\/02\/Quelle-est-votre-fonction-a-lUNIL-1024x668.png 1024w, https:\/\/wp.unil.ch\/acidul\/files\/2024\/02\/Quelle-est-votre-fonction-a-lUNIL-300x196.png 300w, https:\/\/wp.unil.ch\/acidul\/files\/2024\/02\/Quelle-est-votre-fonction-a-lUNIL-768x501.png 768w, https:\/\/wp.unil.ch\/acidul\/files\/2024\/02\/Quelle-est-votre-fonction-a-lUNIL.png 1432w\" sizes=\"auto, (max-width: 1024px) 100vw, 1024px\" \/><\/a><\/figure>\n<\/figure>\n\n\n\n<figure class=\"wp-block-gallery has-nested-images columns-default is-cropped wp-block-gallery-2 is-layout-flex wp-block-gallery-is-layout-flex\">\n<figure class=\"wp-block-image size-large\"><a href=\"https:\/\/wp.unil.ch\/acidul\/files\/2024\/02\/Dans-quelle-faculte-travaillez-vous.png\"><img alt=\"\" loading=\"lazy\" decoding=\"async\" width=\"1024\" height=\"614\" data-id=\"3593\" src=\"https:\/\/wp.unil.ch\/acidul\/files\/2024\/02\/Dans-quelle-faculte-travaillez-vous-1024x614.png\" alt=\"\" class=\"wp-image-3593\" srcset=\"https:\/\/wp.unil.ch\/acidul\/files\/2024\/02\/Dans-quelle-faculte-travaillez-vous-1024x614.png 1024w, https:\/\/wp.unil.ch\/acidul\/files\/2024\/02\/Dans-quelle-faculte-travaillez-vous-300x180.png 300w, https:\/\/wp.unil.ch\/acidul\/files\/2024\/02\/Dans-quelle-faculte-travaillez-vous-768x460.png 768w, https:\/\/wp.unil.ch\/acidul\/files\/2024\/02\/Dans-quelle-faculte-travaillez-vous-1536x920.png 1536w, https:\/\/wp.unil.ch\/acidul\/files\/2024\/02\/Dans-quelle-faculte-travaillez-vous.png 1602w\" sizes=\"auto, (max-width: 1024px) 100vw, 1024px\" \/><\/a><\/figure>\n<\/figure>\n\n\n\n<figure class=\"wp-block-gallery has-nested-images columns-default is-cropped wp-block-gallery-3 is-layout-flex wp-block-gallery-is-layout-flex\">\n<figure class=\"wp-block-image size-large\"><a href=\"https:\/\/wp.unil.ch\/acidul\/files\/2024\/02\/A-mon-avis-lUNIL-devrait-1.png\"><img alt=\"\" loading=\"lazy\" decoding=\"async\" width=\"1024\" height=\"550\" data-id=\"3594\" src=\"https:\/\/wp.unil.ch\/acidul\/files\/2024\/02\/A-mon-avis-lUNIL-devrait-1-1024x550.png\" alt=\"\" class=\"wp-image-3594\" srcset=\"https:\/\/wp.unil.ch\/acidul\/files\/2024\/02\/A-mon-avis-lUNIL-devrait-1-1024x550.png 1024w, https:\/\/wp.unil.ch\/acidul\/files\/2024\/02\/A-mon-avis-lUNIL-devrait-1-300x161.png 300w, https:\/\/wp.unil.ch\/acidul\/files\/2024\/02\/A-mon-avis-lUNIL-devrait-1-768x412.png 768w, https:\/\/wp.unil.ch\/acidul\/files\/2024\/02\/A-mon-avis-lUNIL-devrait-1-1536x824.png 1536w, https:\/\/wp.unil.ch\/acidul\/files\/2024\/02\/A-mon-avis-lUNIL-devrait-1.png 1938w\" sizes=\"auto, (max-width: 1024px) 100vw, 1024px\" \/><\/a><\/figure>\n<\/figure>\n\n\n\n<figure class=\"wp-block-gallery has-nested-images columns-default is-cropped wp-block-gallery-4 is-layout-flex wp-block-gallery-is-layout-flex\">\n<figure class=\"wp-block-image size-large\"><a href=\"https:\/\/wp.unil.ch\/acidul\/files\/2024\/02\/A-mon-avis-lUNIL-devrait-detail-1-1.png\"><img alt=\"\" loading=\"lazy\" decoding=\"async\" width=\"1024\" height=\"541\" data-id=\"3615\" src=\"https:\/\/wp.unil.ch\/acidul\/files\/2024\/02\/A-mon-avis-lUNIL-devrait-detail-1-1-1024x541.png\" alt=\"\" class=\"wp-image-3615\" srcset=\"https:\/\/wp.unil.ch\/acidul\/files\/2024\/02\/A-mon-avis-lUNIL-devrait-detail-1-1-1024x541.png 1024w, https:\/\/wp.unil.ch\/acidul\/files\/2024\/02\/A-mon-avis-lUNIL-devrait-detail-1-1-300x159.png 300w, https:\/\/wp.unil.ch\/acidul\/files\/2024\/02\/A-mon-avis-lUNIL-devrait-detail-1-1-768x406.png 768w, https:\/\/wp.unil.ch\/acidul\/files\/2024\/02\/A-mon-avis-lUNIL-devrait-detail-1-1-1536x812.png 1536w, https:\/\/wp.unil.ch\/acidul\/files\/2024\/02\/A-mon-avis-lUNIL-devrait-detail-1-1.png 1922w\" sizes=\"auto, (max-width: 1024px) 100vw, 1024px\" \/><\/a><\/figure>\n<\/figure>\n\n\n\n<figure class=\"wp-block-gallery has-nested-images columns-default is-cropped wp-block-gallery-5 is-layout-flex wp-block-gallery-is-layout-flex\">\n<figure class=\"wp-block-image size-large\"><a href=\"https:\/\/wp.unil.ch\/acidul\/files\/2024\/02\/A-mon-avis-lUNIL-devrait-2-1.png\"><img alt=\"\" loading=\"lazy\" decoding=\"async\" width=\"1024\" height=\"573\" data-id=\"3616\" src=\"https:\/\/wp.unil.ch\/acidul\/files\/2024\/02\/A-mon-avis-lUNIL-devrait-2-1-1024x573.png\" alt=\"\" class=\"wp-image-3616\" srcset=\"https:\/\/wp.unil.ch\/acidul\/files\/2024\/02\/A-mon-avis-lUNIL-devrait-2-1-1024x573.png 1024w, https:\/\/wp.unil.ch\/acidul\/files\/2024\/02\/A-mon-avis-lUNIL-devrait-2-1-300x168.png 300w, https:\/\/wp.unil.ch\/acidul\/files\/2024\/02\/A-mon-avis-lUNIL-devrait-2-1-768x430.png 768w, https:\/\/wp.unil.ch\/acidul\/files\/2024\/02\/A-mon-avis-lUNIL-devrait-2-1-1536x859.png 1536w, https:\/\/wp.unil.ch\/acidul\/files\/2024\/02\/A-mon-avis-lUNIL-devrait-2-1.png 1924w\" sizes=\"auto, (max-width: 1024px) 100vw, 1024px\" \/><\/a><\/figure>\n<\/figure>\n\n\n\n<figure class=\"wp-block-gallery has-nested-images columns-default is-cropped wp-block-gallery-6 is-layout-flex wp-block-gallery-is-layout-flex\">\n<figure class=\"wp-block-image size-large\"><a href=\"https:\/\/wp.unil.ch\/acidul\/files\/2024\/02\/Compte-tenu-du-fait-que-les-salaires-1-2.png\"><img alt=\"\" loading=\"lazy\" decoding=\"async\" width=\"1024\" height=\"612\" data-id=\"3628\" src=\"https:\/\/wp.unil.ch\/acidul\/files\/2024\/02\/Compte-tenu-du-fait-que-les-salaires-1-2-1024x612.png\" alt=\"\" class=\"wp-image-3628\" srcset=\"https:\/\/wp.unil.ch\/acidul\/files\/2024\/02\/Compte-tenu-du-fait-que-les-salaires-1-2-1024x612.png 1024w, https:\/\/wp.unil.ch\/acidul\/files\/2024\/02\/Compte-tenu-du-fait-que-les-salaires-1-2-300x179.png 300w, https:\/\/wp.unil.ch\/acidul\/files\/2024\/02\/Compte-tenu-du-fait-que-les-salaires-1-2-768x459.png 768w, https:\/\/wp.unil.ch\/acidul\/files\/2024\/02\/Compte-tenu-du-fait-que-les-salaires-1-2-1536x918.png 1536w, https:\/\/wp.unil.ch\/acidul\/files\/2024\/02\/Compte-tenu-du-fait-que-les-salaires-1-2.png 1726w\" sizes=\"auto, (max-width: 1024px) 100vw, 1024px\" \/><\/a><\/figure>\n<\/figure>\n\n\n\n<figure class=\"wp-block-gallery has-nested-images columns-default is-cropped wp-block-gallery-7 is-layout-flex wp-block-gallery-is-layout-flex\">\n<figure class=\"wp-block-image size-large\"><a href=\"https:\/\/wp.unil.ch\/acidul\/files\/2024\/02\/Compte-tenu-du-fait-que-les-salaires.-2-2.png\"><img alt=\"\" loading=\"lazy\" decoding=\"async\" width=\"1024\" height=\"566\" data-id=\"3629\" src=\"https:\/\/wp.unil.ch\/acidul\/files\/2024\/02\/Compte-tenu-du-fait-que-les-salaires.-2-2-1024x566.png\" alt=\"\" class=\"wp-image-3629\" srcset=\"https:\/\/wp.unil.ch\/acidul\/files\/2024\/02\/Compte-tenu-du-fait-que-les-salaires.-2-2-1024x566.png 1024w, https:\/\/wp.unil.ch\/acidul\/files\/2024\/02\/Compte-tenu-du-fait-que-les-salaires.-2-2-300x166.png 300w, https:\/\/wp.unil.ch\/acidul\/files\/2024\/02\/Compte-tenu-du-fait-que-les-salaires.-2-2-768x424.png 768w, https:\/\/wp.unil.ch\/acidul\/files\/2024\/02\/Compte-tenu-du-fait-que-les-salaires.-2-2-1536x849.png 1536w, https:\/\/wp.unil.ch\/acidul\/files\/2024\/02\/Compte-tenu-du-fait-que-les-salaires.-2-2.png 1864w\" sizes=\"auto, (max-width: 1024px) 100vw, 1024px\" \/><\/a><\/figure>\n<\/figure>\n","protected":false},"excerpt":{"rendered":"<p>En d\u00e9cembre 2023, ACIDUL a lanc\u00e9 un sondage aupr\u00e8s de l\u2019ensemble des doctorant\u00b7e\u00b7s et membres du corps interm\u00e9diaire de l\u2019UNIL. L\u2019objectif \u00e9tait d\u2019identifier les besoins ressentis en termes de postes disponibles \u00e0 l\u2019Universit\u00e9, en partant du constat que les postes p\u00e9rennes dans les universit\u00e9s suisses sont rares. En effet, en Suisse, 80% du personnel acad\u00e9mique [&hellip;]<\/p>\n","protected":false},"author":1002600,"featured_media":0,"parent":0,"menu_order":0,"comment_status":"closed","ping_status":"closed","template":"","meta":{"_seopress_robots_primary_cat":"","_seopress_titles_title":"","_seopress_titles_desc":"","_seopress_robots_index":"","footnotes":"","_links_to":"","_links_to_target":""},"class_list":["post-3623","page","type-page","status-publish"],"_links":{"self":[{"href":"https:\/\/wp.unil.ch\/acidul\/wp-json\/wp\/v2\/pages\/3623","targetHints":{"allow":["GET"]}}],"collection":[{"href":"https:\/\/wp.unil.ch\/acidul\/wp-json\/wp\/v2\/pages"}],"about":[{"href":"https:\/\/wp.unil.ch\/acidul\/wp-json\/wp\/v2\/types\/page"}],"author":[{"embeddable":true,"href":"https:\/\/wp.unil.ch\/acidul\/wp-json\/wp\/v2\/users\/1002600"}],"replies":[{"embeddable":true,"href":"https:\/\/wp.unil.ch\/acidul\/wp-json\/wp\/v2\/comments?post=3623"}],"version-history":[{"count":4,"href":"https:\/\/wp.unil.ch\/acidul\/wp-json\/wp\/v2\/pages\/3623\/revisions"}],"predecessor-version":[{"id":3674,"href":"https:\/\/wp.unil.ch\/acidul\/wp-json\/wp\/v2\/pages\/3623\/revisions\/3674"}],"wp:attachment":[{"href":"https:\/\/wp.unil.ch\/acidul\/wp-json\/wp\/v2\/media?parent=3623"}],"curies":[{"name":"wp","href":"https:\/\/api.w.org\/{rel}","templated":true}]}}