{"id":3517,"date":"2024-01-24T14:51:49","date_gmt":"2024-01-24T13:51:49","guid":{"rendered":"https:\/\/wp.unil.ch\/acidul\/?page_id=3517"},"modified":"2024-02-06T12:42:51","modified_gmt":"2024-02-06T11:42:51","slug":"funding-a-phd-or-postdoctorate","status":"publish","type":"page","link":"https:\/\/wp.unil.ch\/acidul\/funding-a-phd-or-postdoctorate\/","title":{"rendered":"Funding a PhD or a postdoc"},"content":{"rendered":"\n<p>Finding funding for a doctoral or postdoctoral research often feels like an uphill battle. Funding sources are limited, and project submission deadlines vary from one place to another, not to mention scholarships and subsidies that are specific to particular fields or target a specific category of researchers.<\/p>\n\n\n\n<p>Below, you will find some information on funding opportunities at UNIL for both doctoral and postdoctoral research.<\/p>\n\n\n\n<h2 class=\"wp-block-heading\">Funding a PhD<\/h2>\n\n\n\n<p>If you wish to pursue a PhD at UNIL, several funding options are available to you:<\/p>\n\n\n\n<ul class=\"wp-block-list\">\n<li>You can find a position as a graduate assistant (<em>assistant\u00b7e dipl\u00f4m\u00e9\u00b7e<\/em>) by checking UNIL&rsquo;s <a href=\"https:\/\/career5.successfactors.eu\/career?company=universitdP&amp;career_ns=job_listing_summary&amp;navBarLevel=JOB_SEARCH&amp;_s.crb=PsccOVQ6GYtc2oETUbXzVmM3LAk%3d\">job offers<\/a><\/li>\n\n\n\n<li>You can be hired as a PhD student on a SNSF (or other external funding) project by a professor. These positions are generally advertised <a href=\"https:\/\/career5.successfactors.eu\/career?company=universitdP&amp;career_ns=job_listing_summary&amp;navBarLevel=JOB_SEARCH&amp;_s.crb=PsccOVQ6GYtc2oETUbXzVmM3LAk%3d\">here<\/a><\/li>\n\n\n\n<li>You can choose to self-finance your PhD by working alongside it, e.g., as a teacher in a school<\/li>\n\n\n\n<li>You can find another means of funding, such as a scholarship or grant<br \/><\/li>\n<\/ul>\n\n\n\n<p>Please note that <strong>a minimum income of 2500 Swiss francs per month<\/strong> is necessary to live decently in Switzerland. We strongly advise you to discuss your funding options with your supervisor <span style=\"text-decoration: underline\">before<\/span> you start your PhD. <\/p>\n\n\n\n<p>The following pages provide information on available scholarships at UNIL:<\/p>\n\n\n\n<ul class=\"wp-block-list\">\n<li><a href=\"https:\/\/www.unil.ch\/researcher\/home\/menuinst\/funding\/fonds-hebergees-a-la-direction-de-lunil.html\">Foundations hosted by UNIL&rsquo;s rectorate<\/a><\/li>\n\n\n\n<li><a href=\"https:\/\/www.unil.ch\/researcher\/foundations\">Institutions that support researchers at UNIL <\/a><\/li>\n<\/ul>\n\n\n\n<p>Foreign nationals are also eligible for the following scholarships, although the <strong>amounts that are offered are insufficient to live in Switzerland<\/strong>:<\/p>\n\n\n\n<ul class=\"wp-block-list\">\n<li><a href=\"https:\/\/www.sbfi.admin.ch\/sbfi\/en\/home\/education\/scholarships-and-grants\/swiss-government-excellence-scholarships.html\">Swiss Government Excellence Scholarship<\/a><\/li>\n\n\n\n<li><a href=\"https:\/\/www.chinesescholarshipcouncil.com\/\">China Scholarship Council<\/a><\/li>\n\n\n\n<li><a href=\"https:\/\/knb.kemdikbud.go.id\/\">Scholarship from the Republic of Indonesia<\/a><\/li>\n<\/ul>\n\n\n\n<p>If you are the recipient of one of these three scholarships, you can apply for a <a href=\"https:\/\/www.unil.ch\/graduatecampus\/home\/menuinst\/doctorantes\/avant-le-doctorat\/financer-son-doctorat.html\">complementary scholarship<\/a> (<em>bourse compl\u00e9mentaire<\/em>) from UNIL.<\/p>\n\n\n\n<p>You can also find information on funding opportunities, including outside of UNIL and Switzerland, at the following links:<\/p>\n\n\n\n<ul class=\"wp-block-list\">\n<li><a href=\"https:\/\/www.open4research.eu\/lausanne\">open4research<\/a> \u2013 a tool developed by UNIL to find research funds<\/li>\n\n\n\n<li><a href=\"https:\/\/www.fundraiso.ch\/en\">fundraiso<\/a> \u2013 an online portal for finding foundations and benefactors.<\/li>\n<\/ul>\n\n\n\n<h2 class=\"wp-block-heading\">Funding postdoctoral research<\/h2>\n\n\n\n<p>To pursue a postdoctoral position at the University of Lausanne, you have the following options:<\/p>\n\n\n\n<ul class=\"wp-block-list\">\n<li>You can find a position as a first assistant, senior SNSF researcher, or <em>ma\u00eetre assistant<\/em>. Job offers for these positions can be viewed <a href=\"https:\/\/career5.successfactors.eu\/career?company=universitdP&amp;career_ns=job_listing_summary&amp;navBarLevel=JOB_SEARCH&amp;_s.crb=PsccOVQ6GYtc2oETUbXzVmM3LAk%3d\">here<\/a><\/li>\n\n\n\n<li>You can secure funding from a foundation (see <a href=\"https:\/\/www.unil.ch\/researcher\/home\/menuinst\/funding\/fonds-hebergees-a-la-direction-de-lunil.html\">this page<\/a> and <a href=\"https:\/\/www.unil.ch\/researcher\/foundations\">this page<\/a>)<\/li>\n\n\n\n<li>You can submit a project to the <a href=\"https:\/\/www.snf.ch\/en\/m1NtWp4nTELQixlu\/funding\/horizon-europe-swiss-postdoctoral-fellowships\">Swiss National Science Foundation<\/a> (SNSF)<\/li>\n<\/ul>\n\n\n\n<p>Feel free to contact the <a href=\"https:\/\/www.unil.ch\/researcher\/Contacts\">research consultants<\/a> of your faculty for personalized advice.<\/p>\n\n\n\n<h2 class=\"wp-block-heading\">Private vs public funding<\/h2>\n\n\n\n<p>In 2022, ACIDUL, in collaboration with the&nbsp;Service Recherche&nbsp;and the Graduate Campus, looked into&nbsp;private funding of research&nbsp;(by foundations, associations, NGOs, etc.) at UNIL.&nbsp;To better understand&nbsp;the extent of this support&nbsp;and the conditions under which it is granted, an online&nbsp;survey&nbsp;was sent to&nbsp;PhD&nbsp;students and&nbsp;the mid-level academic staff, including ALUMNIL.&nbsp;Questions&nbsp;concerned, for instance,&nbsp;the type of funding (research&nbsp;project with salary; research expenses;&nbsp;research&nbsp;project with third-party salary; conference, etc.;&nbsp;research&nbsp;stay outside&nbsp;of&nbsp;UNIL; other), the amount requested, and the answer obtained.<\/p>\n\n\n\n<p>Several results are worth sharing.<\/p>\n\n\n\n<p>First of all, requests for funding by private organizations \u2013 which therefore exclude funds granted by UNIL and the Swiss National Science Foundation (SNSF) \u2013&nbsp;mainly&nbsp;come from the Faculty of Biology and Medicine.&nbsp;Such a&nbsp;finding is not surprising&nbsp;given that&nbsp;the faculty has long called on private donors.&nbsp;Moreover, projects with a salary make up most applications,&nbsp;which confirms the&nbsp;scarcity&nbsp;of public funding&nbsp;offers today. Next are applications for research costs (e.g. field work,&nbsp;visits to&nbsp;archives, publication&nbsp;fees), followed by projects with third-party salaries, which allow to fund other researchers.<\/p>\n\n\n\n<p>Candidates&nbsp;submitted applications for funding to 56&nbsp;different&nbsp;organizations. Among these, the most solicited are the&nbsp;<em>Soci\u00e9t\u00e9 acad\u00e9mique vaudoise<\/em>, the&nbsp;<em>Emma Muschamp Foundation<\/em>, the&nbsp;<em>Novartis Foundation for Medical-Biological Research<\/em>&nbsp;and the&nbsp;<em>Erna Hamburger Foundation<\/em>.<\/p>\n\n\n\n<p>Regarding the status of the&nbsp;candidates&nbsp;at the time of application, 57% of them were without a contract. In other words, they&nbsp;did not have any kind of&nbsp;public funding.&nbsp;PhD&nbsp;students who&nbsp;do not have or no longer have funding are over-represented.<\/p>\n\n\n\n<p>Furthermore, it appears&nbsp;that 60% of applications did not result in&nbsp;any&nbsp;funding&nbsp;at all, and only a quarter of applications&nbsp;could have&nbsp;funded&nbsp;a little less than a year\u2019s salary for a&nbsp;PhD&nbsp;student had&nbsp;they&nbsp;been successful. The most generous organizations are the following:&nbsp;<em>Fondation Leenaards<\/em>,&nbsp;<em>Bryn Turner-Samules Foundation<\/em>,&nbsp;<em>Swiss Lung Association<\/em>,&nbsp;<em>Emma Muschamp Foundation<\/em>.<\/p>\n\n\n\n<p>Finally, it should be noted that few people responded to&nbsp;our survey compared with the number that received it (between 4000 and 4500 people).&nbsp;Could such a&nbsp;low response rate indicate a low rate of demand for this type of funding&nbsp;at UNIL? Besides, there seems to be a certain confusion between public and private funding. Indeed, many responses had to be discarded because they&nbsp;concerned&nbsp;public funding.<\/p>\n\n\n\n<p>In any case, it is good to keep in mind that <strong>most of the time private funding can only support research and not actually fund salaries for researchers<\/strong>.<\/p>\n","protected":false},"excerpt":{"rendered":"<p>Finding funding for a doctoral or postdoctoral research often feels like an uphill battle. Funding sources are limited, and project submission deadlines vary from one place to another, not to mention scholarships and subsidies that are specific to particular fields or target a specific category of researchers. Below, you will find some information on funding [&hellip;]<\/p>\n","protected":false},"author":1002600,"featured_media":0,"parent":0,"menu_order":0,"comment_status":"closed","ping_status":"closed","template":"","meta":{"_seopress_robots_primary_cat":"","_seopress_titles_title":"","_seopress_titles_desc":"","_seopress_robots_index":"","footnotes":"","_links_to":"","_links_to_target":""},"class_list":["post-3517","page","type-page","status-publish"],"_links":{"self":[{"href":"https:\/\/wp.unil.ch\/acidul\/wp-json\/wp\/v2\/pages\/3517","targetHints":{"allow":["GET"]}}],"collection":[{"href":"https:\/\/wp.unil.ch\/acidul\/wp-json\/wp\/v2\/pages"}],"about":[{"href":"https:\/\/wp.unil.ch\/acidul\/wp-json\/wp\/v2\/types\/page"}],"author":[{"embeddable":true,"href":"https:\/\/wp.unil.ch\/acidul\/wp-json\/wp\/v2\/users\/1002600"}],"replies":[{"embeddable":true,"href":"https:\/\/wp.unil.ch\/acidul\/wp-json\/wp\/v2\/comments?post=3517"}],"version-history":[{"count":5,"href":"https:\/\/wp.unil.ch\/acidul\/wp-json\/wp\/v2\/pages\/3517\/revisions"}],"predecessor-version":[{"id":3573,"href":"https:\/\/wp.unil.ch\/acidul\/wp-json\/wp\/v2\/pages\/3517\/revisions\/3573"}],"wp:attachment":[{"href":"https:\/\/wp.unil.ch\/acidul\/wp-json\/wp\/v2\/media?parent=3517"}],"curies":[{"name":"wp","href":"https:\/\/api.w.org\/{rel}","templated":true}]}}