{"id":3509,"date":"2024-01-24T14:52:11","date_gmt":"2024-01-24T13:52:11","guid":{"rendered":"https:\/\/wp.unil.ch\/acidul\/?page_id=3509"},"modified":"2026-04-29T12:22:10","modified_gmt":"2026-04-29T10:22:10","slug":"financer-une-these-ou-postdoctorat","status":"publish","type":"page","link":"https:\/\/wp.unil.ch\/acidul\/financer-une-these-ou-postdoctorat\/","title":{"rendered":"Financer une th\u00e8se ou un postdoctorat"},"content":{"rendered":"\n<p>Trouver un financement pour une th\u00e8se ou un postdoctorat rel\u00e8ve souvent du parcours du combattant. Les sources de financement sont limit\u00e9es et les d\u00e9lais pour soumettre un projet diff\u00e8rent d&rsquo;un endroit \u00e0 un autre, sans parler d&rsquo;instruments qui ne concernent qu&rsquo;un seul domaine ou qui ne s&rsquo;adressent qu&rsquo;\u00e0 une cat\u00e9gorie de personnes. <\/p>\n\n\n\n<p>Vous trouverez ci-dessous des informations sur les possibilit\u00e9s de financement \u00e0 l&rsquo;UNIL pour la th\u00e8se et le postdoctorat.<\/p>\n\n\n\n<hr class=\"wp-block-separator has-alpha-channel-opacity\" \/>\n\n\n\n<h2 class=\"wp-block-heading\">Pour le doctorat<\/h2>\n\n\n\n<p>Si vous souhaitez faire une th\u00e8se \u00e0 l&rsquo;UNIL, plusieurs options de financement s&rsquo;offrent \u00e0 vous :<\/p>\n\n\n\n<ul class=\"wp-block-list\">\n<li>vous trouvez un poste d&rsquo;assistant\u00b7e dipl\u00f4m\u00e9\u00b7e \u00e0 l&rsquo;UNIL, ceci en consultant les <a href=\"https:\/\/career5.successfactors.eu\/career?company=universitdP&amp;career_ns=job_listing_summary&amp;navBarLevel=JOB_SEARCH&amp;_s.crb=PsccOVQ6GYtc2oETUbXzVmM3LAk%3d\">offres d&#8217;emploi<\/a><\/li>\n\n\n\n<li>vous \u00eates engag\u00e9\u00b7e comme doctorant\u00b7e sur un projet FNS (ou autres fonds externes) par un ou une professeur\u00b7e. Ces postes sont en g\u00e9n\u00e9ral mis au concours et affich\u00e9s <a href=\"https:\/\/career5.successfactors.eu\/career?company=universitdP&amp;career_ns=job_listing_summary&amp;navBarLevel=JOB_SEARCH&amp;_s.crb=PsccOVQ6GYtc2oETUbXzVmM3LAk%3d\">ici<\/a><\/li>\n\n\n\n<li>vous financez vous-m\u00eame votre th\u00e8se, en travaillant \u00e0 c\u00f4t\u00e9 de celle-ci, par exemple comme enseignant\u00b7e dans une \u00e9cole<\/li>\n\n\n\n<li>vous trouvez un autre moyen de financement, par exemple une bourse ou un subside<\/li>\n<\/ul>\n\n\n\n<p>Veuillez prendre note du fait que, pour vivre d\u00e9cemment en Suisse, il faut compter <strong>au minimum 2500 francs par mois<\/strong>. Nous vous conseillons vivement d&rsquo;avoir une discussion avec votre directeur ou directrice de th\u00e8se sur vos moyens de financement <span style=\"text-decoration: underline\">avant<\/span> le d\u00e9but de votre th\u00e8se.<\/p>\n\n\n\n<p>Les pages suivantes donnent des informations sur les bourses \u00e0 disposition \u00e0 l&rsquo;UNIL :<\/p>\n\n\n\n<ul class=\"wp-block-list\">\n<li><a href=\"https:\/\/www.unil.ch\/researcher\/fondations-direction\">Fondations h\u00e9berg\u00e9es par la Direction de l&rsquo;UNIL<\/a><\/li>\n\n\n\n<li><a href=\"https:\/\/www.unil.ch\/researcher\/fondations\">Institutions soutenant les chercheurs et chercheuses de l&rsquo;UNIL<\/a><\/li>\n<\/ul>\n\n\n\n<p>Les personnes \u00e9trang\u00e8res sont \u00e9galement \u00e9ligibles aux bourses suivantes, dont <strong>les montants sont n\u00e9anmoins insuffisants pour vivre<\/strong> en Suisse :<\/p>\n\n\n\n<ul class=\"wp-block-list\">\n<li><a href=\"https:\/\/www.sbfi.admin.ch\/sbfi\/fr\/home\/formation\/bourses\/bourses-d-excellence-de-la-confederation.html\">Bourse d&rsquo;excellence de la Conf\u00e9d\u00e9ration suisse<\/a> <\/li>\n\n\n\n<li><a href=\"https:\/\/www.chinesescholarshipcouncil.com\/\">China Scholarship Council<\/a><\/li>\n\n\n\n<li><a href=\"https:\/\/knb.kemdikbud.go.id\/\">Scholarship from the Republic of Indonesia<\/a><\/li>\n<\/ul>\n\n\n\n<p>Si vous \u00eates au b\u00e9n\u00e9fice de l&rsquo;une de ces trois bourses, votre directeur ou directrice de th\u00e8se peut vous proposer un contrat PAT \u00e0 un maximum de 20%, ou vous pouvez vous-m\u00eame d\u00e9poser une <a href=\"https:\/\/www.unil.ch\/unil\/fr\/home\/menuinst\/recherche\/soutien-recherche\/doctorat\/avant-de-debuter-un-doctorat\/financer-son-doctorat.html\">demande de bourse compl\u00e9mentaire<\/a> aupr\u00e8s de l&rsquo;UNIL.<\/p>\n\n\n\n<p>Vous pourrez \u00e9galement trouver des informations sur les opportunit\u00e9s de financement, y compris en dehors de l&rsquo;UNIL et de la  Suisse, aux liens suivants :<\/p>\n\n\n\n<ul class=\"wp-block-list\">\n<li><a href=\"https:\/\/www.open4research.eu\/lausanne\">open4research<\/a> &#8211; un outil d\u00e9velopp\u00e9 par l&rsquo;UNIL pour trouver des fonds de recherche<\/li>\n\n\n\n<li><a href=\"https:\/\/www.fundraiso.ch\/fr\/\">fundraiso<\/a> &#8211; portail en ligne pour la recherche de fondations et de m\u00e9c\u00e8nes<\/li>\n<\/ul>\n\n\n\n<h2 class=\"wp-block-heading\">Pour un postdoctorat<\/h2>\n\n\n\n<p>Pour faire un postdoctorat \u00e0 l&rsquo;Universit\u00e9 de Lausanne, vous avez les options suivantes : <\/p>\n\n\n\n<ul class=\"wp-block-list\">\n<li>vous trouvez un poste de premier ou premi\u00e8re assistant\u00b7e, de chercheur ou chercheuse FNS senior ou de ma\u00eetre assistant\u00b7e. Les offres d&#8217;emploi pour ces postes peuvent \u00eatre consult\u00e9es <a href=\"https:\/\/career5.successfactors.eu\/career?company=universitdP&amp;career_ns=job_listing_summary&amp;navBarLevel=JOB_SEARCH&amp;_s.crb=PsccOVQ6GYtc2oETUbXzVmM3LAk%3d\">ici<\/a><\/li>\n\n\n\n<li>vous obtenez un financement de la part d&rsquo;une fondation (voir <a href=\"https:\/\/www.unil.ch\/researcher\/financement\" target=\"_blank\" rel=\"noreferrer noopener\">cette page<\/a> et <a href=\"https:\/\/www.unil.ch\/researcher\/fr\/home\/menuguid\/funding-for-phd--post-doc.html\">cette page<\/a>)<\/li>\n\n\n\n<li>vous soumettez un projet au <a href=\"https:\/\/www.snf.ch\/fr\/m1NtWp4nTELQixlu\/encouragement\/horizon-europe-swiss-postdoctoral-fellowships\">Fonds national suisse<\/a> (FNS)<\/li>\n<\/ul>\n\n\n\n<p>N&rsquo;h\u00e9sitez pas \u00e0 contacter les <a href=\"https:\/\/www.unil.ch\/researcher\/Contact\">consultants et consultantes de recherche de votre facult\u00e9<\/a> pour avoir des conseils personnalis\u00e9s.<\/p>\n\n\n\n<h2 class=\"wp-block-heading\">Financements priv\u00e9s vs publics<\/h2>\n\n\n\n<p>En 2022, en collaboration avec le Service Recherche et le Graduate Campus, ACIDUL s\u2019est pench\u00e9e sur les financements priv\u00e9s (fondations, associations, ONG, etc.) de la recherche \u00e0 l\u2019UNIL.&nbsp;Pour mieux saisir la place que prenaient ces&nbsp;soutiens&nbsp;et les conditions dans lesquelles&nbsp;ils&nbsp;\u00e9taient octroy\u00e9s, un questionnaire&nbsp;en ligne&nbsp;a \u00e9t\u00e9 envoy\u00e9 aux&nbsp;doctorant\u00b7e\u00b7s et membres du corps interm\u00e9diaire, en comprenant les ALUMNIL. Parmi les questions pos\u00e9es&nbsp;: le type de financement (projet avec salaire&nbsp;; frais de recherche&nbsp;; projet avec salaire tiers&nbsp;; frais de congr\u00e8s, etc.&nbsp;; s\u00e9jour hors UNIL&nbsp;; autre), le montant demand\u00e9 et la r\u00e9ponse obtenue.&nbsp;<\/p>\n\n\n\n<p>Plusieurs r\u00e9sultats valent la peine d\u2019\u00eatre partag\u00e9s.<\/p>\n\n\n\n<p>Tout d\u2019abord, les demandes de financement par des organismes priv\u00e9s \u2013 qui excluent donc les fonds accord\u00e9s par l\u2019UNIL et par le Fonds national suisse (FNS) \u2013 proviennent surtout de la Facult\u00e9 de biologie et de m\u00e9decine. Ce constat n\u2019est pas surprenant, car la facult\u00e9 fait appel de longue date \u00e0 des bailleurs de fonds priv\u00e9s. On observe ensuite que ce sont avant tout les financements qui incluent un salaire que recherchent les doctorant\u00b7e\u00b7s et membres du corps interm\u00e9diaire, ce qui confirme l\u2019insuffisance actuelle de l\u2019offre sur fonds publics. Suivent les demandes pour des frais de recherche (par exemple, travail de terrain, visite d\u2019archives, frais de publication), puis les projets avec salaire tiers, qui permettent d\u2019embaucher d\u2019autres personnes.<\/p>\n\n\n\n<p>Les candidat\u00b7e\u00b7s ont soumis des demandes de fonds \u00e0 56 organismes priv\u00e9s. Parmi ceux-ci, les plus sollicit\u00e9s sont la&nbsp;<em>Soci\u00e9t\u00e9 acad\u00e9mique vaudoise<\/em>, la&nbsp;<em>Fondation Emma Muschamp<\/em>, la&nbsp;<em>Novartis Foundation for Medical-Biological Research<\/em>&nbsp;et la&nbsp;<em>Fondation Erna Hamburger<\/em>.<\/p>\n\n\n\n<p>En ce qui concerne le statut des candidat\u00b7e\u00b7s au moment de la demande, 57% d\u2019entre eux et elles \u00e9taient sans contrat. Autrement dit, ces personnes \u00e9taient sans financement public. Les doctorant\u00b7e\u00b7s qui n\u2019ont pas ou plus de financement de th\u00e8se sont surrepr\u00e9sent\u00e9\u00b7e\u00b7s.<\/p>\n\n\n\n<p>On note \u00e9galement d\u2019une part que 60% des demandes n\u2019ont pas abouti \u00e0 un financement, d\u2019autre part que seul un quart des demandes aurait permis de financer un peu moins d\u2019un an de salaire d\u2019un\u00b7e doctorant\u00b7e si elles avaient abouti. Les organismes les plus g\u00e9n\u00e9reux sont les suivants&nbsp;<em>: Fondation Leenaards<\/em>,&nbsp;<em>Fondation Bryn Turner-Samules<\/em>,&nbsp;<em>Swiss Lung Association<\/em>,&nbsp;<em>Fondation Emma Muschamp<\/em>.<\/p>\n\n\n\n<p>Enfin, en tenant compte du nombre important de personnes qui ont re\u00e7u le questionnaire (entre 4000 et 4500), notons que peu de personnes ont r\u00e9pondu. On peut se demander si ce faible taux de r\u00e9ponse r\u00e9v\u00e8le un faible taux de demandes pour ce type de financement. Par ailleurs, nous avons remarqu\u00e9 qu\u2019il r\u00e8gne une certaine confusion entre ce qui rel\u00e8ve d\u2019un financement public et priv\u00e9. De nombreuses r\u00e9ponses ont en effet d\u00fb \u00eatre \u00e9cart\u00e9es, car elles portaient sur des financements publics.<\/p>\n\n\n\n<p>De ces r\u00e9sultats, on retiendra surtout le fait que <strong>les financements priv\u00e9s permettent seulement de financer des \u00e9v\u00e9nements d\u2019appoint de la recherche<\/strong> et qu\u2019ils ne peuvent se substituer aux financements publics en ce qui concerne les salaires.<\/p>\n","protected":false},"excerpt":{"rendered":"<p>Trouver un financement pour une th\u00e8se ou un postdoctorat rel\u00e8ve souvent du parcours du combattant. Les sources de financement sont limit\u00e9es et les d\u00e9lais pour soumettre un projet diff\u00e8rent d&rsquo;un endroit \u00e0 un autre, sans parler d&rsquo;instruments qui ne concernent qu&rsquo;un seul domaine ou qui ne s&rsquo;adressent qu&rsquo;\u00e0 une cat\u00e9gorie de personnes. Vous trouverez ci-dessous [&hellip;]<\/p>\n","protected":false},"author":1002600,"featured_media":0,"parent":0,"menu_order":0,"comment_status":"closed","ping_status":"closed","template":"","meta":{"_seopress_robots_primary_cat":"","_seopress_titles_title":"","_seopress_titles_desc":"","_seopress_robots_index":"","footnotes":"","_links_to":"","_links_to_target":""},"class_list":["post-3509","page","type-page","status-publish"],"_links":{"self":[{"href":"https:\/\/wp.unil.ch\/acidul\/wp-json\/wp\/v2\/pages\/3509","targetHints":{"allow":["GET"]}}],"collection":[{"href":"https:\/\/wp.unil.ch\/acidul\/wp-json\/wp\/v2\/pages"}],"about":[{"href":"https:\/\/wp.unil.ch\/acidul\/wp-json\/wp\/v2\/types\/page"}],"author":[{"embeddable":true,"href":"https:\/\/wp.unil.ch\/acidul\/wp-json\/wp\/v2\/users\/1002600"}],"replies":[{"embeddable":true,"href":"https:\/\/wp.unil.ch\/acidul\/wp-json\/wp\/v2\/comments?post=3509"}],"version-history":[{"count":5,"href":"https:\/\/wp.unil.ch\/acidul\/wp-json\/wp\/v2\/pages\/3509\/revisions"}],"predecessor-version":[{"id":4867,"href":"https:\/\/wp.unil.ch\/acidul\/wp-json\/wp\/v2\/pages\/3509\/revisions\/4867"}],"wp:attachment":[{"href":"https:\/\/wp.unil.ch\/acidul\/wp-json\/wp\/v2\/media?parent=3509"}],"curies":[{"name":"wp","href":"https:\/\/api.w.org\/{rel}","templated":true}]}}