{"id":34,"date":"2010-02-19T13:55:51","date_gmt":"2010-02-19T12:55:51","guid":{"rendered":"http:\/\/wp.unil.ch\/acidul\/?page_id=34"},"modified":"2025-12-12T15:48:05","modified_gmt":"2025-12-12T14:48:05","slug":"representant-e-s","status":"publish","type":"page","link":"https:\/\/wp.unil.ch\/acidul\/apropos\/representant-e-s\/","title":{"rendered":"Repr\u00e9sentation dans les commissions"},"content":{"rendered":"\n<p>ACIDUL est charg\u00e9e de d\u00e9signer les repr\u00e9sentant\u00b7e\u00b7s du corps interm\u00e9diaire aux commissions consultatives de la Direction. Vous trouverez ci-dessous la liste des repr\u00e9sentant\u00b7e\u00b7s actuel\u00b7le\u00b7s :<\/p>\n\n\n\n<h5 class=\"wp-block-heading\">Commission de l&rsquo;enseignement<\/h5>\n\n\n\n<ul class=\"wp-block-list\">\n<li>Theo Maffei (FBM)<\/li>\n\n\n\n<li>Fr\u00e9d\u00e9ric Sch\u00fctz (FBM)<\/li>\n\n\n\n<li><em>1 poste vacant<\/em><\/li>\n<\/ul>\n\n\n\n<h5 class=\"wp-block-heading\">Commission de la recherche scientifique<\/h5>\n\n\n\n<ul class=\"wp-block-list\">\n<li>Boris Tachom Waffo (SSP)<\/li>\n\n\n\n<li>Patrizia Zanella (Lettres)<\/li>\n<\/ul>\n\n\n\n<h5 class=\"wp-block-heading\">Commission qualit\u00e9 et valorisation<\/h5>\n\n\n\n<ul class=\"wp-block-list\">\n<li>Zoe Banks (FDCA)<\/li>\n\n\n\n<li>Fr\u00e9d\u00e9ric Sch\u00fctz (FBM)<\/li>\n\n\n\n<li><em>1 poste vacant<\/em><\/li>\n<\/ul>\n\n\n\n<h5 class=\"wp-block-heading\">Commission de l&rsquo;alimentation<\/h5>\n\n\n\n<ul class=\"wp-block-list\">\n<li><em>1 poste vacant<\/em><\/li>\n<\/ul>\n\n\n\n<h5 class=\"wp-block-heading\">Commission de la biblioth\u00e8que<\/h5>\n\n\n\n<ul class=\"wp-block-list\">\n<li>Luc Mahieu (Lettres)<\/li>\n\n\n\n<li>Olivier Th\u00e9venaz (Lettres)<\/li>\n<\/ul>\n\n\n\n<h5 class=\"wp-block-heading\">Commission de l&rsquo;\u00e9galit\u00e9<\/h5>\n\n\n\n<ul class=\"wp-block-list\">\n<li>Ekaterina Stepaniak (HEC)<\/li>\n\n\n\n<li>Josefa Terribilini (Lettres)<\/li>\n\n\n\n<li>Charlotte Vandamme (SSP)<\/li>\n<\/ul>\n\n\n\n<h5 class=\"wp-block-heading\">Commission de la rel\u00e8ve<\/h5>\n\n\n\n<ul class=\"wp-block-list\">\n<li>Ma\u00e9va El Bouchikhi (FDCA)<\/li>\n\n\n\n<li>Lucie H\u00e9meury (SSP ; suppl\u00e9ance Guillaume Bornet)<\/li>\n\n\n\n<li>L\u00e9o Marante (HEC)<\/li>\n\n\n\n<li>Hugo Rochard (FGSE)<\/li>\n\n\n\n<li>Marion Wagni\u00e8res (FTSR)<\/li>\n\n\n\n<li>Philipp Walch (FBM)<\/li>\n\n\n\n<li>Mathilde Zbaeren (Lettres)<\/li>\n<\/ul>\n\n\n\n<h5 class=\"wp-block-heading\">Commission des sports universitaires<\/h5>\n\n\n\n<ul class=\"wp-block-list\">\n<li>L\u00e9onie Delpeyrou (FDCA)<\/li>\n\n\n\n<li>Maxence Franceschi (FDCA)<\/li>\n<\/ul>\n\n\n\n<h5 class=\"wp-block-heading\">Repr\u00e9sentant\u00b7e\u00b7s des assistant\u00b7e\u00b7s au sein du Comit\u00e9 paritaire des Retraites populaires<\/h5>\n\n\n\n<ul class=\"wp-block-list\">\n<li>Samuel Goy (Lettres)<\/li>\n\n\n\n<li>Linus Peter (FDCA)<\/li>\n<\/ul>\n\n\n\n<h5 class=\"wp-block-heading\"><strong>Comit\u00e9 de suivi AIDE UNIL<\/strong><\/h5>\n\n\n\n<ul class=\"wp-block-list\">\n<li>Carlos Eduardo Santos Saint Romain (suppl\u00e9ance Ma\u00e9va El Bouchikhi)<\/li>\n<\/ul>\n","protected":false},"excerpt":{"rendered":"<p>ACIDUL est charg\u00e9e de d\u00e9signer les repr\u00e9sentant\u00b7e\u00b7s du corps interm\u00e9diaire aux commissions consultatives de la Direction. Vous trouverez ci-dessous la liste des repr\u00e9sentant\u00b7e\u00b7s actuel\u00b7le\u00b7s : Commission de l&rsquo;enseignement Commission de la recherche scientifique Commission qualit\u00e9 et valorisation Commission de l&rsquo;alimentation Commission de la biblioth\u00e8que Commission de l&rsquo;\u00e9galit\u00e9 Commission de la rel\u00e8ve Commission des sports universitaires [&hellip;]<\/p>\n","protected":false},"author":197,"featured_media":0,"parent":122,"menu_order":3,"comment_status":"closed","ping_status":"closed","template":"","meta":{"_seopress_robots_primary_cat":"","_seopress_titles_title":"","_seopress_titles_desc":"","_seopress_robots_index":"","footnotes":"","_links_to":"","_links_to_target":""},"class_list":["post-34","page","type-page","status-publish"],"_links":{"self":[{"href":"https:\/\/wp.unil.ch\/acidul\/wp-json\/wp\/v2\/pages\/34","targetHints":{"allow":["GET"]}}],"collection":[{"href":"https:\/\/wp.unil.ch\/acidul\/wp-json\/wp\/v2\/pages"}],"about":[{"href":"https:\/\/wp.unil.ch\/acidul\/wp-json\/wp\/v2\/types\/page"}],"author":[{"embeddable":true,"href":"https:\/\/wp.unil.ch\/acidul\/wp-json\/wp\/v2\/users\/197"}],"replies":[{"embeddable":true,"href":"https:\/\/wp.unil.ch\/acidul\/wp-json\/wp\/v2\/comments?post=34"}],"version-history":[{"count":5,"href":"https:\/\/wp.unil.ch\/acidul\/wp-json\/wp\/v2\/pages\/34\/revisions"}],"predecessor-version":[{"id":4591,"href":"https:\/\/wp.unil.ch\/acidul\/wp-json\/wp\/v2\/pages\/34\/revisions\/4591"}],"up":[{"embeddable":true,"href":"https:\/\/wp.unil.ch\/acidul\/wp-json\/wp\/v2\/pages\/122"}],"wp:attachment":[{"href":"https:\/\/wp.unil.ch\/acidul\/wp-json\/wp\/v2\/media?parent=34"}],"curies":[{"name":"wp","href":"https:\/\/api.w.org\/{rel}","templated":true}]}}