{"id":3236,"date":"2023-08-01T09:28:36","date_gmt":"2023-08-01T07:28:36","guid":{"rendered":"https:\/\/wp.unil.ch\/acidul\/?page_id=3236"},"modified":"2024-07-06T13:19:55","modified_gmt":"2024-07-06T11:19:55","slug":"brochure-au-dela-du-doctorat","status":"publish","type":"page","link":"https:\/\/wp.unil.ch\/acidul\/brochure-au-dela-du-doctorat\/","title":{"rendered":"Brochure \u00ab\u00a0Au-del\u00e0 du doctorat\u00a0\u00bb"},"content":{"rendered":"\n<p>La fin de son doctorat ou de son post-doctorat suscite souvent beaucoup de questions. Certaines personnes souhaitent poursuivre dans la carri\u00e8re acad\u00e9mique, tandis que d&rsquo;autres envisagent \u00e0 ce stade une activit\u00e9 professionnelle en dehors de l&rsquo;Universit\u00e9. Le Graduate Campus a con\u00e7u <strong><a href=\"https:\/\/www.unil.ch\/files\/live\/sites\/graduatecampus\/files\/home\/docs_carriere\/Audeladudoctorat_2023.pdf\">un guide<\/a><\/strong> qui permet de se projeter au mieux dans son avenir professionnel, que celui-ci soit ou non acad\u00e9mique.<\/p>\n\n\n\n<p>Ce guide offre par exemple des r\u00e9ponses \u00e0 celles et ceux qui se demandent combien de temps consacrer \u00e0 la p\u00e9riode post-doctorale avant d&rsquo;envisager d&rsquo;autres options, s&rsquo;il faut faire un post-doctorat \u00e0 l&rsquo;\u00e9tranger pour esp\u00e9rer d\u00e9crocher un poste, s&rsquo;il est possible de s&rsquo;\u00e9panouir ailleurs qu&rsquo;\u00e0 l&rsquo;Universit\u00e9&#8230; Un document aussi utile que rassurant !<\/p>\n","protected":false},"excerpt":{"rendered":"<p>La fin de son doctorat ou de son post-doctorat suscite souvent beaucoup de questions. Certaines personnes souhaitent poursuivre dans la carri\u00e8re acad\u00e9mique, tandis que d&rsquo;autres envisagent \u00e0 ce stade une activit\u00e9 professionnelle en dehors de l&rsquo;Universit\u00e9. Le Graduate Campus a con\u00e7u un guide qui permet de se projeter au mieux dans son avenir professionnel, que [&hellip;]<\/p>\n","protected":false},"author":1002600,"featured_media":0,"parent":0,"menu_order":0,"comment_status":"closed","ping_status":"closed","template":"","meta":{"_seopress_robots_primary_cat":"","_seopress_titles_title":"","_seopress_titles_desc":"","_seopress_robots_index":"","footnotes":"","_links_to":"","_links_to_target":""},"class_list":["post-3236","page","type-page","status-publish"],"_links":{"self":[{"href":"https:\/\/wp.unil.ch\/acidul\/wp-json\/wp\/v2\/pages\/3236","targetHints":{"allow":["GET"]}}],"collection":[{"href":"https:\/\/wp.unil.ch\/acidul\/wp-json\/wp\/v2\/pages"}],"about":[{"href":"https:\/\/wp.unil.ch\/acidul\/wp-json\/wp\/v2\/types\/page"}],"author":[{"embeddable":true,"href":"https:\/\/wp.unil.ch\/acidul\/wp-json\/wp\/v2\/users\/1002600"}],"replies":[{"embeddable":true,"href":"https:\/\/wp.unil.ch\/acidul\/wp-json\/wp\/v2\/comments?post=3236"}],"version-history":[{"count":2,"href":"https:\/\/wp.unil.ch\/acidul\/wp-json\/wp\/v2\/pages\/3236\/revisions"}],"predecessor-version":[{"id":3767,"href":"https:\/\/wp.unil.ch\/acidul\/wp-json\/wp\/v2\/pages\/3236\/revisions\/3767"}],"wp:attachment":[{"href":"https:\/\/wp.unil.ch\/acidul\/wp-json\/wp\/v2\/media?parent=3236"}],"curies":[{"name":"wp","href":"https:\/\/api.w.org\/{rel}","templated":true}]}}