{"id":2911,"date":"2022-03-24T09:53:13","date_gmt":"2022-03-24T08:53:13","guid":{"rendered":"https:\/\/wp.unil.ch\/acidul\/?page_id=2911"},"modified":"2023-08-01T09:30:37","modified_gmt":"2023-08-01T07:30:37","slug":"brochure-bien-commencer-sa-these","status":"publish","type":"page","link":"https:\/\/wp.unil.ch\/acidul\/brochure-bien-commencer-sa-these\/","title":{"rendered":"Brochure \u00ab\u00a0Bien d\u00e9marrer sa th\u00e8se\u00a0\u00bb"},"content":{"rendered":"\n<p>Le Graduate Campus met \u00e0 disposition des doctorant\u00b7e\u00b7s un guide intitul\u00e9 \u00ab\u00a0Bien d\u00e9marrer sa th\u00e8se\u00a0\u00bb. Ce guide \u00e9voque la question des co\u00fbts d&rsquo;une th\u00e8se et les possibilit\u00e9s de financement de celle-ci, le choix du sujet et du directeur ou de la directrice de th\u00e8se, les programmes doctoraux qu&rsquo;offrent l&rsquo;Universit\u00e9 de Lausanne et les diff\u00e9rents services qui peuvent vous soutenir pendant de votre th\u00e8se, notamment en cas de difficult\u00e9s.<\/p>\n\n\n\n<p>Vous pouvez t\u00e9l\u00e9charger le document <strong><a href=\"https:\/\/www.unil.ch\/files\/live\/sites\/graduatecampus\/files\/home\/Images%20page%20d'accueil\/Bien_Demarrer_2020.pdf\">i<\/a><a href=\"https:\/\/www.unil.ch\/files\/live\/sites\/graduatecampus\/files\/BienDemarrerSaThese_2023.pdf\">ci<\/a>.<\/strong><\/p>\n","protected":false},"excerpt":{"rendered":"<p>Le Graduate Campus met \u00e0 disposition des doctorant\u00b7e\u00b7s un guide intitul\u00e9 \u00ab\u00a0Bien d\u00e9marrer sa th\u00e8se\u00a0\u00bb. Ce guide \u00e9voque la question des co\u00fbts d&rsquo;une th\u00e8se et les possibilit\u00e9s de financement de celle-ci, le choix du sujet et du directeur ou de la directrice de th\u00e8se, les programmes doctoraux qu&rsquo;offrent l&rsquo;Universit\u00e9 de Lausanne et les diff\u00e9rents services [&hellip;]<\/p>\n","protected":false},"author":197,"featured_media":0,"parent":0,"menu_order":0,"comment_status":"closed","ping_status":"closed","template":"","meta":{"_seopress_robots_primary_cat":"","_seopress_titles_title":"","_seopress_titles_desc":"","_seopress_robots_index":"","footnotes":"","_links_to":"","_links_to_target":""},"class_list":["post-2911","page","type-page","status-publish"],"_links":{"self":[{"href":"https:\/\/wp.unil.ch\/acidul\/wp-json\/wp\/v2\/pages\/2911","targetHints":{"allow":["GET"]}}],"collection":[{"href":"https:\/\/wp.unil.ch\/acidul\/wp-json\/wp\/v2\/pages"}],"about":[{"href":"https:\/\/wp.unil.ch\/acidul\/wp-json\/wp\/v2\/types\/page"}],"author":[{"embeddable":true,"href":"https:\/\/wp.unil.ch\/acidul\/wp-json\/wp\/v2\/users\/197"}],"replies":[{"embeddable":true,"href":"https:\/\/wp.unil.ch\/acidul\/wp-json\/wp\/v2\/comments?post=2911"}],"version-history":[{"count":0,"href":"https:\/\/wp.unil.ch\/acidul\/wp-json\/wp\/v2\/pages\/2911\/revisions"}],"wp:attachment":[{"href":"https:\/\/wp.unil.ch\/acidul\/wp-json\/wp\/v2\/media?parent=2911"}],"curies":[{"name":"wp","href":"https:\/\/api.w.org\/{rel}","templated":true}]}}