{"id":29,"date":"2010-02-19T13:50:40","date_gmt":"2010-02-19T12:50:40","guid":{"rendered":"http:\/\/wp.unil.ch\/acidul\/?page_id=29"},"modified":"2026-02-03T17:05:44","modified_gmt":"2026-02-03T16:05:44","slug":"comite","status":"publish","type":"page","link":"https:\/\/wp.unil.ch\/acidul\/apropos\/comite\/","title":{"rendered":"Comit\u00e9"},"content":{"rendered":"<h5>Pr\u00e9sidence<\/h5>\n<ul>\n<li>Philipp Walch, FBM, philipp.walch@unil.ch<\/li>\n<\/ul>\n<h5>Comit\u00e9<\/h5>\n<ul>\n<li>Hazem Chikhaoui, SSP, hazem.chikhaoui@unil.ch<\/li>\n<li>Darius Devos, SSP, darius.devos@unil.ch<\/li>\n<li>Elise Guillard, FTSR, elise.guillard@unil.ch<\/li>\n<li>Ga\u00eblle Valterio, FDCA, gaelle.valterio@unil.ch<\/li>\n<li>Mathilde Zbaeren, Lettres, mathilde.zbaeren@unil.ch<\/li>\n<\/ul>\n<h5>Tr\u00e9sorerie<\/h5>\n<ul>\n<li>Hazem Chikhaoui<\/li>\n<\/ul>\n<h5>V\u00e9rification des comptes<\/h5>\n<ul>\n<li>Fran\u00e7ois Allisson<\/li>\n<li>Madeleine Nguetsop<\/li>\n<\/ul>\n<h5>Repr\u00e9sentation au sein du comit\u00e9 de la fa\u00eeti\u00e8re nationale (Actionuni)<\/h5>\n<ul>\n<li>Philipp Walch<\/li>\n<\/ul>\n","protected":false},"excerpt":{"rendered":"<p>Pr\u00e9sidence Philipp Walch, FBM, philipp.walch@unil.ch Comit\u00e9 Hazem Chikhaoui, SSP, hazem.chikhaoui@unil.ch Darius Devos, SSP, darius.devos@unil.ch Elise Guillard, FTSR, elise.guillard@unil.ch Ga\u00eblle Valterio, FDCA, gaelle.valterio@unil.ch Mathilde Zbaeren, Lettres, mathilde.zbaeren@unil.ch Tr\u00e9sorerie Hazem Chikhaoui V\u00e9rification des comptes Fran\u00e7ois Allisson Madeleine Nguetsop Repr\u00e9sentation au sein du comit\u00e9 de la fa\u00eeti\u00e8re nationale (Actionuni) Philipp Walch<\/p>\n","protected":false},"author":197,"featured_media":0,"parent":122,"menu_order":0,"comment_status":"closed","ping_status":"closed","template":"","meta":{"_seopress_robots_primary_cat":"","_seopress_titles_title":"","_seopress_titles_desc":"","_seopress_robots_index":"","footnotes":"","_links_to":"","_links_to_target":""},"class_list":["post-29","page","type-page","status-publish"],"_links":{"self":[{"href":"https:\/\/wp.unil.ch\/acidul\/wp-json\/wp\/v2\/pages\/29","targetHints":{"allow":["GET"]}}],"collection":[{"href":"https:\/\/wp.unil.ch\/acidul\/wp-json\/wp\/v2\/pages"}],"about":[{"href":"https:\/\/wp.unil.ch\/acidul\/wp-json\/wp\/v2\/types\/page"}],"author":[{"embeddable":true,"href":"https:\/\/wp.unil.ch\/acidul\/wp-json\/wp\/v2\/users\/197"}],"replies":[{"embeddable":true,"href":"https:\/\/wp.unil.ch\/acidul\/wp-json\/wp\/v2\/comments?post=29"}],"version-history":[{"count":5,"href":"https:\/\/wp.unil.ch\/acidul\/wp-json\/wp\/v2\/pages\/29\/revisions"}],"predecessor-version":[{"id":4601,"href":"https:\/\/wp.unil.ch\/acidul\/wp-json\/wp\/v2\/pages\/29\/revisions\/4601"}],"up":[{"embeddable":true,"href":"https:\/\/wp.unil.ch\/acidul\/wp-json\/wp\/v2\/pages\/122"}],"wp:attachment":[{"href":"https:\/\/wp.unil.ch\/acidul\/wp-json\/wp\/v2\/media?parent=29"}],"curies":[{"name":"wp","href":"https:\/\/api.w.org\/{rel}","templated":true}]}}