{"id":2824,"date":"2022-01-17T20:58:38","date_gmt":"2022-01-17T19:58:38","guid":{"rendered":"https:\/\/wp.unil.ch\/acidul\/?page_id=2824"},"modified":"2023-08-01T13:56:02","modified_gmt":"2023-08-01T11:56:02","slug":"associations-partenaires","status":"publish","type":"page","link":"https:\/\/wp.unil.ch\/acidul\/associations-partenaires\/","title":{"rendered":"Associations partenaires"},"content":{"rendered":"\n<p><strong>A l&rsquo;Universit\u00e9 de Lausanne<\/strong><\/p>\n\n\n\n<ul class=\"wp-block-list\">\n<li><a href=\"https:\/\/wp.unil.ch\/acil\/\">ACIL<\/a> &#8211; Association du corps interm\u00e9diaire de la Facult\u00e9 des Lettres<\/li>\n\n\n\n<li><a href=\"https:\/\/wp.unil.ch\/acilex\/\">ACILex<\/a>  &#8211; Association du corps interm\u00e9diaire de l&rsquo;Ecole de droit de la Facult\u00e9 de Droit, Sciences criminelles et Administration publique<\/li>\n\n\n\n<li><a href=\"https:\/\/wp.unil.ch\/acige\/\">ACIGE<\/a>  &#8211; Association du corps interm\u00e9diaire de la Facult\u00e9 des G\u00e9osciences et de l&rsquo;Environnement<\/li>\n\n\n\n<li><a href=\"https:\/\/wp.unil.ch\/acissp\/\">ACISSP<\/a>  &#8211; Association du corps interm\u00e9diaire de la Facult\u00e9 des Sciences sociales et politiques<\/li>\n\n\n\n<li><a href=\"https:\/\/www.unil.ch\/ftsr\/fr\/home\/menuguid\/etudiantes\/associations\/association-du-corps-interme.html\">ACITSR <\/a> &#8211; Association du corps interm\u00e9diaire de la Facult\u00e9 de Th\u00e9ologie et de Sciences des religions<\/li>\n\n\n\n<li><a href=\"https:\/\/wp.unil.ch\/adas\/\">ADAS<\/a>  &#8211; Association du corps interm\u00e9diaire de la Facult\u00e9 de Biologie et M\u00e9decine<\/li>\n\n\n\n<li><a href=\"https:\/\/www.unil.ch\/hec-phd\/en\/home\/menuguid\/phdnet.html\">PhD net<\/a>  &#8211; Association du corps interm\u00e9diaire de HEC<\/li>\n\n\n\n<li>PlanQueer sur <a href=\"https:\/\/www.facebook.com\/planqueer\/\">Facebook<\/a> et <a href=\"https:\/\/www.instagram.com\/planqueer\/?hl=it\">Instagram<\/a><\/li>\n\n\n\n<li><a href=\"https:\/\/www.asso-unil.ch\/apns\/\">APNS<\/a> &#8211; Association des postdocs en sciences naturelles<\/li>\n<\/ul>\n\n\n\n<hr class=\"wp-block-separator has-css-opacity\" \/>\n\n\n\n<p><strong>Au niveau national<\/strong><\/p>\n\n\n\n<ul class=\"wp-block-list\">\n<li><a href=\"https:\/\/www.unine.ch\/acine\/#:~:text=L'ACINE%20est%20l'association%20fa\u00eeti\u00e8re%20du%20corps%20interm\u00e9diaire.\">ACINE<\/a>  &#8211; Association du corps interm\u00e9diaire de l&rsquo;Universit\u00e9 de Neuch\u00e2tel<\/li>\n\n\n\n<li><a href=\"https:\/\/www.unige.ch\/asso-ens\/accorder\/\">ACCORDER<\/a>  &#8211; Association du corps interm\u00e9diaire de l&rsquo;Universit\u00e9 de Gen\u00e8ve<\/li>\n\n\n\n<li><a href=\"https:\/\/avuba.unibas.ch\/de\/\">AVUBA<\/a> &#8211; Association du corps interm\u00e9diaire de l&rsquo;Universit\u00e9 de B\u00e2le<\/li>\n\n\n\n<li><a href=\"https:\/\/www.unifr.ch\/cswm\/fr\/\">CSWM<\/a> &#8211; Association du corps interm\u00e9diaire de l&rsquo;Universit\u00e9 de Fribourg<\/li>\n\n\n\n<li><a href=\"https:\/\/www.vauz.uzh.ch\/en.html\">VAUZ<\/a> &#8211; Association des jeunes chercheurs\u00b7euses de l&rsquo;Universit\u00e9 de Zurich<\/li>\n<\/ul>\n\n\n\n<p>La fa\u00eeti\u00e8re des associations du corps interm\u00e9diaire suisse est <a href=\"https:\/\/www.actionuni.ch\">Actionuni<\/a>.<\/p>\n\n\n\n<hr class=\"wp-block-separator has-css-opacity\" \/>\n\n\n\n<p><strong>Syndicats<\/strong><\/p>\n\n\n\n<p><a href=\"https:\/\/ssp-vpod.ch\">Syndicats des services publics<\/a><\/p>\n\n\n\n<p><\/p>\n","protected":false},"excerpt":{"rendered":"<p>A l&rsquo;Universit\u00e9 de Lausanne Au niveau national La fa\u00eeti\u00e8re des associations du corps interm\u00e9diaire suisse est Actionuni. Syndicats Syndicats des services publics<\/p>\n","protected":false},"author":197,"featured_media":0,"parent":0,"menu_order":0,"comment_status":"closed","ping_status":"closed","template":"","meta":{"_seopress_robots_primary_cat":"","_seopress_titles_title":"","_seopress_titles_desc":"","_seopress_robots_index":"","footnotes":"","_links_to":"","_links_to_target":""},"class_list":["post-2824","page","type-page","status-publish"],"_links":{"self":[{"href":"https:\/\/wp.unil.ch\/acidul\/wp-json\/wp\/v2\/pages\/2824","targetHints":{"allow":["GET"]}}],"collection":[{"href":"https:\/\/wp.unil.ch\/acidul\/wp-json\/wp\/v2\/pages"}],"about":[{"href":"https:\/\/wp.unil.ch\/acidul\/wp-json\/wp\/v2\/types\/page"}],"author":[{"embeddable":true,"href":"https:\/\/wp.unil.ch\/acidul\/wp-json\/wp\/v2\/users\/197"}],"replies":[{"embeddable":true,"href":"https:\/\/wp.unil.ch\/acidul\/wp-json\/wp\/v2\/comments?post=2824"}],"version-history":[{"count":0,"href":"https:\/\/wp.unil.ch\/acidul\/wp-json\/wp\/v2\/pages\/2824\/revisions"}],"wp:attachment":[{"href":"https:\/\/wp.unil.ch\/acidul\/wp-json\/wp\/v2\/media?parent=2824"}],"curies":[{"name":"wp","href":"https:\/\/api.w.org\/{rel}","templated":true}]}}