{"id":2751,"date":"2021-10-04T19:58:45","date_gmt":"2021-10-04T17:58:45","guid":{"rendered":"https:\/\/wp.unil.ch\/acidul\/?page_id=2751"},"modified":"2023-08-01T10:33:05","modified_gmt":"2023-08-01T08:33:05","slug":"brochure-acidul-fr-eng","status":"publish","type":"page","link":"https:\/\/wp.unil.ch\/acidul\/brochure-acidul-fr-eng\/","title":{"rendered":"Brochure d&rsquo;information d&rsquo;ACIDUL"},"content":{"rendered":"\n<p>Vous d\u00e9barquez \u00e0 l&rsquo;UNIL comme doctorant\u00b7e ou chercheur\u00b7euse plus avanc\u00e9\u00b7e ? Pour mieux conna\u00eetre le fonctionnement de l&rsquo;UNIL et vos droits en tant que membre du corps interm\u00e9diaire, vous pouvez t\u00e9l\u00e9charger notre <a href=\"https:\/\/wp.unil.ch\/acidul\/files\/2023\/07\/Brochure_ACIDUL_A5_FR_Web.pdf\"><strong>brochure d&rsquo;information<\/strong><\/a>.<\/p>\n","protected":false},"excerpt":{"rendered":"<p>Vous d\u00e9barquez \u00e0 l&rsquo;UNIL comme doctorant\u00b7e ou chercheur\u00b7euse plus avanc\u00e9\u00b7e ? Pour mieux conna\u00eetre le fonctionnement de l&rsquo;UNIL et vos droits en tant que membre du corps interm\u00e9diaire, vous pouvez t\u00e9l\u00e9charger notre brochure d&rsquo;information.<\/p>\n","protected":false},"author":197,"featured_media":0,"parent":0,"menu_order":0,"comment_status":"closed","ping_status":"closed","template":"","meta":{"_seopress_robots_primary_cat":"","_seopress_titles_title":"","_seopress_titles_desc":"","_seopress_robots_index":"","footnotes":"","_links_to":"","_links_to_target":""},"class_list":["post-2751","page","type-page","status-publish"],"_links":{"self":[{"href":"https:\/\/wp.unil.ch\/acidul\/wp-json\/wp\/v2\/pages\/2751","targetHints":{"allow":["GET"]}}],"collection":[{"href":"https:\/\/wp.unil.ch\/acidul\/wp-json\/wp\/v2\/pages"}],"about":[{"href":"https:\/\/wp.unil.ch\/acidul\/wp-json\/wp\/v2\/types\/page"}],"author":[{"embeddable":true,"href":"https:\/\/wp.unil.ch\/acidul\/wp-json\/wp\/v2\/users\/197"}],"replies":[{"embeddable":true,"href":"https:\/\/wp.unil.ch\/acidul\/wp-json\/wp\/v2\/comments?post=2751"}],"version-history":[{"count":0,"href":"https:\/\/wp.unil.ch\/acidul\/wp-json\/wp\/v2\/pages\/2751\/revisions"}],"wp:attachment":[{"href":"https:\/\/wp.unil.ch\/acidul\/wp-json\/wp\/v2\/media?parent=2751"}],"curies":[{"name":"wp","href":"https:\/\/api.w.org\/{rel}","templated":true}]}}