{"id":2581,"date":"2018-11-17T12:37:53","date_gmt":"2018-11-17T11:37:53","guid":{"rendered":"http:\/\/wp.unil.ch\/acidul\/?page_id=2581"},"modified":"2021-10-05T08:47:21","modified_gmt":"2021-10-05T06:47:21","slug":"fonds-de-solidarite-des-doctorant-e-s","status":"publish","type":"page","link":"https:\/\/wp.unil.ch\/acidul\/fonds-de-solidarite-des-doctorant-e-s\/","title":{"rendered":"Fonds de Solidarit\u00e9 des Doctorant-e-s"},"content":{"rendered":"\n<p>En cas de mauvaise passe financi\u00e8re, n&rsquo;h\u00e9sitez pas \u00e0 nous contacter \u00e0 cette adresse : acidul@unil.ch.<\/p>\n\n\n\n<p>Nous pouvons vous fournir une aide ponctuelle.<\/p>\n\n\n\n<p>Le r\u00e8glement d&rsquo;octroi des aides peut \u00eatre consult\u00e9 ci-dessous :<\/p>\n\n\n\n<div class=\"wp-block-file\"><a href=\"https:\/\/wp.unil.ch\/acidul\/files\/2021\/10\/FSD.pdf\">FSD<\/a><a href=\"https:\/\/wp.unil.ch\/acidul\/files\/2021\/10\/FSD.pdf\" class=\"wp-block-file__button\" download>T\u00e9l\u00e9charger<\/a><\/div>\n","protected":false},"excerpt":{"rendered":"<p>En cas de mauvaise passe financi\u00e8re, n&rsquo;h\u00e9sitez pas \u00e0 nous contacter \u00e0 cette adresse : acidul@unil.ch. Nous pouvons vous fournir une aide ponctuelle. Le r\u00e8glement d&rsquo;octroi des aides peut \u00eatre consult\u00e9 ci-dessous :<\/p>\n","protected":false},"author":197,"featured_media":0,"parent":0,"menu_order":0,"comment_status":"closed","ping_status":"closed","template":"","meta":{"_seopress_robots_primary_cat":"","_seopress_titles_title":"","_seopress_titles_desc":"","_seopress_robots_index":"","footnotes":"","_links_to":"","_links_to_target":""},"class_list":["post-2581","page","type-page","status-publish"],"_links":{"self":[{"href":"https:\/\/wp.unil.ch\/acidul\/wp-json\/wp\/v2\/pages\/2581","targetHints":{"allow":["GET"]}}],"collection":[{"href":"https:\/\/wp.unil.ch\/acidul\/wp-json\/wp\/v2\/pages"}],"about":[{"href":"https:\/\/wp.unil.ch\/acidul\/wp-json\/wp\/v2\/types\/page"}],"author":[{"embeddable":true,"href":"https:\/\/wp.unil.ch\/acidul\/wp-json\/wp\/v2\/users\/197"}],"replies":[{"embeddable":true,"href":"https:\/\/wp.unil.ch\/acidul\/wp-json\/wp\/v2\/comments?post=2581"}],"version-history":[{"count":0,"href":"https:\/\/wp.unil.ch\/acidul\/wp-json\/wp\/v2\/pages\/2581\/revisions"}],"wp:attachment":[{"href":"https:\/\/wp.unil.ch\/acidul\/wp-json\/wp\/v2\/media?parent=2581"}],"curies":[{"name":"wp","href":"https:\/\/api.w.org\/{rel}","templated":true}]}}