{"id":1900,"date":"2014-02-27T11:01:13","date_gmt":"2014-02-27T10:01:13","guid":{"rendered":"http:\/\/wp.unil.ch\/acidul\/?page_id=1900"},"modified":"2026-03-17T16:06:42","modified_gmt":"2026-03-17T15:06:42","slug":"charte-du-doctorat","status":"publish","type":"page","link":"https:\/\/wp.unil.ch\/acidul\/charte-du-doctorat\/","title":{"rendered":"Charte du doctorat"},"content":{"rendered":"\n<p>La <strong><a href=\"https:\/\/wp.unil.ch\/acidul\/files\/2014\/02\/Charte_Francais_FINAL.pdf\">charte du doctorat<\/a><\/strong> a \u00e9t\u00e9 \u00e9labor\u00e9e par la Commission de la rel\u00e8ve acad\u00e9mique (CRELEV) et approuv\u00e9e par la Direction de l&rsquo;Universit\u00e9 de Lausanne en 2013. ACIDUL a particip\u00e9 activement \u00e0 son \u00e9laboration et encourage tout\u00b7e doctorant\u00b7e \u00e0 en prendre connaissance. Ce document met en avant les droits et devoirs partag\u00e9s des doctorant\u00b7e\u00b7s et de leurs directeurs\u00b7trices dans l&rsquo;encadrement doctoral. Il peut servir de point de r\u00e9f\u00e9rence, en particulier pour les assistant\u00b7es qui d\u00e9butent leur contrat, en vue de clarifier les r\u00f4les et responsabilit\u00e9s de chacun.<\/p>\n\n\n\n<p>Il existe aujourd&rsquo;hui peu d&rsquo;informations circulant sur les doctorats effectu\u00e9s sans financement. Vous trouverez toutefois des indications <a href=\"https:\/\/www.unil.ch\/files\/live\/sites\/angl\/files\/e)Studies\/PhD\/Guide%20for%20Independent%20PhD%20Candidates.pdf\">ici<\/a>, qui ont \u00e9t\u00e9 r\u00e9unies par une doctorante de la section d&rsquo;anglais en 2025. Certaines indications s&rsquo;appliquent \u00e0 l&rsquo;ensemble des doctorant\u00b7es sans contrat, toutes facult\u00e9s comprises.<\/p>\n\n\n\n<p>En cas de question ou de probl\u00e8me rencontr\u00e9 dans le cadre de votre th\u00e8se, n&rsquo;h\u00e9sitez pas \u00e0 nous contacter par mail ou par t\u00e9l\u00e9phone !<\/p>\n","protected":false},"excerpt":{"rendered":"<p>La charte du doctorat a \u00e9t\u00e9 \u00e9labor\u00e9e par la Commission de la rel\u00e8ve acad\u00e9mique (CRELEV) et approuv\u00e9e par la Direction de l&rsquo;Universit\u00e9 de Lausanne en 2013. ACIDUL a particip\u00e9 activement \u00e0 son \u00e9laboration et encourage tout\u00b7e doctorant\u00b7e \u00e0 en prendre connaissance. Ce document met en avant les droits et devoirs partag\u00e9s des doctorant\u00b7e\u00b7s et de [&hellip;]<\/p>\n","protected":false},"author":197,"featured_media":0,"parent":0,"menu_order":3,"comment_status":"closed","ping_status":"open","template":"","meta":{"_seopress_robots_primary_cat":"","_seopress_titles_title":"","_seopress_titles_desc":"","_seopress_robots_index":"","footnotes":"","_links_to":"","_links_to_target":""},"class_list":["post-1900","page","type-page","status-publish"],"_links":{"self":[{"href":"https:\/\/wp.unil.ch\/acidul\/wp-json\/wp\/v2\/pages\/1900","targetHints":{"allow":["GET"]}}],"collection":[{"href":"https:\/\/wp.unil.ch\/acidul\/wp-json\/wp\/v2\/pages"}],"about":[{"href":"https:\/\/wp.unil.ch\/acidul\/wp-json\/wp\/v2\/types\/page"}],"author":[{"embeddable":true,"href":"https:\/\/wp.unil.ch\/acidul\/wp-json\/wp\/v2\/users\/197"}],"replies":[{"embeddable":true,"href":"https:\/\/wp.unil.ch\/acidul\/wp-json\/wp\/v2\/comments?post=1900"}],"version-history":[{"count":3,"href":"https:\/\/wp.unil.ch\/acidul\/wp-json\/wp\/v2\/pages\/1900\/revisions"}],"predecessor-version":[{"id":4630,"href":"https:\/\/wp.unil.ch\/acidul\/wp-json\/wp\/v2\/pages\/1900\/revisions\/4630"}],"wp:attachment":[{"href":"https:\/\/wp.unil.ch\/acidul\/wp-json\/wp\/v2\/media?parent=1900"}],"curies":[{"name":"wp","href":"https:\/\/api.w.org\/{rel}","templated":true}]}}