{"id":173,"date":"2010-02-19T15:54:53","date_gmt":"2010-02-19T14:54:53","guid":{"rendered":"http:\/\/wp.unil.ch\/acidul\/?page_id=173"},"modified":"2024-07-12T08:10:04","modified_gmt":"2024-07-12T06:10:04","slug":"secretariat-general","status":"publish","type":"page","link":"https:\/\/wp.unil.ch\/acidul\/apropos\/secretariat-general\/","title":{"rendered":"Secr\u00e9tariat g\u00e9n\u00e9ral"},"content":{"rendered":"\n<p class=\"has-text-color has-link-color wp-elements-ceb5fbc1d9e39345e9e3ca81ed6ffcdd\" style=\"color:#2319ca\"><strong><em>English below<\/em><\/strong><\/p>\n\n\n\n<p>Le poste de secr\u00e9taire g\u00e9n\u00e9rale est actuellement occup\u00e9 par Kelly Harrison. En cas de question, vous pouvez lui \u00e9crire au moyen de l&rsquo;adresse suivante : acidul@unil.ch, ou l&rsquo;appeler au 077 402 21 94 les mardis, mercredis et vendredis.<\/p>\n\n\n\n<p>Le ou la secr\u00e9taire g\u00e9n\u00e9ral\u00b7e est engag\u00e9\u00b7e par ACIDUL pour s&rsquo;occuper des t\u00e2ches courantes, assurer une permanence de contact et un suivi des dossiers.<\/p>\n\n\n\n<hr class=\"wp-block-separator has-alpha-channel-opacity\" \/>\n\n\n\n<p>The position of General Secretary is currently held by Kelly Harrison. If you have any questions, you can write to her at the following address: acidul@unil.ch, or call her at 077 402 21 94 on Tuesdays, Wednesdays, and Fridays.<\/p>\n\n\n\n<p>The General Secretary is employed by ACIDUL to handle daily tasks, ensure availability for contact, and follow up on files.<\/p>\n","protected":false},"excerpt":{"rendered":"<p>English below Le poste de secr\u00e9taire g\u00e9n\u00e9rale est actuellement occup\u00e9 par Kelly Harrison. En cas de question, vous pouvez lui \u00e9crire au moyen de l&rsquo;adresse suivante : acidul@unil.ch, ou l&rsquo;appeler au 077 402 21 94 les mardis, mercredis et vendredis. Le ou la secr\u00e9taire g\u00e9n\u00e9ral\u00b7e est engag\u00e9\u00b7e par ACIDUL pour s&rsquo;occuper des t\u00e2ches courantes, assurer [&hellip;]<\/p>\n","protected":false},"author":197,"featured_media":0,"parent":122,"menu_order":1,"comment_status":"closed","ping_status":"closed","template":"","meta":{"_seopress_robots_primary_cat":"","_seopress_titles_title":"","_seopress_titles_desc":"","_seopress_robots_index":"","footnotes":"","_links_to":"","_links_to_target":""},"class_list":["post-173","page","type-page","status-publish"],"_links":{"self":[{"href":"https:\/\/wp.unil.ch\/acidul\/wp-json\/wp\/v2\/pages\/173","targetHints":{"allow":["GET"]}}],"collection":[{"href":"https:\/\/wp.unil.ch\/acidul\/wp-json\/wp\/v2\/pages"}],"about":[{"href":"https:\/\/wp.unil.ch\/acidul\/wp-json\/wp\/v2\/types\/page"}],"author":[{"embeddable":true,"href":"https:\/\/wp.unil.ch\/acidul\/wp-json\/wp\/v2\/users\/197"}],"replies":[{"embeddable":true,"href":"https:\/\/wp.unil.ch\/acidul\/wp-json\/wp\/v2\/comments?post=173"}],"version-history":[{"count":3,"href":"https:\/\/wp.unil.ch\/acidul\/wp-json\/wp\/v2\/pages\/173\/revisions"}],"predecessor-version":[{"id":3906,"href":"https:\/\/wp.unil.ch\/acidul\/wp-json\/wp\/v2\/pages\/173\/revisions\/3906"}],"up":[{"embeddable":true,"href":"https:\/\/wp.unil.ch\/acidul\/wp-json\/wp\/v2\/pages\/122"}],"wp:attachment":[{"href":"https:\/\/wp.unil.ch\/acidul\/wp-json\/wp\/v2\/media?parent=173"}],"curies":[{"name":"wp","href":"https:\/\/api.w.org\/{rel}","templated":true}]}}