{"id":161,"date":"2010-02-19T15:51:11","date_gmt":"2010-02-19T14:51:11","guid":{"rendered":"http:\/\/wp.unil.ch\/acidul\/?page_id=161"},"modified":"2025-10-29T10:59:45","modified_gmt":"2025-10-29T09:59:45","slug":"rapports-dactivite","status":"publish","type":"page","link":"https:\/\/wp.unil.ch\/acidul\/apropos\/rapports-dactivite\/","title":{"rendered":"Assembl\u00e9es g\u00e9n\u00e9rales"},"content":{"rendered":"\n<p><strong>Rapports d&rsquo;activit\u00e9<\/strong><\/p>\n\n\n\n<p>Vous trouverez ci-dessous les rapports d&rsquo;activit\u00e9 annuels d&rsquo;ACIDUL : <\/p>\n\n\n\n<ul class=\"wp-block-list\">\n<li><a href=\"https:\/\/wp.unil.ch\/acidul\/files\/2025\/10\/rapport-dactivite-acidul_2024-2025.pdf\">rapport d&rsquo;activit\u00e9 2024-2025<\/a><\/li>\n\n\n\n<li><a href=\"https:\/\/wp.unil.ch\/acidul\/files\/2024\/10\/Rapport-dactivite-ACIDUL_2023-2024.pdf\">rapport d&rsquo;activit\u00e9 2023-2024<\/a><\/li>\n\n\n\n<li><a href=\"https:\/\/wp.unil.ch\/acidul\/files\/2023\/10\/ACIDUL_rapport-dactivite_2022-2023.pdf\">rapport d&rsquo;activit\u00e9 2022-2023<\/a><\/li>\n\n\n\n<li><a href=\"https:\/\/wp.unil.ch\/acidul\/files\/2022\/10\/rapport-dactivite-2021-2022.pdf\">rapport d&rsquo;activit\u00e9 2021-2022<\/a><\/li>\n\n\n\n<li><a href=\"https:\/\/wp.unil.ch\/acidul\/files\/2021\/11\/Rapport-activite-2020-2021.pdf\">rapport d&rsquo;activit\u00e9 2020-2021<\/a><\/li>\n\n\n\n<li><a href=\"https:\/\/wp.unil.ch\/acidul\/files\/2020\/12\/Rapport-activite-2019-20.pdf\">rapport d&rsquo;activit\u00e9 2019-2020<\/a><\/li>\n\n\n\n<li><a href=\"https:\/\/wp.unil.ch\/acidul\/files\/2019\/10\/Rapport-activite-2018-19.pdf\">rapport d&rsquo;activit\u00e9 2018-2019<\/a><\/li>\n\n\n\n<li><a href=\"https:\/\/wp.unil.ch\/acidul\/files\/2018\/11\/rapport-activite-2017-18.pdf\">rapport d&rsquo;activit\u00e9 2017-2018<\/a><\/li>\n\n\n\n<li><a href=\"https:\/\/wp.unil.ch\/acidul\/files\/2010\/02\/rapport-activite-2015-16.docx\">rapport d&rsquo;activit\u00e9 2015-2016<\/a><\/li>\n\n\n\n<li><a href=\"https:\/\/wp.unil.ch\/acidul\/files\/2010\/02\/Rapport-dactivite-2014-2015.pdf\">rapport d&rsquo;activit\u00e9 2014-2015<\/a><\/li>\n\n\n\n<li><a href=\"https:\/\/wp.unil.ch\/acidul\/files\/2014\/10\/Rapport-dactivit\u00e9-2013-20141.pdf\">rapport d&rsquo;activit\u00e9 2013-2014<\/a><\/li>\n\n\n\n<li><a href=\"https:\/\/wp.unil.ch\/acidul\/files\/2014\/02\/Rapport-dactivit\u00e9-2012-2013.pdf\">rapport d&rsquo;activit\u00e9 2012-2013&nbsp;<\/a><\/li>\n\n\n\n<li><a href=\"https:\/\/wp.unil.ch\/acidul\/files\/2013\/03\/20121012_Rapport_d_activite.pdf\">rapport d&rsquo;activit\u00e9 2011-2012&nbsp;<\/a><\/li>\n\n\n\n<li><a href=\"https:\/\/wp.unil.ch\/acidul\/files\/2011\/10\/20111005Rapport_activite.pdf\">rapport d&rsquo;activit\u00e9 2010-2011<\/a><\/li>\n\n\n\n<li><a href=\"https:\/\/wp.unil.ch\/acidul\/files\/2010\/10\/101013rapport_activiteAcidul.pdf\">rapport d&rsquo;activit\u00e9 2009-2010<\/a><\/li>\n\n\n\n<li><a href=\"https:\/\/wp.unil.ch\/acidul\/files\/2010\/02\/091007rapport-dactivite.pdf\">rapport d\u2019activit\u00e9 2008-2009<\/a><\/li>\n\n\n\n<li><a href=\"https:\/\/wp.unil.ch\/acidul\/files\/2010\/02\/081024_rapport-dactivite.pdf\">rapport d\u2019activit\u00e9 2007-2008<\/a><\/li>\n<\/ul>\n\n\n\n<p><strong>Proc\u00e8s-verbaux<\/strong> <\/p>\n\n\n\n<p>Vous trouverez ci-dessous les PV des Assembl\u00e9es g\u00e9n\u00e9rales d\u2019ACIDUL, ordinaires et extraordinaires, ainsi que le PV de l\u2019Assembl\u00e9e g\u00e9n\u00e9rale constitutive :<\/p>\n\n\n\n<ul class=\"wp-block-list\">\n<li><a href=\"https:\/\/wp.unil.ch\/acidul\/files\/2025\/10\/20251022_ag_pv.pdf\">Assembl\u00e9e g\u00e9n\u00e9rale ordinaire du 22 octobre 2025<\/a><\/li>\n\n\n\n<li><a href=\"https:\/\/wp.unil.ch\/acidul\/files\/2024\/10\/20241022_AG_PV.pdf\">Assembl\u00e9e g\u00e9n\u00e9rale ordinaire du 22 octobre 2024<\/a><\/li>\n\n\n\n<li><a href=\"https:\/\/wp.unil.ch\/acidul\/files\/2024\/10\/20231017_AG_PV.pdf\">Assembl\u00e9e g\u00e9n\u00e9rale ordinaire du 17 octobre 2023<\/a><\/li>\n\n\n\n<li><a href=\"https:\/\/wp.unil.ch\/acidul\/files\/2022\/11\/20221103_AG_PV.pdf\">Assembl\u00e9e g\u00e9n\u00e9rale ordinaire du 3 novembre 2022<\/a><\/li>\n\n\n\n<li><a href=\"https:\/\/wp.unil.ch\/acidul\/files\/2021\/11\/20211104_AG_PV.pdf\">Assembl\u00e9e g\u00e9n\u00e9rale ordinaire du 4 novembre 2021<\/a><\/li>\n\n\n\n<li><a href=\"https:\/\/wp.unil.ch\/acidul\/files\/2020\/12\/20201203_AG_PV.pdf\">Assembl\u00e9e g\u00e9n\u00e9rale ordinaire du 3 d\u00e9cembre 2020<\/a><\/li>\n\n\n\n<li><a href=\"https:\/\/wp.unil.ch\/acidul\/files\/2019\/10\/20191017_AG_PV.pdf\">Assembl\u00e9e g\u00e9n\u00e9rale ordinaire du 17 octobre 2019<\/a><\/li>\n\n\n\n<li><a href=\"https:\/\/wp.unil.ch\/acidul\/files\/2019\/10\/20181023_PV_AG1-2.pdf\">Assembl\u00e9e g\u00e9n\u00e9rale ordinaire du 23 octobre 2018<\/a><\/li>\n\n\n\n<li><a href=\"https:\/\/wp.unil.ch\/acidul\/files\/2018\/11\/20171023_PV-AG-.docx\">Assembl\u00e9e g\u00e9n\u00e9rale ordinaire du 23 octobre 2017<\/a><\/li>\n\n\n\n<li><a href=\"https:\/\/wp.unil.ch\/acidul\/files\/2010\/02\/20161024_PV-AG-.pdf\">Assembl\u00e9e g\u00e9n\u00e9rale ordinaire du 24 octobre 2016<\/a><\/li>\n\n\n\n<li><a href=\"https:\/\/wp.unil.ch\/acidul\/apropos\/rapports-dactivite\/pv_ag_14_octobre_2015\" rel=\"attachment wp-att-2383\">Assembl\u00e9e g\u00e9n\u00e9rale ordinaire du 14 octobre 2015<\/a><\/li>\n\n\n\n<li><a href=\"https:\/\/wp.unil.ch\/acidul\/files\/2015\/05\/PV_AG_23_octobre_2014.pdf\">Assembl\u00e9e g\u00e9n\u00e9rale ordinaire du 23 octobre 2014<\/a><\/li>\n\n\n\n<li><a href=\"https:\/\/wp.unil.ch\/acidul\/files\/2014\/10\/PV_AG_22_octobre_2013.pdf\">Assembl\u00e9e g\u00e9n\u00e9rale ordinaire du 22 octobre 2013<\/a><\/li>\n\n\n\n<li><a href=\"https:\/\/wp.unil.ch\/acidul\/files\/2013\/03\/20121017_AG_PV.pdf\">Assembl\u00e9e g\u00e9n\u00e9rale ordinaire du 17 octobre 2012<\/a><\/li>\n\n\n\n<li><a href=\"https:\/\/wp.unil.ch\/acidul\/files\/2011\/12\/20111019_AGO_PV.pdf\">Assembl\u00e9e g\u00e9n\u00e9rale ordinaire du 19 octobre 2011<\/a><\/li>\n\n\n\n<li><a href=\"https:\/\/wp.unil.ch\/acidul\/files\/2010\/12\/20101019_AGO_PV.pdf\">Assembl\u00e9e g\u00e9n\u00e9rale ordinaire du 19 octobre 2010<\/a><\/li>\n\n\n\n<li><a href=\"https:\/\/wp.unil.ch\/acidul\/files\/2010\/02\/091022_AGO_PV.pdf\">Assembl\u00e9e g\u00e9n\u00e9rale ordinaire du 22 octobre 2009<\/a><\/li>\n\n\n\n<li><a href=\"https:\/\/wp.unil.ch\/acidul\/files\/2010\/02\/081027_AGO_PV.pdf\">Assembl\u00e9e g\u00e9n\u00e9rale ordinaire du 27 octobre 2008<\/a><\/li>\n\n\n\n<li><a href=\"https:\/\/wp.unil.ch\/acidul\/files\/2010\/02\/080605_AGE_PV.pdf\">Assembl\u00e9e g\u00e9n\u00e9rale extraordinaire du 5 mai 2008<\/a><\/li>\n\n\n\n<li><a href=\"https:\/\/wp.unil.ch\/acidul\/files\/2010\/02\/080313_AGE_PV.pdf\">Assembl\u00e9e g\u00e9n\u00e9rale extraordinaire du 13 mars 2008<\/a><\/li>\n\n\n\n<li><a href=\"https:\/\/wp.unil.ch\/acidul\/files\/2008\/02\/080129_AGE_PV.pdf\">Assembl\u00e9e g\u00e9n\u00e9rale extraordinaire du 29 janvier 2008<\/a><\/li>\n\n\n\n<li><a href=\"https:\/\/wp.unil.ch\/acidul\/files\/2008\/02\/071218_AGE_PV.pdf\">Assembl\u00e9e g\u00e9n\u00e9rale ordinaire du 18 d\u00e9cembre 2007<\/a><\/li>\n\n\n\n<li><a href=\"https:\/\/wp.unil.ch\/acidul\/files\/2010\/02\/061192_AGO_PV.pdf\">Assembl\u00e9e g\u00e9n\u00e9rale ordinaire du 2 novembre 2006<\/a><\/li>\n\n\n\n<li><a href=\"https:\/\/wp.unil.ch\/acidul\/files\/2010\/02\/060504_AGE_PV.pdf\">Assembl\u00e9e g\u00e9n\u00e9rale extraordinaire du 4 mai 2006<\/a><\/li>\n\n\n\n<li><a href=\"https:\/\/wp.unil.ch\/acidul\/files\/2010\/02\/060321_AGE_PV.pdf\">Assembl\u00e9e g\u00e9n\u00e9rale extraordinaire du 21 mars 2006<\/a><\/li>\n\n\n\n<li><a href=\"https:\/\/wp.unil.ch\/acidul\/files\/2010\/02\/051103_AGO_PV.pdf\">Assembl\u00e9e g\u00e9n\u00e9rale ordinaire du 3 novembre 2005<\/a><\/li>\n\n\n\n<li><a href=\"https:\/\/wp.unil.ch\/acidul\/files\/2010\/02\/041201_AGO_PV.pdf\">Assembl\u00e9e g\u00e9n\u00e9rale ordinaire du 1er d\u00e9cembre 2004<\/a><\/li>\n\n\n\n<li><a href=\"https:\/\/wp.unil.ch\/acidul\/files\/2010\/02\/031126_AGO_PV.pdf\">Assembl\u00e9e g\u00e9n\u00e9rale ordinaire du 26 novembre 2003<\/a><\/li>\n\n\n\n<li><a href=\"https:\/\/wp.unil.ch\/acidul\/files\/2010\/02\/030617_AGC_PV.pdf\">Assembl\u00e9e g\u00e9n\u00e9rale constitutive du 17 juin 2003<\/a><\/li>\n<\/ul>\n","protected":false},"excerpt":{"rendered":"<p>Rapports d&rsquo;activit\u00e9 Vous trouverez ci-dessous les rapports d&rsquo;activit\u00e9 annuels d&rsquo;ACIDUL : Proc\u00e8s-verbaux Vous trouverez ci-dessous les PV des Assembl\u00e9es g\u00e9n\u00e9rales d\u2019ACIDUL, ordinaires et extraordinaires, ainsi que le PV de l\u2019Assembl\u00e9e g\u00e9n\u00e9rale constitutive :<\/p>\n","protected":false},"author":197,"featured_media":0,"parent":122,"menu_order":2,"comment_status":"closed","ping_status":"closed","template":"","meta":{"_seopress_robots_primary_cat":"","_seopress_titles_title":"","_seopress_titles_desc":"","_seopress_robots_index":"","footnotes":"","_links_to":"","_links_to_target":""},"class_list":["post-161","page","type-page","status-publish"],"_links":{"self":[{"href":"https:\/\/wp.unil.ch\/acidul\/wp-json\/wp\/v2\/pages\/161","targetHints":{"allow":["GET"]}}],"collection":[{"href":"https:\/\/wp.unil.ch\/acidul\/wp-json\/wp\/v2\/pages"}],"about":[{"href":"https:\/\/wp.unil.ch\/acidul\/wp-json\/wp\/v2\/types\/page"}],"author":[{"embeddable":true,"href":"https:\/\/wp.unil.ch\/acidul\/wp-json\/wp\/v2\/users\/197"}],"replies":[{"embeddable":true,"href":"https:\/\/wp.unil.ch\/acidul\/wp-json\/wp\/v2\/comments?post=161"}],"version-history":[{"count":5,"href":"https:\/\/wp.unil.ch\/acidul\/wp-json\/wp\/v2\/pages\/161\/revisions"}],"predecessor-version":[{"id":4545,"href":"https:\/\/wp.unil.ch\/acidul\/wp-json\/wp\/v2\/pages\/161\/revisions\/4545"}],"up":[{"embeddable":true,"href":"https:\/\/wp.unil.ch\/acidul\/wp-json\/wp\/v2\/pages\/122"}],"wp:attachment":[{"href":"https:\/\/wp.unil.ch\/acidul\/wp-json\/wp\/v2\/media?parent=161"}],"curies":[{"name":"wp","href":"https:\/\/api.w.org\/{rel}","templated":true}]}}