{"id":2168,"date":"2025-01-31T18:10:19","date_gmt":"2025-01-31T17:10:19","guid":{"rendered":"https:\/\/wp.unil.ch\/aail\/?page_id=2168"},"modified":"2026-02-25T17:33:02","modified_gmt":"2026-02-25T16:33:02","slug":"desiseminar","status":"publish","type":"page","link":"https:\/\/wp.unil.ch\/aail\/research\/desiseminar\/","title":{"rendered":"DESI Seminars"},"content":{"rendered":"\n<h2 class=\"wp-block-heading has-text-align-center\">DESI Seminars<\/h2>\n\n\n\n<p>The AAIL invites you to join the DESI Seminars!<\/p>\n\n\n\n<p>The DESI Seminars aims to provide a platform for researchers and experts in related fields to present their latest findings and ongoing work. Through the exchange of ideas and insights, we aim to accelerate the progress of learning. Whether you are an experienced researcher, a student, or simply curious, we welcome you to engage in these seminars. Join us and be part of the conversation shaping the future of the field!<\/p>\n\n\n\n<!--more-->\n\n\n\n<div class=\"wp-block-query is-layout-flow wp-block-query-is-layout-flow\"><ul class=\"wp-block-post-template is-layout-flow wp-block-post-template-is-layout-flow\"><li class=\"wp-block-post post-2917 post type-post status-publish format-standard has-post-thumbnail category-news-in-campus tag-desi-seminar\">\n\n<div class=\"wp-block-columns are-vertically-aligned-center is-layout-flex wp-container-core-columns-is-layout-9d6595d7 wp-block-columns-is-layout-flex\">\n<div class=\"wp-block-column is-vertically-aligned-center is-layout-flow wp-block-column-is-layout-flow\" style=\"flex-basis:25%\"><figure class=\"wp-block-post-featured-image\"><a href=\"https:\/\/wp.unil.ch\/aail\/desi-seminar-cognitive-primacy-in-human-llm-partnerships\/\" target=\"_self\"  ><img loading=\"lazy\" decoding=\"async\" width=\"1200\" height=\"628\" src=\"https:\/\/wp.unil.ch\/aail\/files\/2026\/05\/monideepa-tarafdar.png\" class=\"attachment-post-thumbnail size-post-thumbnail wp-post-image\" alt=\"DESI Seminar:\u00a0Cognitive primacy in human-LLM partnerships\" style=\"object-fit:cover;\" srcset=\"https:\/\/wp.unil.ch\/aail\/files\/2026\/05\/monideepa-tarafdar.png 1200w, https:\/\/wp.unil.ch\/aail\/files\/2026\/05\/monideepa-tarafdar-300x157.png 300w, https:\/\/wp.unil.ch\/aail\/files\/2026\/05\/monideepa-tarafdar-1024x536.png 1024w, https:\/\/wp.unil.ch\/aail\/files\/2026\/05\/monideepa-tarafdar-768x402.png 768w\" sizes=\"auto, (max-width: 1200px) 100vw, 1200px\" \/><\/a><\/figure><\/div>\n\n\n\n<div class=\"wp-block-column is-vertically-aligned-center is-layout-flow wp-block-column-is-layout-flow\" style=\"flex-basis:75%\"><h2 class=\"wp-block-post-title\"><a href=\"https:\/\/wp.unil.ch\/aail\/desi-seminar-cognitive-primacy-in-human-llm-partnerships\/\" target=\"_self\" >DESI Seminar:\u00a0Cognitive primacy in human-LLM partnerships<\/a><\/h2><\/div>\n<\/div>\n\n<\/li><li class=\"wp-block-post post-2913 post type-post status-publish format-standard has-post-thumbnail category-news-in-campus tag-desi-seminar\">\n\n<div class=\"wp-block-columns are-vertically-aligned-center is-layout-flex wp-container-core-columns-is-layout-9d6595d7 wp-block-columns-is-layout-flex\">\n<div class=\"wp-block-column is-vertically-aligned-center is-layout-flow wp-block-column-is-layout-flow\" style=\"flex-basis:25%\"><figure class=\"wp-block-post-featured-image\"><a href=\"https:\/\/wp.unil.ch\/aail\/desi-seminar-trust-and-digital-product-passport-ecosystems\/\" target=\"_self\"  ><img loading=\"lazy\" decoding=\"async\" width=\"1200\" height=\"628\" src=\"https:\/\/wp.unil.ch\/aail\/files\/2026\/02\/baris-ozkan.png\" class=\"attachment-post-thumbnail size-post-thumbnail wp-post-image\" alt=\"DESI Seminar:\u00a0Trust and Digital Product Passport ecosystems\" style=\"object-fit:cover;\" srcset=\"https:\/\/wp.unil.ch\/aail\/files\/2026\/02\/baris-ozkan.png 1200w, https:\/\/wp.unil.ch\/aail\/files\/2026\/02\/baris-ozkan-300x157.png 300w, https:\/\/wp.unil.ch\/aail\/files\/2026\/02\/baris-ozkan-1024x536.png 1024w, https:\/\/wp.unil.ch\/aail\/files\/2026\/02\/baris-ozkan-768x402.png 768w\" sizes=\"auto, (max-width: 1200px) 100vw, 1200px\" \/><\/a><\/figure><\/div>\n\n\n\n<div class=\"wp-block-column is-vertically-aligned-center is-layout-flow wp-block-column-is-layout-flow\" style=\"flex-basis:75%\"><h2 class=\"wp-block-post-title\"><a href=\"https:\/\/wp.unil.ch\/aail\/desi-seminar-trust-and-digital-product-passport-ecosystems\/\" target=\"_self\" >DESI Seminar:\u00a0Trust and Digital Product Passport ecosystems<\/a><\/h2><\/div>\n<\/div>\n\n<\/li><li class=\"wp-block-post post-2858 post type-post status-publish format-standard has-post-thumbnail category-news-in-campus tag-desi-seminar\">\n\n<div class=\"wp-block-columns are-vertically-aligned-center is-layout-flex wp-container-core-columns-is-layout-9d6595d7 wp-block-columns-is-layout-flex\">\n<div class=\"wp-block-column is-vertically-aligned-center is-layout-flow wp-block-column-is-layout-flow\" style=\"flex-basis:25%\"><figure class=\"wp-block-post-featured-image\"><a href=\"https:\/\/wp.unil.ch\/aail\/desi-seminar-designing-for-technology-mediated-sharing-practices-2\/\" target=\"_self\"  ><img loading=\"lazy\" decoding=\"async\" width=\"1200\" height=\"628\" src=\"https:\/\/wp.unil.ch\/aail\/files\/2026\/02\/seminar-anton.png\" class=\"attachment-post-thumbnail size-post-thumbnail wp-post-image\" alt=\"DESI Seminar:\u00a0Designing for Technology-Mediated Sharing Practices\" style=\"object-fit:cover;\" srcset=\"https:\/\/wp.unil.ch\/aail\/files\/2026\/02\/seminar-anton.png 1200w, https:\/\/wp.unil.ch\/aail\/files\/2026\/02\/seminar-anton-300x157.png 300w, https:\/\/wp.unil.ch\/aail\/files\/2026\/02\/seminar-anton-1024x536.png 1024w, https:\/\/wp.unil.ch\/aail\/files\/2026\/02\/seminar-anton-768x402.png 768w\" sizes=\"auto, (max-width: 1200px) 100vw, 1200px\" \/><\/a><\/figure><\/div>\n\n\n\n<div class=\"wp-block-column is-vertically-aligned-center is-layout-flow wp-block-column-is-layout-flow\" style=\"flex-basis:75%\"><h2 class=\"wp-block-post-title\"><a href=\"https:\/\/wp.unil.ch\/aail\/desi-seminar-designing-for-technology-mediated-sharing-practices-2\/\" target=\"_self\" >DESI Seminar:\u00a0Designing for Technology-Mediated Sharing Practices<\/a><\/h2><\/div>\n<\/div>\n\n<\/li><\/ul><\/div>\n\n\n\n<h3 class=\"wp-block-heading has-text-align-center\">Upcoming DESI Seminars<\/h3>\n\n\n\n<p class=\"has-text-align-center\"><strong>2026<\/strong><\/p>\n\n\n\n<p>Mar.17th,\u00a0Dr. Karen Sandoval (UniNe)<br>Mar.24th,\u00a0Nadia Pocher (University of Luxembourg)<br>Apr. 28th, Prof. Kazem Haki (HEG Gen\u00e8ve)<br>May. 12th, Prof. Anastasija Collen (HES-SO &#8211; HEG)<br>May. 26th, Prof. Anton Fedosov (FHNW)<\/p>\n\n\n\n<h3 class=\"wp-block-heading has-text-align-center\">Previous DESI Seminars<\/h3>\n\n\n\n<p class=\"has-text-align-center\"><strong>2026<\/strong><\/p>\n\n\n\n<p>Feb. 9th, Prof. P\u0131nar T\u00f6z\u00fcn (IT University of Copenhagen)<\/p>\n\n\n\n<p class=\"has-text-align-center\"><strong>2025 <\/strong><\/p>\n\n\n\n<div class=\"wp-block-group is-vertical is-layout-flex wp-container-core-group-is-layout-8cf370e7 wp-block-group-is-layout-flex\">\n<p>Feb. 25th, Prof. Patrick Mikalef (Norwegian University of Science and Technology, NTNU)<br>Apr. 1st, Dr. Mario Angst (Universit\u00e4t Z\u00fcrich, UZH)<br>Apr. 8th, Prof. K\u00e9vin Huguenin (University of Lausanne)<br>Apr. 15th, Prof. Matthias S\u00f6llner (University of Kassel)<br>May. 27th, Prof. Andreas Eckhardt (University of Innsbruck)<br>June. 10th, Prof. Thiemo Wambsganss (Bern University of Applied Sciences)<br>Aug. 28th, Dr Ida Asadi Someh (University of Queensland Business School)<br>Oct. 6th, Dr. Debayan Banerjee (Leuphana University of L\u00fcneburg, Germany)<br>Oct.&nbsp;20th, Prof. Sujin Choi (Kyung Hee University, Seoul Korea)<br>Nov.&nbsp;10th, Dr. Ruba Abu-Salma (King&#8217;s College London)<br>Nov. 17th, Prof. Vivianna Fang He (University College London)<\/p>\n<\/div>\n\n\n\n<p class=\"has-text-align-center\"><strong>2024 <\/strong><\/p>\n\n\n\n<p><br>Jan. 10th, Prof. Ivo Blohm (University of St. Gallen, HSG)<br>Mar. 13th, Prof. Julien Malaurent (ESSEC)<br>Mar. 14th, Prof. Leona Chandra Kruse (University of Agder)<br>Mar. 20th, Dr. Kathrin Grosse (\u00c9cole Polytechnique F\u00e9d\u00e9rale de Lausanne, EPFL)<br>Apr. 10th, Prof. Jermain C. Kaminski (Maastricht University)<br>Apr. 17th, Prof. Naomi Haefner (University of St. Gallen, HSG)<br>Apr. 24th, Prof. Stefan Neumann (KTH Stockholm \u2013&gt; TU Wein)<br>May. 29th, Dr. Liudmila Zavolokina (University of Zurich, UZH)<br>June. 3rd, Prof. Elena Parmiggiani (Norwegian University of Science and Technology, NTNU)<br>June. 4th, Dr. S\u00e9bastien Salerno (University of Geneva)<br>June. 13th, Prof. Hani Safadi (University of Georgia)<br>Nov. 11th, Prof. Lydia Y. Chen (University of Neuchatel &amp; Delft University of Technology)<br>Nov. 18 th, Prof. Devinder Thapa (University of Agder)<\/p>\n\n\n\n<p class=\"has-text-align-center\"><strong>2023 <\/strong><\/p>\n\n\n\n<p><br>Oct. 23rd, Prof. Carlotta Domeniconi (George Mason University)<br>Oct. 30th, Dr. Rebekka Burkholz (CISPA Helmholtz Center for Information Security)<br>Dec. 4th, Dr. Julia Amann (Careum Foundation)<\/p>\n","protected":false},"excerpt":{"rendered":"<p>DESI Seminars The AAIL invites you to join the DESI Seminars! The DESI Seminars aims to provide a platform for &hellip; <\/p>\n","protected":false},"author":1002911,"featured_media":0,"parent":327,"menu_order":0,"comment_status":"closed","ping_status":"closed","template":"","meta":{"_seopress_robots_primary_cat":"","_seopress_titles_title":"","_seopress_titles_desc":"","_seopress_robots_index":"","footnotes":""},"class_list":["post-2168","page","type-page","status-publish"],"_links":{"self":[{"href":"https:\/\/wp.unil.ch\/aail\/wp-json\/wp\/v2\/pages\/2168","targetHints":{"allow":["GET"]}}],"collection":[{"href":"https:\/\/wp.unil.ch\/aail\/wp-json\/wp\/v2\/pages"}],"about":[{"href":"https:\/\/wp.unil.ch\/aail\/wp-json\/wp\/v2\/types\/page"}],"author":[{"embeddable":true,"href":"https:\/\/wp.unil.ch\/aail\/wp-json\/wp\/v2\/users\/1002911"}],"replies":[{"embeddable":true,"href":"https:\/\/wp.unil.ch\/aail\/wp-json\/wp\/v2\/comments?post=2168"}],"version-history":[{"count":4,"href":"https:\/\/wp.unil.ch\/aail\/wp-json\/wp\/v2\/pages\/2168\/revisions"}],"predecessor-version":[{"id":2862,"href":"https:\/\/wp.unil.ch\/aail\/wp-json\/wp\/v2\/pages\/2168\/revisions\/2862"}],"up":[{"embeddable":true,"href":"https:\/\/wp.unil.ch\/aail\/wp-json\/wp\/v2\/pages\/327"}],"wp:attachment":[{"href":"https:\/\/wp.unil.ch\/aail\/wp-json\/wp\/v2\/media?parent=2168"}],"curies":[{"name":"wp","href":"https:\/\/api.w.org\/{rel}","templated":true}]}}