{"id":1524,"date":"2024-06-03T23:39:20","date_gmt":"2024-06-03T21:39:20","guid":{"rendered":"https:\/\/wp.unil.ch\/aail\/?page_id=1524"},"modified":"2024-06-03T23:39:22","modified_gmt":"2024-06-03T21:39:22","slug":"minjiseo","status":"publish","type":"page","link":"https:\/\/wp.unil.ch\/aail\/research-assistant-position\/members\/minjiseo\/","title":{"rendered":""},"content":{"rendered":"\n<div class=\"wp-block-columns is-layout-flex wp-container-core-columns-is-layout-9d6595d7 wp-block-columns-is-layout-flex\">\n<div class=\"wp-block-column is-layout-flow wp-block-column-is-layout-flow\">\n<figure class=\"wp-block-image size-full\"><img alt=\"\" loading=\"lazy\" decoding=\"async\" width=\"500\" height=\"500\" src=\"https:\/\/wp.unil.ch\/aail\/files\/2024\/06\/Minji-500x500-1.png\" alt=\"\" class=\"wp-image-1522\" srcset=\"https:\/\/wp.unil.ch\/aail\/files\/2024\/06\/Minji-500x500-1.png 500w, https:\/\/wp.unil.ch\/aail\/files\/2024\/06\/Minji-500x500-1-300x300.png 300w, https:\/\/wp.unil.ch\/aail\/files\/2024\/06\/Minji-500x500-1-150x150.png 150w\" sizes=\"auto, (max-width: 500px) 100vw, 500px\" \/><\/figure>\n<\/div>\n\n\n\n<div class=\"wp-block-column is-layout-flow wp-block-column-is-layout-flow\">\n<div style=\"height:81px\" aria-hidden=\"true\" class=\"wp-block-spacer\"><\/div>\n\n\n\n<hr class=\"wp-block-separator has-alpha-channel-opacity\" \/>\n\n\n\n<h5 class=\"wp-block-heading\">Hello, I am <\/h5>\n\n\n\n<h1 class=\"wp-block-heading has-text-align-left\">Min Ji SEO<\/h1>\n\n\n\n<hr class=\"wp-block-separator has-alpha-channel-opacity\" \/>\n\n\n\n<div style=\"height:81px\" aria-hidden=\"true\" class=\"wp-block-spacer\"><\/div>\n<\/div>\n\n\n\n<div class=\"wp-block-column is-layout-flow wp-block-column-is-layout-flow\">\n<p><\/p>\n<\/div>\n<\/div>\n\n\n\n<p>Hello!<\/p>\n\n\n\n<p>I am a first-year MSc Management student specializing in strategy, organization, and leadership at HEC Lausanne. With a bachelor&#8217;s degree in Hospitality Management from \u00c9cole h\u00f4teli\u00e8re de Lausanne,&nbsp;I gained experience in guest relations, human resources, and the education industry.<\/p>\n\n\n\n<p>My academic interest lies in continuous improvement, in both the people-focused elements and data-driven aspects of improvement efforts.<\/p>\n\n\n\n<p>Outside my academic background, my passion is international cuisine and oenology.<\/p>\n","protected":false},"excerpt":{"rendered":"<p>Hello, I am Min Ji SEO Hello! I am a first-year MSc Management student specializing in strategy, organization, and leadership &hellip; <\/p>\n","protected":false},"author":1002616,"featured_media":0,"parent":164,"menu_order":0,"comment_status":"closed","ping_status":"closed","template":"","meta":{"_seopress_robots_primary_cat":"","_seopress_titles_title":"","_seopress_titles_desc":"","_seopress_robots_index":"","footnotes":""},"class_list":["post-1524","page","type-page","status-publish"],"_links":{"self":[{"href":"https:\/\/wp.unil.ch\/aail\/wp-json\/wp\/v2\/pages\/1524","targetHints":{"allow":["GET"]}}],"collection":[{"href":"https:\/\/wp.unil.ch\/aail\/wp-json\/wp\/v2\/pages"}],"about":[{"href":"https:\/\/wp.unil.ch\/aail\/wp-json\/wp\/v2\/types\/page"}],"author":[{"embeddable":true,"href":"https:\/\/wp.unil.ch\/aail\/wp-json\/wp\/v2\/users\/1002616"}],"replies":[{"embeddable":true,"href":"https:\/\/wp.unil.ch\/aail\/wp-json\/wp\/v2\/comments?post=1524"}],"version-history":[{"count":1,"href":"https:\/\/wp.unil.ch\/aail\/wp-json\/wp\/v2\/pages\/1524\/revisions"}],"predecessor-version":[{"id":1525,"href":"https:\/\/wp.unil.ch\/aail\/wp-json\/wp\/v2\/pages\/1524\/revisions\/1525"}],"up":[{"embeddable":true,"href":"https:\/\/wp.unil.ch\/aail\/wp-json\/wp\/v2\/pages\/164"}],"wp:attachment":[{"href":"https:\/\/wp.unil.ch\/aail\/wp-json\/wp\/v2\/media?parent=1524"}],"curies":[{"name":"wp","href":"https:\/\/api.w.org\/{rel}","templated":true}]}}