{"id":917,"date":"2024-04-11T16:13:44","date_gmt":"2024-04-11T14:13:44","guid":{"rendered":"https:\/\/wp.unil.ch\/20ans-fbm\/?page_id=917"},"modified":"2024-04-29T13:11:55","modified_gmt":"2024-04-29T11:11:55","slug":"escape-game","status":"publish","type":"page","link":"https:\/\/wp.unil.ch\/20ans-fbm\/escape-game\/","title":{"rendered":"Escape Game"},"content":{"rendered":"\n<div class=\"wp-block-media-text alignfull is-stacked-on-mobile is-vertically-aligned-center has-background-background-color has-background\"><figure class=\"wp-block-media-text__media\"><img alt=\"\" loading=\"lazy\" decoding=\"async\" width=\"900\" height=\"900\" src=\"https:\/\/wp.unil.ch\/20ans-fbm\/files\/2024\/03\/CovidBreak.jpg\" alt=\"\" class=\"wp-image-918 size-full\" srcset=\"https:\/\/wp.unil.ch\/20ans-fbm\/files\/2024\/03\/CovidBreak.jpg 900w, https:\/\/wp.unil.ch\/20ans-fbm\/files\/2024\/03\/CovidBreak-300x300.jpg 300w, https:\/\/wp.unil.ch\/20ans-fbm\/files\/2024\/03\/CovidBreak-150x150.jpg 150w, https:\/\/wp.unil.ch\/20ans-fbm\/files\/2024\/03\/CovidBreak-768x768.jpg 768w, https:\/\/wp.unil.ch\/20ans-fbm\/files\/2024\/03\/CovidBreak-540x540.jpg 540w\" sizes=\"auto, (max-width: 900px) 100vw, 900px\" \/><\/figure><div class=\"wp-block-media-text__content\">\n<p><\/p>\n\n\n\n<h3 class=\"wp-block-heading has-text-align-center has-accent-color has-text-color\"><strong>Covid Break<\/strong><\/h3>\n\n\n\n<p class=\"has-text-align-center has-accent-color has-text-color\"><strong><em>\u00c0 vos masques, pr\u00eat\u00b7e\u00b7s, sortez !&nbsp;<\/em><\/strong><\/p>\n\n\n\n<p>2020, l\u2019impensable se produit: le monde est immobilis\u00e9 par un nouveau virus qui pousse les gouvernements du monde entier \u00e0 fermer leurs fronti\u00e8res, freiner l\u2019\u00e9conomie et confiner leur population. Et si la gestion de la crise li\u00e9e au COVID-19 d\u00e9pendait de vous, quelles d\u00e9cisions prendriez-vous?<\/p>\n\n\n\n<p><strong>Par \u00e9quipe de quatre, rendez-vous dans un laboratoire mobile<\/strong> et endossez les r\u00f4les des grands acteurs et actrices de notre soci\u00e9t\u00e9. Que vous soyez citoyen\u00b7ne, journaliste, politicien\u00b7ne ou scientifique, vous devrez chercher des indices et des outils qui vous permettront de prendre des d\u00e9cisions.<\/p>\n\n\n\n<p>Dans ce jeu, vous allez vivre une exp\u00e9rience proche de la r\u00e9alit\u00e9 \u00e0 partir des donn\u00e9es collect\u00e9es au c\u0153ur de l\u2019\u00e9pid\u00e9mie de Covid-19. Vous devrez \u00e0 tout prix r\u00e9ussir \u00e0 d\u00e9confiner la population et relancer l\u2019\u00e9conomie. Cette libert\u00e9 sera symbolis\u00e9e par la cl\u00e9 du bus et un tampon vous laissant le choix de vous faire vacciner.<\/p>\n\n\n\n<p>Ne perdez plus de temps, \u00e0 vous d\u2019agir et de d\u00e9cider \u00abaussi vite que possible, mais aussi lentement que n\u00e9cessaire\u2026\u00bb! R\u00e9servez votre session et montez \u00e0 bord du Bus de L\u2019\u00e9prouvette pour tenter votre chance\u2026<\/p>\n\n\n\n<p>\u00c0 l\u2019issue de cette \u00e9vasion, vous aurez l\u2019occasion de d\u00e9briefer sur l\u2019exp\u00e9rience v\u00e9cue \u00e0 bord et d\u2019ouvrir la discussion sur les diff\u00e9rents enjeux scientifiques, soci\u00e9taux et \u00e9conomiques de cette pand\u00e9mie. Comment fonctionnent les tests de d\u00e9pistage? Que signifie ARNm et comment cette nouvelle m\u00e9thode de vaccination est-elle formul\u00e9e? Et aussi, comment ne pas se noyer dans la profusion et la confusion des informations diffus\u00e9es sur la toile et les r\u00e9seaux sociaux? Autant de questions auxquelles vous pourrez vous confronter.<\/p>\n\n\n\n<p><strong>L\u2019Escape Game vous est propos\u00e9 par le D\u00e9canat de la FBM, en collaboration avec L\u2019\u00e9prouvette, le Laboratoire Sciences et Soci\u00e9t\u00e9 de l\u2019UNIL, et est ouvert \u00e0 l&rsquo;ensemble des membres de la Facult\u00e9 de biologie et de m\u00e9decine de l\u2019UNIL.<\/strong><\/p>\n\n\n<div class=\"wp-block-image\">\n<figure class=\"aligncenter size-medium is-resized\"><a href=\"https:\/\/www.eprouvette-unil.ch\/\"><img alt=\"\" loading=\"lazy\" decoding=\"async\" width=\"300\" height=\"147\" src=\"https:\/\/wp.unil.ch\/20ans-fbm\/files\/2024\/03\/Eprouvette_complet_noir-300x147.png\" alt=\"\" class=\"wp-image-927\" style=\"width:200px\" srcset=\"https:\/\/wp.unil.ch\/20ans-fbm\/files\/2024\/03\/Eprouvette_complet_noir-300x147.png 300w, https:\/\/wp.unil.ch\/20ans-fbm\/files\/2024\/03\/Eprouvette_complet_noir-1024x502.png 1024w, https:\/\/wp.unil.ch\/20ans-fbm\/files\/2024\/03\/Eprouvette_complet_noir-768x376.png 768w, https:\/\/wp.unil.ch\/20ans-fbm\/files\/2024\/03\/Eprouvette_complet_noir-540x264.png 540w, https:\/\/wp.unil.ch\/20ans-fbm\/files\/2024\/03\/Eprouvette_complet_noir.png 1074w\" sizes=\"auto, (max-width: 300px) 100vw, 300px\" \/><\/a><\/figure>\n<\/div><\/div><\/div>\n\n\n\n<p><\/p>\n\n\n\n<div class=\"wp-block-columns alignwide is-layout-flex wp-container-core-columns-is-layout-9d6595d7 wp-block-columns-is-layout-flex\">\n<div class=\"wp-block-column is-layout-flow wp-block-column-is-layout-flow\">\n<p>Pr\u00e9voyez 1h30 (une heure pour sortir du bus et 30 min de d\u00e9briefing), constituez votre \u00e9quipe de 4 personnes et inscrivez-vous.<\/p>\n\n\n\n<p class=\"has-accent-color has-text-color has-link-color wp-elements-c56728d799be3af0dc2e6bb2e97a13f2\"><strong>Obligation de s&rsquo;inscrire en tant qu&rsquo;\u00e9quipe de 4 personnes au nom d&rsquo;une seule personne de r\u00e9f\u00e9rence (capitaine de votre \u00e9quipe), pour l\u2019un des horaires propos\u00e9s.<\/strong><\/p>\n<\/div>\n<\/div>\n\n\n\n<div class=\"wp-block-columns alignwide is-layout-flex wp-container-core-columns-is-layout-9d6595d7 wp-block-columns-is-layout-flex\">\n<div class=\"wp-block-column is-layout-flow wp-block-column-is-layout-flow\">\n<p class=\"has-accent-color has-text-color has-link-color wp-elements-81e5aa50d0a26cdf0896a92989ee453f\"><strong>Site Bugnon\/CHUV<\/strong><\/p>\n\n\n\n<p><strong>Parking entre Rue du Bugnon 25\/27<\/strong><br><strong>(Cit\u00e9 hospitali\u00e8re)<\/strong><\/p>\n\n\n\n<ul class=\"wp-block-list\">\n<li>Mardi, 30 avril 2024: 11h-12h30 <strong>COMPLET!<\/strong><br><font color=\"#8db924 \n\">Report\u00e9, plus d\u2019informations suivront prochainement.<\/font><\/li>\n\n\n\n<li>Mardi, 30 avril 2024: 12h30-14h<strong> COMPLET!<\/strong><\/li>\n\n\n\n<li>Mardi, 30 avril 2024: 14h-15h30 <strong>COMPLET!<\/strong><\/li>\n\n\n\n<li>Mardi, 30 avril 2024: 15h30-17h <strong>COMPLET!<\/strong><\/li>\n\n\n\n<li>Mardi, 30 avril 2024: 17h-18h30 <strong>COMPLET!<\/strong><\/li>\n<\/ul>\n\n\n\n<p><\/p>\n<\/div>\n\n\n\n<div class=\"wp-block-column is-layout-flow wp-block-column-is-layout-flow\">\n<p class=\"has-accent-color has-text-color has-link-color wp-elements-0aec65b1e056e5f69c431bf5bcc5da43\"><strong>Site \u00c9palinges<\/strong><\/p>\n\n\n\n<p><strong>Parking devant le b\u00e2timent B du Centre des Laboratoires d\u2019\u00c9palinges (CLE-B)<\/strong><\/p>\n\n\n\n<ul class=\"wp-block-list\">\n<li>Jeudi, 23 mai 2024: 11h-12h30 <strong>COMPLET!<\/strong><\/li>\n\n\n\n<li>Jeudi, 23 mai 2024: 12h30-14h <strong>COMPLET!<\/strong><\/li>\n\n\n\n<li>Jeudi, 23 mai 2024: 14h-15h30 <strong>COMPLET!<\/strong><\/li>\n\n\n\n<li>Jeudi, 23 mai 2024: 15h30-17h <strong>COMPLET!<\/strong><\/li>\n\n\n\n<li>Jeudi, 23 mai 2024&nbsp;: 17h-18h30 <strong>COMPLET!<\/strong><\/li>\n<\/ul>\n<\/div>\n<\/div>\n\n\n\n<div class=\"wp-block-columns alignwide is-layout-flex wp-container-core-columns-is-layout-9d6595d7 wp-block-columns-is-layout-flex\">\n<div class=\"wp-block-column is-layout-flow wp-block-column-is-layout-flow\">\n<p class=\"has-accent-color has-text-color has-link-color wp-elements-194df67c95c34b0c00c08264b17c0364\"><strong>Site Cery<\/strong><\/p>\n\n\n\n<p><strong>Parking de l\u2019H\u00f4pital de Cery<\/strong><\/p>\n\n\n\n<ul class=\"wp-block-list\">\n<li>Mardi, 4 juin 2024: 11h-12h30 <strong>COMPLET!<\/strong><\/li>\n\n\n\n<li>Mardi, 4 juin 2024: 12h30-14h <strong>COMPLET!<\/strong><\/li>\n\n\n\n<li>Mardi, 4 juin 2024: 14h-15h30 <strong>COMPLET<\/strong>!<\/li>\n\n\n\n<li>Mardi, 4 juin 2024: 15h30-17h <strong>COMPLET!<\/strong><\/li>\n\n\n\n<li>Mardi, 4 juin 2024: 17h-18h30 <strong>COMPLET!<\/strong><\/li>\n<\/ul>\n<\/div>\n\n\n\n<div class=\"wp-block-column is-layout-flow wp-block-column-is-layout-flow\">\n<p class=\"has-accent-color has-text-color has-link-color wp-elements-584f5544ace8f6ddb3eb362c7a1be559\"><strong>Site Campus UNIL<\/strong><\/p>\n\n\n\n<p><strong>Forum de L\u2019\u00e9prouvette (UNIL-Sorge)<\/strong><\/p>\n\n\n\n<ul class=\"wp-block-list\">\n<li>Jeudi, 6 juin 2024: 11h-12h30 <strong>COMPLET!<\/strong><\/li>\n\n\n\n<li>Jeudi, 6 juin 2024: 12h30-14h <strong>COMPLET!<\/strong><\/li>\n\n\n\n<li>Jeudi, 6 juin 2024: 14h-15h30 <strong>COMPLET!<\/strong><\/li>\n\n\n\n<li>Jeudi, 6 juin 2024: 15h30-17h <strong>COMPLET!<\/strong><\/li>\n\n\n\n<li>Jeudi, 6 juin 2024: 17h-18h30 <strong>COMPLET!<\/strong><\/li>\n<\/ul>\n<\/div>\n<\/div>\n\n\n\n<p><\/p>\n","protected":false},"excerpt":{"rendered":"<p>Pr\u00e9voyez 1h30 (une heure pour sortir du bus et 30 min de d\u00e9briefing), constituez votre \u00e9quipe de 4 personnes et inscrivez-vous. Obligation de s&rsquo;inscrire en tant qu&rsquo;\u00e9quipe de&hellip;<\/p>\n","protected":false},"author":855,"featured_media":0,"parent":0,"menu_order":0,"comment_status":"closed","ping_status":"closed","template":"template-full-width.php","meta":{"_seopress_robots_primary_cat":"","_seopress_titles_title":"","_seopress_titles_desc":"","_seopress_robots_index":"","footnotes":""},"class_list":["post-917","page","type-page","status-publish","has-post-thumbnail"],"_links":{"self":[{"href":"https:\/\/wp.unil.ch\/20ans-fbm\/wp-json\/wp\/v2\/pages\/917","targetHints":{"allow":["GET"]}}],"collection":[{"href":"https:\/\/wp.unil.ch\/20ans-fbm\/wp-json\/wp\/v2\/pages"}],"about":[{"href":"https:\/\/wp.unil.ch\/20ans-fbm\/wp-json\/wp\/v2\/types\/page"}],"author":[{"embeddable":true,"href":"https:\/\/wp.unil.ch\/20ans-fbm\/wp-json\/wp\/v2\/users\/855"}],"replies":[{"embeddable":true,"href":"https:\/\/wp.unil.ch\/20ans-fbm\/wp-json\/wp\/v2\/comments?post=917"}],"version-history":[{"count":5,"href":"https:\/\/wp.unil.ch\/20ans-fbm\/wp-json\/wp\/v2\/pages\/917\/revisions"}],"predecessor-version":[{"id":1027,"href":"https:\/\/wp.unil.ch\/20ans-fbm\/wp-json\/wp\/v2\/pages\/917\/revisions\/1027"}],"wp:attachment":[{"href":"https:\/\/wp.unil.ch\/20ans-fbm\/wp-json\/wp\/v2\/media?parent=917"}],"curies":[{"name":"wp","href":"https:\/\/api.w.org\/{rel}","templated":true}]}}