{"id":843,"date":"2024-02-28T08:29:55","date_gmt":"2024-02-28T07:29:55","guid":{"rendered":"https:\/\/wp.unil.ch\/20ans-fbm\/?page_id=843"},"modified":"2024-08-29T10:35:41","modified_gmt":"2024-08-29T08:35:41","slug":"quiz-n4","status":"publish","type":"page","link":"https:\/\/wp.unil.ch\/20ans-fbm\/quiz\/quiz-n4\/","title":{"rendered":"Quiz n\u00b04 : Tellement mignon"},"content":{"rendered":"\n<figure class=\"wp-block-image alignwide size-large\"><img alt=\"\" loading=\"lazy\" decoding=\"async\" width=\"1024\" height=\"647\" src=\"https:\/\/wp.unil.ch\/20ans-fbm\/files\/2024\/02\/loris-1024x647.jpg\" alt=\"\" class=\"wp-image-850\" srcset=\"https:\/\/wp.unil.ch\/20ans-fbm\/files\/2024\/02\/loris-1024x647.jpg 1024w, https:\/\/wp.unil.ch\/20ans-fbm\/files\/2024\/02\/loris-300x190.jpg 300w, https:\/\/wp.unil.ch\/20ans-fbm\/files\/2024\/02\/loris-768x485.jpg 768w, https:\/\/wp.unil.ch\/20ans-fbm\/files\/2024\/02\/loris-540x341.jpg 540w, https:\/\/wp.unil.ch\/20ans-fbm\/files\/2024\/02\/loris-1080x682.jpg 1080w, https:\/\/wp.unil.ch\/20ans-fbm\/files\/2024\/02\/loris.jpg 1260w\" sizes=\"auto, (max-width: 1024px) 100vw, 1024px\" \/><\/figure>\n\n\n\n<p>Le loris (ici un loris lent de Java, ou nyctic\u00e8be de Java) est un petit primate asiatique d\u2019une trentaine de centim\u00e8tres, pesant entre 500 et 600 g. Tellement mignon que certains en font un animal de compagnie, mettant l\u2019esp\u00e8ce en danger.<\/p>\n\n\n\n<p><strong>Mais que fait ce loris, qui l\u00e8ve les deux bras?<\/strong><\/p>\n\n\n\n<ul class=\"wp-block-list\">\n<li>Il baille en se r\u00e9veillant de sa sieste<\/li>\n\n\n\n<li>Il se met en position de d\u00e9fense<\/li>\n\n\n\n<li>Il amorce un rituel nuptial (des glandes pr\u00e9sentes sur ses bras secr\u00e8tent une odeur qui attire les femelles)<\/li>\n\n\n\n<li>Il s\u2019appr\u00eate \u00e0 porter une claquette \u00ab\u00e0 la Lloris\u00bb pour mettre le ballon en corner<\/li>\n<\/ul>\n\n\n\n<details class=\"wp-block-details is-layout-flow wp-block-details-is-layout-flow\"><summary>D\u00e9couvrez la r\u00e9ponse<\/summary>\n<p>Il fallait s\u00e9lectionner la deuxi\u00e8me r\u00e9ponse, <strong>il se met en position de d\u00e9fense<\/strong>. Le loris est en effet un des rares mammif\u00e8res venimeux (avec l\u2019ornithorynque, certaines esp\u00e8ces de musaraignes et la chauve-souris vampire), et l\u2019unique primate \u00e0 utiliser le venin pour se d\u00e9fendre (une assertion que contestent certaines, confront\u00e9es aux aisselles de leur conjoint en fin de journ\u00e9e).<\/p>\n\n\n\n<p>Comment fait-il? Une glande pr\u00e9sente \u00e0 l\u2019int\u00e9rieur de son coude secr\u00e8te la substance en question, une prot\u00e9ine toxique: c\u2019est en dressant ses bras au-dessus de sa t\u00eate (comme sur la photo, prise \u00e0 Cipaganti en Indon\u00e9sie) que le loris \u00abcharge\u00bb son dispositif, m\u00e9langeant l\u2019exsudat de ses glandes brachiales avec sa salive. Ce sont en effet des enzymes pr\u00e9sentes dans la salive qui activent la toxine \u2013 cette activation d\u2019un venin&nbsp;en deux \u00e9tapes&nbsp;est unique dans le monde animal. Il ne reste d\u00e8s lors plus au petit primate, les dents impr\u00e9gn\u00e9es, qu\u2019\u00e0 mordre.<\/p>\n\n\n\n<p>Une morsure douloureuse qui peut avoir, chez l\u2019homme, une large gamme d\u2019effets: d\u2019une petite r\u00e9action sans cons\u00e9quence au choc anaphylactique, potentiellement mortel.<\/p>\n\n\n\n<p>M\u00e9fiance donc, si un loris l\u00e8ve le coude!<\/p>\n\n\n\n<p>Et retrouvez plus d\u2019informations sur les m\u00e9canismes d\u2019attaque-d\u00e9fense dans l\u2019<a href=\"https:\/\/wp.unil.ch\/20ans-fbm\/podcasts\/#ep4\" data-type=\"link\" data-id=\"https:\/\/wp.unil.ch\/20ans-fbm\/podcasts\/#ep4\">\u00e9pisode n\u00b04<\/a>&nbsp;de notre podcast, o\u00f9 vous pourrez entendre la DreSc. Giulia Zancolli, chercheuse au D\u00e9partement d\u2019\u00e9cologie et \u00e9volution de l\u2019UNIL, qui nous a \u00e9galement apport\u00e9 son aide pour ce quiz.<\/p>\n<\/details>\n\n\n\n<hr class=\"wp-block-separator has-alpha-channel-opacity\" \/>\n\n\n\n<p class=\"has-large-font-size\"><\/p>\n\n\n\n<p>L\u2019heureux gagnant du Quiz n\u00b04 est <strong>John Prior<\/strong>, professeur \u00e0 la FBM. F\u00e9licitations \u00e0 lui!<\/p>\n\n\n\n<p class=\"has-large-font-size\"><a href=\"https:\/\/wp.unil.ch\/20ans-fbm\/quiz\/quiz-n5\/\" data-type=\"link\" data-id=\"https:\/\/wp.unil.ch\/20ans-fbm\/quiz\/quiz-n5\/\">&gt; Quiz n\u00b05<\/a><\/p>\n\n\n<\/details>","protected":false},"excerpt":{"rendered":"<p>Le loris (ici un loris lent de Java, ou nyctic\u00e8be de Java) est un petit primate asiatique d\u2019une trentaine de centim\u00e8tres, pesant entre 500 et 600 g. Tellement&hellip;<\/p>\n","protected":false},"author":855,"featured_media":0,"parent":536,"menu_order":0,"comment_status":"closed","ping_status":"closed","template":"template-full-width.php","meta":{"_seopress_robots_primary_cat":"","_seopress_titles_title":"","_seopress_titles_desc":"","_seopress_robots_index":"","footnotes":""},"class_list":["post-843","page","type-page","status-publish","has-post-thumbnail"],"_links":{"self":[{"href":"https:\/\/wp.unil.ch\/20ans-fbm\/wp-json\/wp\/v2\/pages\/843","targetHints":{"allow":["GET"]}}],"collection":[{"href":"https:\/\/wp.unil.ch\/20ans-fbm\/wp-json\/wp\/v2\/pages"}],"about":[{"href":"https:\/\/wp.unil.ch\/20ans-fbm\/wp-json\/wp\/v2\/types\/page"}],"author":[{"embeddable":true,"href":"https:\/\/wp.unil.ch\/20ans-fbm\/wp-json\/wp\/v2\/users\/855"}],"replies":[{"embeddable":true,"href":"https:\/\/wp.unil.ch\/20ans-fbm\/wp-json\/wp\/v2\/comments?post=843"}],"version-history":[{"count":5,"href":"https:\/\/wp.unil.ch\/20ans-fbm\/wp-json\/wp\/v2\/pages\/843\/revisions"}],"predecessor-version":[{"id":1083,"href":"https:\/\/wp.unil.ch\/20ans-fbm\/wp-json\/wp\/v2\/pages\/843\/revisions\/1083"}],"up":[{"embeddable":true,"href":"https:\/\/wp.unil.ch\/20ans-fbm\/wp-json\/wp\/v2\/pages\/536"}],"wp:attachment":[{"href":"https:\/\/wp.unil.ch\/20ans-fbm\/wp-json\/wp\/v2\/media?parent=843"}],"curies":[{"name":"wp","href":"https:\/\/api.w.org\/{rel}","templated":true}]}}