{"id":536,"date":"2023-09-13T10:30:25","date_gmt":"2023-09-13T08:30:25","guid":{"rendered":"https:\/\/wp.unil.ch\/20ans-fbm\/?page_id=536"},"modified":"2024-10-09T15:14:39","modified_gmt":"2024-10-09T13:14:39","slug":"quiz","status":"publish","type":"page","link":"https:\/\/wp.unil.ch\/20ans-fbm\/quiz\/","title":{"rendered":"Quiz"},"content":{"rendered":"\n<div class=\"wp-block-media-text alignfull is-stacked-on-mobile is-vertically-aligned-center has-background-background-color has-background\"><figure class=\"wp-block-media-text__media\"><img alt=\"\" loading=\"lazy\" decoding=\"async\" width=\"900\" height=\"900\" src=\"https:\/\/wp.unil.ch\/20ans-fbm\/files\/2023\/09\/question_mark.jpg\" alt=\"\" class=\"wp-image-538 size-full\" srcset=\"https:\/\/wp.unil.ch\/20ans-fbm\/files\/2023\/09\/question_mark.jpg 900w, https:\/\/wp.unil.ch\/20ans-fbm\/files\/2023\/09\/question_mark-300x300.jpg 300w, https:\/\/wp.unil.ch\/20ans-fbm\/files\/2023\/09\/question_mark-150x150.jpg 150w, https:\/\/wp.unil.ch\/20ans-fbm\/files\/2023\/09\/question_mark-768x768.jpg 768w, https:\/\/wp.unil.ch\/20ans-fbm\/files\/2023\/09\/question_mark-540x540.jpg 540w\" sizes=\"auto, (max-width: 900px) 100vw, 900px\" \/><\/figure><div class=\"wp-block-media-text__content\">\n<p><\/p>\n\n\n\n<h3 class=\"wp-block-heading has-text-align-center has-accent-color has-text-color\"><strong>La FBM f\u00eate ses 20 ans<\/strong><\/h3>\n\n\n\n<p><strong>D\u00e9couvrez le <em>Quiz des 20 ans<\/em> de notre facult\u00e9\u00a0: testez vos connaissances et remportez des prix inspirants \u2013 et durables\u00a0!<\/strong><\/p>\n<p>Notre podcast vous invite \u00e0 plonger dans le monde diversifi\u00e9 de la recherche et de l\u2019enseignement \u00e0 la FBM, et notre quiz vous propose d\u2019aller encore plus loin !<\/p>\n<p>Chaque mois, nous vous posons une question th\u00e9matiquement li\u00e9e aux \u00e9pisodes r\u00e9cents de <a href=\"https:\/\/wp.unil.ch\/20ans-fbm\/podcasts\/\"><em>La FBM dans les oreilles<\/em><\/a>. Cependant, nul besoin d\u2019avoir \u00e9cout\u00e9 le podcast pour y r\u00e9pondre, car le quiz explorera d\u2019autres facettes des sujets abord\u00e9s. Relevez le d\u00e9fi, testez vos connaissances\u2026 et gagnez un de nos prix mensuels, voire le grand prix final\u00a0!<\/p>\n<p><strong>Comment \u00e7a marche\u00a0?<\/strong><\/p>\n<ul>\n<li>Chaque mois, nous d\u00e9voilerons une nouvelle question li\u00e9e au sujet trait\u00e9 dans le dernier \u00e9pisode du podcast.<\/li>\n<li>R\u00e9pondez correctement \u00e0 la question du mois pour avoir la chance de remporter le prix mensuel (par tirage au sort mensuel parmi les bonnes r\u00e9ponses).<\/li>\n<li>Chaque r\u00e9ponse correcte \u00e0 une question mensuelle augmentera vos chances de remporter le grand prix \u00e0 la fin de la s\u00e9rie (cl\u00f4ture du semestre de printemps 2024), qui sera tir\u00e9 au sort parmi toutes les bonnes r\u00e9ponses aux quiz mensuels.<\/li>\n<li>Qu\u2019est-ce qu\u2019il y a \u00e0 gagner\u00a0?\n<ul>\n<li>Prix mensuels\u00a0: <strong>Bons de 50 CHF<\/strong> pour des produits issus de la <a href=\"https:\/\/fermedebassenges.ch\/\">Ferme de Bassenges<\/a>.<\/li>\n<li>Grand prix final\u00a0: <strong>Bon de 1000 CHF<\/strong> \u00e0 utiliser chez <a href=\"https:\/\/www.velomania.ch\/fr\/c\/15-lausanne?gad_source=1\">V\u00e9lomania<\/a> !<\/li>\n<\/ul>\n<\/li>\n<\/ul>\n<p style=\"text-align: left\"><a href=\"https:\/\/wp.unil.ch\/20ans-fbm\/files\/2023\/10\/ReglementQuiz20ans_signed.pdf\" target=\"_blank\" rel=\"noopener\">R\u00e8glement du concours<\/a><\/p>\n<\/div><\/div>\n\n\n\n<p><\/p>\n\n\n\n<p>Le quiz des 20 ans s&rsquo;est termin\u00e9. Nous tenons \u00e0 remercier encore tous les participant\u00b7es et adressons nos f\u00e9licitations \u00e0 tous les gagnant\u00b7es!<\/p>\n\n\n\n<p>Si vous avez rat\u00e9 l&rsquo;un ou l&rsquo;autre quiz, vous trouverez ci-dessous toutes les questions (et toutes les r\u00e9ponses!)<\/p>\n\n\n\n<ul class=\"wp-block-list has-large-font-size\">\n<li><a class=\"wp-block-pages-list__item__link\" href=\"https:\/\/wp.unil.ch\/20ans-fbm\/quiz\/quiz-1\/\">Quiz n\u00b01 : La peur<\/a><\/li>\n\n\n\n<li><a class=\"wp-block-pages-list__item__link\" href=\"https:\/\/wp.unil.ch\/20ans-fbm\/quiz\/quiz-n2\/\">Quiz n\u00b02 : Les cong\u00e9lateurs aussi se r\u00e9chauffent<\/a><\/li>\n\n\n\n<li><a class=\"wp-block-pages-list__item__link\" href=\"https:\/\/wp.unil.ch\/20ans-fbm\/quiz\/quiz-n3\/\">Quiz n\u00b03 : Vous reprendrez bien un vers ?<\/a><\/li>\n\n\n\n<li><a class=\"wp-block-pages-list__item__link\" href=\"https:\/\/wp.unil.ch\/20ans-fbm\/quiz\/quiz-n4\/\">Quiz n\u00b04 : Tellement mignon<\/a><\/li>\n\n\n\n<li><a class=\"wp-block-pages-list__item__link\" href=\"https:\/\/wp.unil.ch\/20ans-fbm\/quiz\/quiz-n5\/\">Quiz n\u00b05 : Image \u00e9pineuse<\/a><\/li>\n\n\n\n<li><a class=\"wp-block-pages-list__item__link\" href=\"https:\/\/wp.unil.ch\/20ans-fbm\/quiz\/quiz-n6\/\">Quiz n\u00b06 : \u00c0 en perdre son latin<\/a><\/li>\n\n\n\n<li><a class=\"wp-block-pages-list__item__link\" href=\"https:\/\/wp.unil.ch\/20ans-fbm\/quiz\/quiz-n7\/\">Quiz n\u00b07 : Poup\u00e9es chinoises<\/a><\/li>\n\n\n\n<li><a class=\"wp-block-pages-list__item__link\" href=\"https:\/\/wp.unil.ch\/20ans-fbm\/quiz\/quiz-n8\/\">Quiz n\u00b08 : Charade minuscule<\/a><\/li>\n\n\n\n<li><a class=\"wp-block-pages-list__item__link\" href=\"https:\/\/wp.unil.ch\/20ans-fbm\/quiz\/quiz-n9\/\">Quiz bonus : Objet myst\u00e8re<\/a><\/li>\n<\/ul>\n\n\n\n<p><\/p>\n","protected":false},"excerpt":{"rendered":"<p>La FBM f\u00eate ses 20 ans D\u00e9couvrez le Quiz des 20 ans de notre facult\u00e9\u00a0: testez vos connaissances et remportez des prix inspirants \u2013 et durables\u00a0! Notre podcast&hellip;<\/p>\n","protected":false},"author":855,"featured_media":0,"parent":0,"menu_order":0,"comment_status":"closed","ping_status":"closed","template":"template-full-width.php","meta":{"_seopress_robots_primary_cat":"","_seopress_titles_title":"","_seopress_titles_desc":"","_seopress_robots_index":"","footnotes":""},"class_list":["post-536","page","type-page","status-publish","has-post-thumbnail"],"_links":{"self":[{"href":"https:\/\/wp.unil.ch\/20ans-fbm\/wp-json\/wp\/v2\/pages\/536","targetHints":{"allow":["GET"]}}],"collection":[{"href":"https:\/\/wp.unil.ch\/20ans-fbm\/wp-json\/wp\/v2\/pages"}],"about":[{"href":"https:\/\/wp.unil.ch\/20ans-fbm\/wp-json\/wp\/v2\/types\/page"}],"author":[{"embeddable":true,"href":"https:\/\/wp.unil.ch\/20ans-fbm\/wp-json\/wp\/v2\/users\/855"}],"replies":[{"embeddable":true,"href":"https:\/\/wp.unil.ch\/20ans-fbm\/wp-json\/wp\/v2\/comments?post=536"}],"version-history":[{"count":5,"href":"https:\/\/wp.unil.ch\/20ans-fbm\/wp-json\/wp\/v2\/pages\/536\/revisions"}],"predecessor-version":[{"id":1123,"href":"https:\/\/wp.unil.ch\/20ans-fbm\/wp-json\/wp\/v2\/pages\/536\/revisions\/1123"}],"wp:attachment":[{"href":"https:\/\/wp.unil.ch\/20ans-fbm\/wp-json\/wp\/v2\/media?parent=536"}],"curies":[{"name":"wp","href":"https:\/\/api.w.org\/{rel}","templated":true}]}}