{"id":446,"date":"2023-10-18T17:00:07","date_gmt":"2023-10-18T15:00:07","guid":{"rendered":"https:\/\/wp.unil.ch\/20ans-fbm\/?page_id=446"},"modified":"2024-08-29T10:32:50","modified_gmt":"2024-08-29T08:32:50","slug":"quiz-1","status":"publish","type":"page","link":"https:\/\/wp.unil.ch\/20ans-fbm\/quiz\/quiz-1\/","title":{"rendered":"Quiz n\u00b01 : La peur"},"content":{"rendered":"\n<figure class=\"wp-block-image alignwide size-large\"><img alt=\"\" loading=\"lazy\" decoding=\"async\" width=\"1024\" height=\"650\" src=\"https:\/\/wp.unil.ch\/20ans-fbm\/files\/2024\/02\/chouette_effraie-1024x650.jpg\" alt=\"\" class=\"wp-image-848\" srcset=\"https:\/\/wp.unil.ch\/20ans-fbm\/files\/2024\/02\/chouette_effraie-1024x650.jpg 1024w, https:\/\/wp.unil.ch\/20ans-fbm\/files\/2024\/02\/chouette_effraie-300x190.jpg 300w, https:\/\/wp.unil.ch\/20ans-fbm\/files\/2024\/02\/chouette_effraie-768x488.jpg 768w, https:\/\/wp.unil.ch\/20ans-fbm\/files\/2024\/02\/chouette_effraie-540x343.jpg 540w, https:\/\/wp.unil.ch\/20ans-fbm\/files\/2024\/02\/chouette_effraie-1080x686.jpg 1080w, https:\/\/wp.unil.ch\/20ans-fbm\/files\/2024\/02\/chouette_effraie.jpg 1260w\" sizes=\"auto, (max-width: 1024px) 100vw, 1024px\" \/><\/figure>\n\n\n\n<p>Son nom scientifique \u2013 <em>Tyto alba<\/em>, \u00abchouette blanche\u00bb\u2013 est trompeur: l\u2019effraie des clochers peut \u00eatre aussi blanche que rousse fonc\u00e9e. On parle de polymorphisme du plumage, et dame Nature ne laissant rien au hasard, ces variations peuvent donner un avantage \u00e0 l\u2019individu, en termes \u00e9volutifs. Notamment dans son comportement de chasse. Voil\u00e0 qui nous am\u00e8ne \u00e0 notre question du jour:<br><\/p>\n\n\n\n<p><strong>Par une nuit de pleine lune, entre une effraie blanche et une effraie rousse fonc\u00e9e, laquelle mettra le plus de campagnols \u00e0 son tableau de chasse?<\/strong><\/p>\n\n\n<ul>\n<li>Effraie rousse fonc\u00e9e<\/li>\n<li>Effraie blanche<\/li>\n<\/ul>\n\n\n<details class=\"wp-block-details is-layout-flow wp-block-details-is-layout-flow\"><summary>D\u00e9couvrez la r\u00e9ponse<\/summary>\n<p>Premier constat: les effraies \u00e0 plumage roux ram\u00e8nent plus de proies \u00e0 leurs oisillons pendant la nouvelle lune que le reste du temps. C\u2019\u00e9tait attendu, les pr\u00e9dateurs nocturnes \u00e9tant en g\u00e9n\u00e9ral plus efficaces au d\u00e9but du cycle lunaire, quand l\u2019obscurit\u00e9 les dissimule \u00e0 leurs victimes. Mais, et c\u2019est plus surprenant, <strong><font color=\"#c0ecfd\">les effraies blanches sont plus efficaces durant la pleine lune qu\u2019\u00e0 la nouvelle lune, battant alors largement leurs comp\u00e9titrices rousses<\/font><\/strong>. C\u2019est ce qui ressort des travaux du groupe de recherche d\u2019Alexandre Roulin, publi\u00e9s dans <a href=\"https:\/\/www.nature.com\/articles\/s41559-019-0967-2\"><em>Nature Ecology &amp; Evolution<\/em><\/a>. Une publication dont Luis&nbsp;M. San-Jose est le premier auteur.<\/p>\n\n\n\n<p>Seconde observation contre-intuitive: s\u2019appuyant sur des donn\u00e9es GPS, l\u2019\u00e9quipe du professeur Roulin s\u2019est aper\u00e7ue que les chouettes blanches pr\u00e9f\u00e9raient faire face \u00e0 la lune en chassant, l\u2019astre se refl\u00e9tant alors sur leur plumage et les rendant donc encore plus visibles \u00e0 leurs proies.<\/p>\n\n\n\n<p>De quoi rendre perplexes les chercheurs, qui ont toutefois trouv\u00e9 une explication: ce faisant, les effraies blanches g\u00e9n\u00e8rent un effet de t\u00e9tanisation chez leurs victimes, qui arr\u00eatent de bouger (<em>froze<\/em> en anglais). Selon les donn\u00e9es des scientifiques, les campagnols \u00abgelaient\u00bb pendant 9 secondes de plus en conditions de pleine lune par rapport \u00e0 la nouvelle lune, et pendant 5 secondes de plus quand l\u2019approche \u00e9tait faite par une effraie blanche plut\u00f4t qu\u2019une rousse, toujours en conditions de pleine lune.<\/p>\n\n\n\n<p>De l\u00e0 \u00e0 dire que le blanc flanque les chocottes, il y a un pas qu\u2019on ne franchira pas. M\u00eame si le drap immacul\u00e9 semble avoir la nette pr\u00e9f\u00e9rence des fant\u00f4mes des ch\u00e2teaux d\u2019\u00c9cosse\u2026<\/p>\n<\/details>\n\n\n\n<hr class=\"wp-block-separator has-alpha-channel-opacity\" \/>\n\n\n<p>L&rsquo;heureuse gagnante du Quiz n\u00b01 est <strong>Rut Mayo De La Iglesia<\/strong>, \u00e9tudiante \u00e0 la FBM. F\u00e9licitations \u00e0 elle!<\/p>\n\n\n<p class=\"has-large-font-size\"><a href=\"https:\/\/wp.unil.ch\/20ans-fbm\/quiz\/quiz-n2\/\" data-type=\"page\" data-id=\"670\">&gt; Quiz n\u00b02<\/a><\/p>\n","protected":false},"excerpt":{"rendered":"<p>Son nom scientifique \u2013 Tyto alba, \u00abchouette blanche\u00bb\u2013 est trompeur: l\u2019effraie des clochers peut \u00eatre aussi blanche que rousse fonc\u00e9e. On parle de polymorphisme du plumage, et dame&hellip;<\/p>\n","protected":false},"author":855,"featured_media":0,"parent":536,"menu_order":0,"comment_status":"closed","ping_status":"closed","template":"template-full-width.php","meta":{"_seopress_robots_primary_cat":"","_seopress_titles_title":"","_seopress_titles_desc":"","_seopress_robots_index":"","footnotes":"[]"},"class_list":["post-446","page","type-page","status-publish","has-post-thumbnail"],"_links":{"self":[{"href":"https:\/\/wp.unil.ch\/20ans-fbm\/wp-json\/wp\/v2\/pages\/446","targetHints":{"allow":["GET"]}}],"collection":[{"href":"https:\/\/wp.unil.ch\/20ans-fbm\/wp-json\/wp\/v2\/pages"}],"about":[{"href":"https:\/\/wp.unil.ch\/20ans-fbm\/wp-json\/wp\/v2\/types\/page"}],"author":[{"embeddable":true,"href":"https:\/\/wp.unil.ch\/20ans-fbm\/wp-json\/wp\/v2\/users\/855"}],"replies":[{"embeddable":true,"href":"https:\/\/wp.unil.ch\/20ans-fbm\/wp-json\/wp\/v2\/comments?post=446"}],"version-history":[{"count":4,"href":"https:\/\/wp.unil.ch\/20ans-fbm\/wp-json\/wp\/v2\/pages\/446\/revisions"}],"predecessor-version":[{"id":1079,"href":"https:\/\/wp.unil.ch\/20ans-fbm\/wp-json\/wp\/v2\/pages\/446\/revisions\/1079"}],"up":[{"embeddable":true,"href":"https:\/\/wp.unil.ch\/20ans-fbm\/wp-json\/wp\/v2\/pages\/536"}],"wp:attachment":[{"href":"https:\/\/wp.unil.ch\/20ans-fbm\/wp-json\/wp\/v2\/media?parent=446"}],"curies":[{"name":"wp","href":"https:\/\/api.w.org\/{rel}","templated":true}]}}