{"id":339,"date":"2023-06-08T15:20:45","date_gmt":"2023-06-08T13:20:45","guid":{"rendered":"https:\/\/wp.unil.ch\/20ans-fbm\/?page_id=339"},"modified":"2025-01-28T14:39:46","modified_gmt":"2025-01-28T13:39:46","slug":"la-fbm-fete-ses-20-ans","status":"publish","type":"page","link":"https:\/\/wp.unil.ch\/20ans-fbm\/","title":{"rendered":"La FBM f\u00eate ses 20 ans"},"content":{"rendered":"\n<div class=\"wp-block-columns alignwide is-layout-flex wp-container-core-columns-is-layout-9d6595d7 wp-block-columns-is-layout-flex\">\n<div class=\"wp-block-column is-layout-flow wp-block-column-is-layout-flow\">\n<h3 class=\"wp-block-heading\" style=\"font-size:24px;line-height:1.3\"><strong>Podcast<\/strong><\/h3>\n\n\n\n<figure class=\"wp-block-image size-full\"><a href=\"https:\/\/wp.unil.ch\/20ans-fbm\/podcasts\/\"><img alt=\"\" loading=\"lazy\" decoding=\"async\" width=\"900\" height=\"900\" src=\"https:\/\/wp.unil.ch\/20ans-fbm\/files\/2023\/08\/fennec_airpod.jpg\" alt=\"\" class=\"wp-image-449\" srcset=\"https:\/\/wp.unil.ch\/20ans-fbm\/files\/2023\/08\/fennec_airpod.jpg 900w, https:\/\/wp.unil.ch\/20ans-fbm\/files\/2023\/08\/fennec_airpod-300x300.jpg 300w, https:\/\/wp.unil.ch\/20ans-fbm\/files\/2023\/08\/fennec_airpod-150x150.jpg 150w, https:\/\/wp.unil.ch\/20ans-fbm\/files\/2023\/08\/fennec_airpod-768x768.jpg 768w, https:\/\/wp.unil.ch\/20ans-fbm\/files\/2023\/08\/fennec_airpod-540x540.jpg 540w\" sizes=\"auto, (max-width: 900px) 100vw, 900px\" \/><\/a><\/figure>\n\n\n\n<div class=\"wp-block-buttons is-content-justification-center is-layout-flex wp-container-core-buttons-is-layout-16018d1d wp-block-buttons-is-layout-flex\">\n<div class=\"wp-block-button\"><a class=\"wp-block-button__link has-buttons-text-color has-accent-background-color has-text-color has-background wp-element-button\" href=\"https:\/\/wp.unil.ch\/20ans-fbm\/podcasts\/\" style=\"border-radius:40px\">\u00c9coutez !<\/a><\/div>\n<\/div>\n\n\n\n<p><span style=\"color: #ffffff\"><span style=\"color: #8db924\"><strong>La FBM dans les oreilles<br \/><\/strong>Un podcast de vulgarisation scientifique<\/span><br \/>Pour f\u00eater ses 20 ans, la FBM vous propose une <span class=\"ui-provider ayo ayp ayq ayr ays ayt ayu ayv ayw ayx ayy ayz aza azb azc azd aze azf azg azh azi azj azk azl azm azn azo azp azq azr azs azt azu azv azw\" dir=\"ltr\">s\u00e9rie d&rsquo;\u00e9pisodes<\/span> in\u00e9dits, mettant chacun en lumi\u00e8re une facette de la recherche et des activit\u00e9s de notre facult\u00e9. De quoi faire <strong><span style=\"color: #8db924\">le plein de science par les oreilles<\/span><\/strong>. <br \/>Laissez-vous surprendre !<br \/><\/span><\/p>\n<\/div>\n\n\n\n<div class=\"wp-block-column is-layout-flow wp-block-column-is-layout-flow\">\n<h3 class=\"wp-block-heading\" style=\"font-size:24px;line-height:1.3\"><strong>Quiz<\/strong><\/h3>\n\n\n\n<figure class=\"wp-block-image size-full\"><a href=\"https:\/\/wp.unil.ch\/20ans-fbm\/quiz\/\"><img alt=\"\" loading=\"lazy\" decoding=\"async\" width=\"900\" height=\"900\" src=\"https:\/\/wp.unil.ch\/20ans-fbm\/files\/2023\/09\/question_mark.jpg\" alt=\"\" class=\"wp-image-538\" srcset=\"https:\/\/wp.unil.ch\/20ans-fbm\/files\/2023\/09\/question_mark.jpg 900w, https:\/\/wp.unil.ch\/20ans-fbm\/files\/2023\/09\/question_mark-300x300.jpg 300w, https:\/\/wp.unil.ch\/20ans-fbm\/files\/2023\/09\/question_mark-150x150.jpg 150w, https:\/\/wp.unil.ch\/20ans-fbm\/files\/2023\/09\/question_mark-768x768.jpg 768w, https:\/\/wp.unil.ch\/20ans-fbm\/files\/2023\/09\/question_mark-540x540.jpg 540w\" sizes=\"auto, (max-width: 900px) 100vw, 900px\" \/><\/a><\/figure>\n\n\n\n<div class=\"wp-block-buttons is-content-justification-center is-layout-flex wp-container-core-buttons-is-layout-16018d1d wp-block-buttons-is-layout-flex\">\n<div class=\"wp-block-button\"><a class=\"wp-block-button__link has-buttons-text-color has-accent-background-color has-text-color has-background wp-element-button\" href=\"https:\/\/wp.unil.ch\/20ans-fbm\/quiz\/\" style=\"border-radius:40px\">Jouez !<\/a><\/div>\n<\/div>\n\n\n\n<p><span style=\"color: #ffffff\">Vous en voulez encore?<\/span><\/p>\n<p><span style=\"color: #ffffff\">Pour prolonger l\u2019aventure, testez-vous avec nos quiz, th\u00e9matiquement li\u00e9s <span class=\"ui-provider ayo ayp ayq ayr ays ayt ayu ayv ayw ayx ayy ayz aza azb azc azd aze azf azg azh azi azj azk azl azm azn azo azp azq azr azs azt azu azv azw\" dir=\"ltr\">aux \u00e9pisodes du podcast<\/span>. Les plus dou\u00e9\u00b7e\u00b7s et\/ou les plus chanceux\u00b7ses pourront gagner <strong><span style=\"color: #8db924\">de nombreux prix<\/span><\/strong>, toujours autour de la durabilit\u00e9.<br \/><\/span><\/p>\n<\/div>\n<\/div>\n\n\n\n<div class=\"wp-block-columns alignwide is-layout-flex wp-container-core-columns-is-layout-9d6595d7 wp-block-columns-is-layout-flex\">\n<div class=\"wp-block-column is-layout-flow wp-block-column-is-layout-flow\">\n<h3 class=\"wp-block-heading\" style=\"font-size:24px;line-height:1.3\">Concours d&rsquo;images<\/h3>\n\n\n\n<figure class=\"wp-block-image size-full\"><a href=\"https:\/\/www.concours20ans.com\/soumissions\"><img alt=\"\" loading=\"lazy\" decoding=\"async\" width=\"900\" height=\"900\" src=\"https:\/\/wp.unil.ch\/20ans-fbm\/files\/2023\/10\/grasshopper.jpg\" alt=\"\" class=\"wp-image-652\" srcset=\"https:\/\/wp.unil.ch\/20ans-fbm\/files\/2023\/10\/grasshopper.jpg 900w, https:\/\/wp.unil.ch\/20ans-fbm\/files\/2023\/10\/grasshopper-300x300.jpg 300w, https:\/\/wp.unil.ch\/20ans-fbm\/files\/2023\/10\/grasshopper-150x150.jpg 150w, https:\/\/wp.unil.ch\/20ans-fbm\/files\/2023\/10\/grasshopper-768x768.jpg 768w, https:\/\/wp.unil.ch\/20ans-fbm\/files\/2023\/10\/grasshopper-540x540.jpg 540w\" sizes=\"auto, (max-width: 900px) 100vw, 900px\" \/><\/a><\/figure>\n\n\n\n<div class=\"wp-block-buttons is-content-justification-center is-layout-flex wp-container-core-buttons-is-layout-16018d1d wp-block-buttons-is-layout-flex\">\n<div class=\"wp-block-button\"><a class=\"wp-block-button__link has-buttons-text-color has-accent-background-color has-text-color has-background wp-element-button\" href=\"https:\/\/www.unil.ch\/news\/1718789149937\" style=\"border-radius:40px\">D\u00e9couvrez les gagnant\u00b7e\u00b7s!<\/a><\/div>\n<\/div>\n\n\n\n<p>D\u00e9couvrez l&rsquo;extraordinaire fusion de la science et de l&rsquo;art!<br>Nous sommes ravis de vous annoncer le lancement du <strong>Concours d&rsquo;images<\/strong> conjoint FBM &amp; FGSE en collaboration avec <strong>[Figure 1.A.]<\/strong>.<\/p>\n<\/div>\n\n\n\n<div class=\"wp-block-column is-layout-flow wp-block-column-is-layout-flow\">\n<h3 class=\"wp-block-heading\" style=\"font-size:24px;line-height:1.3\">Escape Game<\/h3>\n\n\n\n<figure class=\"wp-block-image size-full\"><a href=\"https:\/\/wp.unil.ch\/20ans-fbm\/escape-game\/\"><img alt=\"\" loading=\"lazy\" decoding=\"async\" width=\"900\" height=\"900\" src=\"https:\/\/wp.unil.ch\/20ans-fbm\/files\/2024\/03\/CovidBreak.jpg\" alt=\"\" class=\"wp-image-918\" srcset=\"https:\/\/wp.unil.ch\/20ans-fbm\/files\/2024\/03\/CovidBreak.jpg 900w, https:\/\/wp.unil.ch\/20ans-fbm\/files\/2024\/03\/CovidBreak-300x300.jpg 300w, https:\/\/wp.unil.ch\/20ans-fbm\/files\/2024\/03\/CovidBreak-150x150.jpg 150w, https:\/\/wp.unil.ch\/20ans-fbm\/files\/2024\/03\/CovidBreak-768x768.jpg 768w, https:\/\/wp.unil.ch\/20ans-fbm\/files\/2024\/03\/CovidBreak-540x540.jpg 540w\" sizes=\"auto, (max-width: 900px) 100vw, 900px\" \/><\/a><\/figure>\n\n\n\n<div class=\"wp-block-buttons is-content-justification-center is-layout-flex wp-container-core-buttons-is-layout-16018d1d wp-block-buttons-is-layout-flex\">\n<div class=\"wp-block-button\"><a class=\"wp-block-button__link has-buttons-text-color has-accent-background-color has-text-color has-background wp-element-button\" href=\"https:\/\/wp.unil.ch\/20ans-fbm\/escape-game\/\" style=\"border-radius:40px\">Inscrivez-vous !<\/a><\/div>\n<\/div>\n\n\n\n<p><span style=\"color: #8db924\"><strong>Covid Break<br \/><\/strong>\u00c0 vos masques, pr\u00eat\u00b7e\u00b7s, sortez !<\/span><br \/>En collaboration avec L\u2019\u00e9prouvette le laboratoire Sciences et Soci\u00e9t\u00e9 de l\u2019UNIL, et est ouvert \u00e0 toutes et tous les membres de la Facult\u00e9 de biologie et de m\u00e9decine de l\u2019UNIL.<\/p>\n<\/div>\n<\/div>\n\n\n\n<div class=\"wp-block-columns is-layout-flex wp-container-core-columns-is-layout-9d6595d7 wp-block-columns-is-layout-flex\">\n<div class=\"wp-block-column is-layout-flow wp-block-column-is-layout-flow\"><\/div>\n\n\n\n<div class=\"wp-block-column is-layout-flow wp-block-column-is-layout-flow\"><\/div>\n<\/div>\n\n\n\n<p class=\"has-text-align-center has-buttons-text-color has-text-color has-normal-font-size\">\u00c0 l\u2019occasion des 20 ans de la cr\u00e9ation de notre Facult\u00e9, sa vid\u00e9o de pr\u00e9sentation fait peau neuve&nbsp;!<\/p>\n\n\n\n<figure class=\"wp-block-embed alignwide is-type-video is-provider-youtube wp-block-embed-youtube wp-embed-aspect-16-9 wp-has-aspect-ratio\"><div class=\"wp-block-embed__wrapper\">\n<iframe loading=\"lazy\" title=\"La Facult\u00e9 de biologie et de m\u00e9decine - 2024\" width=\"580\" height=\"326\" src=\"https:\/\/www.youtube.com\/embed\/DnfpJvgYckc?feature=oembed\" frameborder=\"0\" allow=\"accelerometer; autoplay; clipboard-write; encrypted-media; gyroscope; picture-in-picture; web-share\" referrerpolicy=\"strict-origin-when-cross-origin\" allowfullscreen><\/iframe>\n<\/div><\/figure>\n\n\n\n<div class=\"wp-block-group alignfull\"><div class=\"wp-block-group__inner-container is-layout-constrained wp-block-group-is-layout-constrained\"><\/div><\/div>\n","protected":false},"excerpt":{"rendered":"<p>Podcast La FBM dans les oreillesUn podcast de vulgarisation scientifiquePour f\u00eater ses 20 ans, la FBM vous propose une s\u00e9rie d&rsquo;\u00e9pisodes in\u00e9dits, mettant chacun en lumi\u00e8re une facette&hellip;<\/p>\n","protected":false},"author":855,"featured_media":0,"parent":0,"menu_order":0,"comment_status":"closed","ping_status":"closed","template":"template-full-width.php","meta":{"_seopress_robots_primary_cat":"","_seopress_titles_title":"","_seopress_titles_desc":"","_seopress_robots_index":"","footnotes":""},"class_list":["post-339","page","type-page","status-publish","has-post-thumbnail"],"_links":{"self":[{"href":"https:\/\/wp.unil.ch\/20ans-fbm\/wp-json\/wp\/v2\/pages\/339","targetHints":{"allow":["GET"]}}],"collection":[{"href":"https:\/\/wp.unil.ch\/20ans-fbm\/wp-json\/wp\/v2\/pages"}],"about":[{"href":"https:\/\/wp.unil.ch\/20ans-fbm\/wp-json\/wp\/v2\/types\/page"}],"author":[{"embeddable":true,"href":"https:\/\/wp.unil.ch\/20ans-fbm\/wp-json\/wp\/v2\/users\/855"}],"replies":[{"embeddable":true,"href":"https:\/\/wp.unil.ch\/20ans-fbm\/wp-json\/wp\/v2\/comments?post=339"}],"version-history":[{"count":5,"href":"https:\/\/wp.unil.ch\/20ans-fbm\/wp-json\/wp\/v2\/pages\/339\/revisions"}],"predecessor-version":[{"id":1128,"href":"https:\/\/wp.unil.ch\/20ans-fbm\/wp-json\/wp\/v2\/pages\/339\/revisions\/1128"}],"wp:attachment":[{"href":"https:\/\/wp.unil.ch\/20ans-fbm\/wp-json\/wp\/v2\/media?parent=339"}],"curies":[{"name":"wp","href":"https:\/\/api.w.org\/{rel}","templated":true}]}}