{"id":1092,"date":"2024-09-24T09:08:43","date_gmt":"2024-09-24T07:08:43","guid":{"rendered":"https:\/\/wp.unil.ch\/20ans-fbm\/?page_id=1092"},"modified":"2024-10-09T08:59:16","modified_gmt":"2024-10-09T06:59:16","slug":"quiz-n9","status":"publish","type":"page","link":"https:\/\/wp.unil.ch\/20ans-fbm\/quiz\/quiz-n9\/","title":{"rendered":"Quiz bonus : Objet myst\u00e8re"},"content":{"rendered":"\n<div class=\"wp-block-media-text is-stacked-on-mobile\" style=\"grid-template-columns:36% auto\"><figure class=\"wp-block-media-text__media\"><img alt=\"\" loading=\"lazy\" decoding=\"async\" width=\"682\" height=\"1024\" src=\"https:\/\/wp.unil.ch\/20ans-fbm\/files\/2024\/09\/pipe-682x1024.jpg\" alt=\"\" class=\"wp-image-1093 size-full\" srcset=\"https:\/\/wp.unil.ch\/20ans-fbm\/files\/2024\/09\/pipe-682x1024.jpg 682w, https:\/\/wp.unil.ch\/20ans-fbm\/files\/2024\/09\/pipe-200x300.jpg 200w, https:\/\/wp.unil.ch\/20ans-fbm\/files\/2024\/09\/pipe-768x1153.jpg 768w, https:\/\/wp.unil.ch\/20ans-fbm\/files\/2024\/09\/pipe-540x811.jpg 540w, https:\/\/wp.unil.ch\/20ans-fbm\/files\/2024\/09\/pipe.jpg 799w\" sizes=\"auto, (max-width: 682px) 100vw, 682px\" \/><\/figure><div class=\"wp-block-media-text__content\">\n<p><\/p>\n<\/div><\/div>\n\n\n\n<p>\u00c0 quoi sert cet objet?<\/p>\n\n\n\n<details class=\"wp-block-details is-layout-flow wp-block-details-is-layout-flow\"><summary>D\u00e9couvrez la r\u00e9ponse<\/summary>\n<p>\u00abCeci n\u2019est pas une pipe\u00bb, pour citer la c\u00e9l\u00e8bre l\u00e9gende du tableau de Ren\u00e9 Magritte, <em>La Trahison des images<\/em>.<\/p>\n\n\n\n<p>Ce n\u2019est pas une pipe, et pourtant cela y ressemble beaucoup. Et c\u2019est bien l\u2019objectif: il s\u2019agit en effet d\u2019un larynx artificiel, un dispositif permettant \u00e0 des patients laryngectomis\u00e9s, et donc d\u00e9pourvus de cordes vocales, de g\u00e9n\u00e9rer et d\u2019amplifier artificiellement des sons articul\u00e9s. La particularit\u00e9 de ce mod\u00e8le-ci, con\u00e7u par l\u2019Italien Ruggero Ticchioni au d\u00e9but des ann\u00e9es 50 (ci-dessous avec son appareillage), est d\u2019\u00eatre cach\u00e9 dans une pipe. L\u2019id\u00e9e \u00e9tant de faire oublier sa fonction m\u00e9dicale pour l&rsquo;int\u00e9grer aux habitudes quotidiennes de son utilisateur.<\/p>\n\n\n\n<p>Cet objet, dit \u00abpipe de Ticchioni\u00bb, fait partie, avec beaucoup d\u2019autres, de la <a href=\"https:\/\/bihm.collectionexplorer.ch\/\" target=\"_blank\" rel=\"noreferrer noopener\">riche collection de la Bibilioth\u00e8que de l\u2019Institut des humanit\u00e9s en m\u00e9decine<\/a> (BIHM), que nous vous encourageons \u00e0 visiter (virtuellement).<\/p>\n\n\n\n<figure class=\"wp-block-image size-large\"><img alt=\"\" loading=\"lazy\" decoding=\"async\" width=\"1024\" height=\"681\" src=\"https:\/\/wp.unil.ch\/20ans-fbm\/files\/2024\/10\/pipe_full-1024x681.jpg\" alt=\"\" class=\"wp-image-1115\" srcset=\"https:\/\/wp.unil.ch\/20ans-fbm\/files\/2024\/10\/pipe_full-1024x681.jpg 1024w, https:\/\/wp.unil.ch\/20ans-fbm\/files\/2024\/10\/pipe_full-300x200.jpg 300w, https:\/\/wp.unil.ch\/20ans-fbm\/files\/2024\/10\/pipe_full-768x511.jpg 768w, https:\/\/wp.unil.ch\/20ans-fbm\/files\/2024\/10\/pipe_full-540x359.jpg 540w, https:\/\/wp.unil.ch\/20ans-fbm\/files\/2024\/10\/pipe_full-1080x718.jpg 1080w, https:\/\/wp.unil.ch\/20ans-fbm\/files\/2024\/10\/pipe_full.jpg 1386w\" sizes=\"auto, (max-width: 1024px) 100vw, 1024px\" \/><\/figure>\n\n\n\n<p class=\"has-large-font-size\"><\/p>\n<\/details>\n\n\n\n<hr class=\"wp-block-separator has-alpha-channel-opacity\" \/>\n","protected":false},"excerpt":{"rendered":"<p>\u00c0 quoi sert cet objet?<\/p>\n","protected":false},"author":855,"featured_media":0,"parent":536,"menu_order":0,"comment_status":"closed","ping_status":"closed","template":"template-full-width.php","meta":{"_seopress_robots_primary_cat":"","_seopress_titles_title":"","_seopress_titles_desc":"","_seopress_robots_index":"","footnotes":""},"class_list":["post-1092","page","type-page","status-publish","has-post-thumbnail"],"_links":{"self":[{"href":"https:\/\/wp.unil.ch\/20ans-fbm\/wp-json\/wp\/v2\/pages\/1092","targetHints":{"allow":["GET"]}}],"collection":[{"href":"https:\/\/wp.unil.ch\/20ans-fbm\/wp-json\/wp\/v2\/pages"}],"about":[{"href":"https:\/\/wp.unil.ch\/20ans-fbm\/wp-json\/wp\/v2\/types\/page"}],"author":[{"embeddable":true,"href":"https:\/\/wp.unil.ch\/20ans-fbm\/wp-json\/wp\/v2\/users\/855"}],"replies":[{"embeddable":true,"href":"https:\/\/wp.unil.ch\/20ans-fbm\/wp-json\/wp\/v2\/comments?post=1092"}],"version-history":[{"count":5,"href":"https:\/\/wp.unil.ch\/20ans-fbm\/wp-json\/wp\/v2\/pages\/1092\/revisions"}],"predecessor-version":[{"id":1118,"href":"https:\/\/wp.unil.ch\/20ans-fbm\/wp-json\/wp\/v2\/pages\/1092\/revisions\/1118"}],"up":[{"embeddable":true,"href":"https:\/\/wp.unil.ch\/20ans-fbm\/wp-json\/wp\/v2\/pages\/536"}],"wp:attachment":[{"href":"https:\/\/wp.unil.ch\/20ans-fbm\/wp-json\/wp\/v2\/media?parent=1092"}],"curies":[{"name":"wp","href":"https:\/\/api.w.org\/{rel}","templated":true}]}}