{"id":1062,"date":"2024-09-04T08:39:14","date_gmt":"2024-09-04T06:39:14","guid":{"rendered":"https:\/\/wp.unil.ch\/20ans-fbm\/?page_id=1062"},"modified":"2024-09-24T09:07:30","modified_gmt":"2024-09-24T07:07:30","slug":"quiz-n8","status":"publish","type":"page","link":"https:\/\/wp.unil.ch\/20ans-fbm\/quiz\/quiz-n8\/","title":{"rendered":"Quiz n\u00b08 : Charade minuscule"},"content":{"rendered":"\n<figure class=\"wp-block-image size-full is-resized\"><img alt=\"\" loading=\"lazy\" decoding=\"async\" width=\"187\" height=\"147\" src=\"https:\/\/wp.unil.ch\/20ans-fbm\/files\/2024\/08\/estrella-edited.png\" alt=\"\" class=\"wp-image-1071\" style=\"width:194px;height:auto\" \/><\/figure>\n\n\n\n<p>Mon premier est une bi\u00e8re barcelonaise<br>Mon deuxi\u00e8me est une pierre plate, utilis\u00e9e comme tuile en Loz\u00e8re<br>Mon troisi\u00e8me est l\u2019ascendant non st\u00e9rile du mulet<br>Mon quatri\u00e8me est la quatorzi\u00e8me lettre de l\u2019alphabet<br>Mon cinqui\u00e8me, plus un, donne mon cinqui\u00e8me<\/p>\n\n\n\n<details class=\"wp-block-details is-layout-flow wp-block-details-is-layout-flow\"><summary>D\u00e9couvrez la r\u00e9ponse<\/summary>\n<p>La solution de notre charade est donc: Estrella \u2013 lauze \u2013 \u00e2ne \u2013 n \u2013 six.<\/p>\n\n\n\n<p>Ou <em>Estrella lausannensis<\/em>, \u00abl\u2019\u00e9toile lausannoise\u00bb, une bact\u00e9rie isol\u00e9e par le laboratoire du professeur Gilbert Greub, et d\u00e9crite pour la premi\u00e8re fois dans <a href=\"https:\/\/pubmed.ncbi.nlm.nih.gov\/21816232\/\"><em>Microbes and Infection<\/em><\/a> en 2011. Elle appartient \u00e0 l\u2019ordre des <em>Chlamydiales<\/em>, dont les repr\u00e9sentants sont responsables de plusieurs maladies chez l\u2019homme, et \u00e0 la famille des <em>Criblamydiaceae<\/em>.<\/p>\n\n\n\n<p><em>E. lausannensis<\/em>, d\u00e9cel\u00e9e dans une usine de production d\u2019eau potable \u00e0 Barcelone, doit son nom \u00e0 sa forme en \u00e9toile: <em>Estrella<\/em> en espagnol. Une forme \u00e9toil\u00e9e qu\u2019elle partage avec sa cousine <em>Criblamydia sequanensis<\/em>, qui a elle aussi \u00e9t\u00e9 r\u00e9cemment d\u00e9couverte\u2026 dans la Seine (<em>Sequana<\/em> en latin). Il y avait donc d\u2019autres stars que les triathl\u00e8tes dans la Seine lors des JO parisiens.<\/p>\n<\/details>\n\n\n\n<hr class=\"wp-block-separator has-alpha-channel-opacity\" \/>\n\n\n\n<p>L\u2019heureuse gagnante du Quiz n\u00b08 est Jeanne Buchs, \u00e9tudiante \u00e0 la FBM.<br>F\u00e9licitations \u00e0 elle!<\/p>\n\n\n\n<p class=\"has-large-font-size\"><a href=\"https:\/\/wp.unil.ch\/20ans-fbm\/quiz\/quiz-n9\/\">&gt; Quiz bonus<\/a><\/p>\n","protected":false},"excerpt":{"rendered":"<p>Mon premier est une bi\u00e8re barcelonaiseMon deuxi\u00e8me est une pierre plate, utilis\u00e9e comme tuile en Loz\u00e8reMon troisi\u00e8me est l\u2019ascendant non st\u00e9rile du muletMon quatri\u00e8me est la quatorzi\u00e8me lettre&hellip;<\/p>\n","protected":false},"author":855,"featured_media":0,"parent":536,"menu_order":0,"comment_status":"closed","ping_status":"closed","template":"template-full-width.php","meta":{"_seopress_robots_primary_cat":"","_seopress_titles_title":"","_seopress_titles_desc":"","_seopress_robots_index":"","footnotes":""},"class_list":["post-1062","page","type-page","status-publish","has-post-thumbnail"],"_links":{"self":[{"href":"https:\/\/wp.unil.ch\/20ans-fbm\/wp-json\/wp\/v2\/pages\/1062","targetHints":{"allow":["GET"]}}],"collection":[{"href":"https:\/\/wp.unil.ch\/20ans-fbm\/wp-json\/wp\/v2\/pages"}],"about":[{"href":"https:\/\/wp.unil.ch\/20ans-fbm\/wp-json\/wp\/v2\/types\/page"}],"author":[{"embeddable":true,"href":"https:\/\/wp.unil.ch\/20ans-fbm\/wp-json\/wp\/v2\/users\/855"}],"replies":[{"embeddable":true,"href":"https:\/\/wp.unil.ch\/20ans-fbm\/wp-json\/wp\/v2\/comments?post=1062"}],"version-history":[{"count":4,"href":"https:\/\/wp.unil.ch\/20ans-fbm\/wp-json\/wp\/v2\/pages\/1062\/revisions"}],"predecessor-version":[{"id":1105,"href":"https:\/\/wp.unil.ch\/20ans-fbm\/wp-json\/wp\/v2\/pages\/1062\/revisions\/1105"}],"up":[{"embeddable":true,"href":"https:\/\/wp.unil.ch\/20ans-fbm\/wp-json\/wp\/v2\/pages\/536"}],"wp:attachment":[{"href":"https:\/\/wp.unil.ch\/20ans-fbm\/wp-json\/wp\/v2\/media?parent=1062"}],"curies":[{"name":"wp","href":"https:\/\/api.w.org\/{rel}","templated":true}]}}