{"id":1035,"date":"2024-07-11T08:26:41","date_gmt":"2024-07-11T06:26:41","guid":{"rendered":"https:\/\/wp.unil.ch\/20ans-fbm\/?page_id=1035"},"modified":"2024-09-17T13:15:09","modified_gmt":"2024-09-17T11:15:09","slug":"quiz-n7","status":"publish","type":"page","link":"https:\/\/wp.unil.ch\/20ans-fbm\/quiz\/quiz-n7\/","title":{"rendered":"Quiz n\u00b07 : Poup\u00e9es chinoises"},"content":{"rendered":"\n<figure class=\"wp-block-image size-large\"><img alt=\"\" loading=\"lazy\" decoding=\"async\" width=\"1024\" height=\"448\" src=\"https:\/\/wp.unil.ch\/20ans-fbm\/files\/2024\/06\/poupee_chinoise-1024x448.jpg\" alt=\"\" class=\"wp-image-1036\" srcset=\"https:\/\/wp.unil.ch\/20ans-fbm\/files\/2024\/06\/poupee_chinoise-1024x448.jpg 1024w, https:\/\/wp.unil.ch\/20ans-fbm\/files\/2024\/06\/poupee_chinoise-300x131.jpg 300w, https:\/\/wp.unil.ch\/20ans-fbm\/files\/2024\/06\/poupee_chinoise-768x336.jpg 768w, https:\/\/wp.unil.ch\/20ans-fbm\/files\/2024\/06\/poupee_chinoise-540x236.jpg 540w, https:\/\/wp.unil.ch\/20ans-fbm\/files\/2024\/06\/poupee_chinoise-1080x472.jpg 1080w, https:\/\/wp.unil.ch\/20ans-fbm\/files\/2024\/06\/poupee_chinoise.jpg 1260w\" sizes=\"auto, (max-width: 1024px) 100vw, 1024px\" \/><\/figure>\n\n\n<p>Parmi les curiosit\u00e9s m\u00e9dicales, on trouve ces petites figurines, r\u00e9pandues notamment dans la Chine du XIX<sup>e<\/sup>: mais \u00e0 quoi servaient-elles?<\/p>\n\n\n<details class=\"wp-block-details is-layout-flow wp-block-details-is-layout-flow\"><summary>D\u00e9couvrez la r\u00e9ponse<\/summary>\n<p>L\u2019<a href=\"https:\/\/bihm.lescollections.ch\/index.php\/Detail\/objects\/5400\" target=\"_blank\" rel=\"noreferrer noopener\">objet pr\u00e9sent\u00e9 ici<\/a> est une figurine d\u2019ivoire, de 18,5 centim\u00e8tres de long, dat\u00e9e du XIX<sup>e<\/sup> si\u00e8cle, et faisant partie des riches collections de la <a href=\"https:\/\/bihm.lescollections.ch\/index.php\" target=\"_blank\" rel=\"noreferrer noopener\">Biblioth\u00e8que de l\u2019Institut des humanit\u00e9s en m\u00e9decine (BIHM)<\/a> CHUV-UNIL. Ces poup\u00e9es chinoises ont essaim\u00e9 dans de nombreux mus\u00e9es et collections m\u00e9dicales \u00e0 travers le monde.<\/p>\n\n\n\n<p>Mais quelle \u00e9tait leur fonction? Il y a en r\u00e9alit\u00e9 deux hypoth\u00e8ses, qui ne sont pas forc\u00e9ment mutuellement exclusives. La premi\u00e8re renvoie aux m\u0153urs de la Chine des Qing, tr\u00e8s marqu\u00e9es par le confucianisme: une femme ne pouvait alors pas se d\u00e9v\u00eatir en pr\u00e9sence d\u2019un homme, m\u00eame m\u00e9decin et, <em>a fortiori<\/em>, tout contact physique \u00e9tait proscrit. D\u00e8s lors, selon cette th\u00e9orie, ces figurines d\u2019ivoire (ou de <a href=\"https:\/\/bihm.lescollections.ch\/index.php\/Detail\/objects\/5412\" target=\"_blank\" rel=\"noreferrer noopener\">c\u00e9ramique<\/a>, de bois de rose, etc.) servaient de m\u00e9dium et permettaient aux patientes d\u2019indiquer la zone de leur corps qui les faisaient souffrir, afin que leur m\u00e9decin puisse tenter un diagnostic. Une version tr\u00e8s sommaire de t\u00e9l\u00e9m\u00e9decine, en somme.<\/p>\n\n\n\n<p>Selon l\u2019autre hypoth\u00e8se, ces poup\u00e9es \u00abm\u00e9dicales\u00bb \u00e9taient avant tout destin\u00e9es \u00e0 l\u2019exportation, aux amateurs occidentaux de curiosit\u00e9s exotiques. En t\u00e9moigne notamment, selon <a href=\"https:\/\/history.rcplondon.ac.uk\/blog\/questioning-diagnostic-dolls\" target=\"_blank\" rel=\"noreferrer noopener\">ce blog<\/a>, la posture assez suggestive, voire lascive, de ces figurines, allong\u00e9es sur le c\u00f4t\u00e9, alors que les figurines (m\u00e2les) contemporaines utilis\u00e9es comme guide pour l\u2019acupuncture \u00e9taient pr\u00e9sent\u00e9es en position debout.<\/p>\n\n\n\n<p>Pour en savoir plus, un article de <em><a href=\"https:\/\/www.jstor.org\/stable\/44445787?seq=1\" target=\"_blank\" rel=\"noreferrer noopener\">Bulletin of the History of Medicine<\/a><\/em>.<\/p>\n\n\n\n<p>Merci \u00e0 Magdalena Czartoryjska Meier, directrice de la BIHM, pour son aide.<\/p>\n<\/details>\n\n\n\n<hr class=\"wp-block-separator has-alpha-channel-opacity\" \/>\n\n\n\n<p class=\"has-normal-font-size\">L\u2019heureux gagnant du Quiz n\u00b07 est <strong>Laurian Walpen<\/strong>, membre du personnel administratif et technique de la FBM.<br>F\u00e9licitations \u00e0 lui!<\/p>\n\n\n\n<p class=\"has-large-font-size\"><a href=\"https:\/\/wp.unil.ch\/20ans-fbm\/quiz\/quiz-n8\/\">&gt; Quiz n\u00b08<\/a><\/p>\n\n\n\n<p class=\"has-large-font-size\"><\/p>\n","protected":false},"excerpt":{"rendered":"<p>Parmi les curiosit\u00e9s m\u00e9dicales, on trouve ces petites figurines, r\u00e9pandues notamment dans la Chine du XIXe: mais \u00e0 quoi servaient-elles? L\u2019heureux gagnant du Quiz n\u00b07 est Laurian Walpen,&hellip;<\/p>\n","protected":false},"author":855,"featured_media":0,"parent":536,"menu_order":0,"comment_status":"closed","ping_status":"closed","template":"template-full-width.php","meta":{"_seopress_robots_primary_cat":"","_seopress_titles_title":"","_seopress_titles_desc":"","_seopress_robots_index":"","footnotes":""},"class_list":["post-1035","page","type-page","status-publish","has-post-thumbnail"],"_links":{"self":[{"href":"https:\/\/wp.unil.ch\/20ans-fbm\/wp-json\/wp\/v2\/pages\/1035","targetHints":{"allow":["GET"]}}],"collection":[{"href":"https:\/\/wp.unil.ch\/20ans-fbm\/wp-json\/wp\/v2\/pages"}],"about":[{"href":"https:\/\/wp.unil.ch\/20ans-fbm\/wp-json\/wp\/v2\/types\/page"}],"author":[{"embeddable":true,"href":"https:\/\/wp.unil.ch\/20ans-fbm\/wp-json\/wp\/v2\/users\/855"}],"replies":[{"embeddable":true,"href":"https:\/\/wp.unil.ch\/20ans-fbm\/wp-json\/wp\/v2\/comments?post=1035"}],"version-history":[{"count":6,"href":"https:\/\/wp.unil.ch\/20ans-fbm\/wp-json\/wp\/v2\/pages\/1035\/revisions"}],"predecessor-version":[{"id":1095,"href":"https:\/\/wp.unil.ch\/20ans-fbm\/wp-json\/wp\/v2\/pages\/1035\/revisions\/1095"}],"up":[{"embeddable":true,"href":"https:\/\/wp.unil.ch\/20ans-fbm\/wp-json\/wp\/v2\/pages\/536"}],"wp:attachment":[{"href":"https:\/\/wp.unil.ch\/20ans-fbm\/wp-json\/wp\/v2\/media?parent=1035"}],"curies":[{"name":"wp","href":"https:\/\/api.w.org\/{rel}","templated":true}]}}