{"id":1016,"date":"2024-06-05T17:54:55","date_gmt":"2024-06-05T15:54:55","guid":{"rendered":"https:\/\/wp.unil.ch\/20ans-fbm\/?page_id=1016"},"modified":"2024-08-29T10:36:41","modified_gmt":"2024-08-29T08:36:41","slug":"quiz-n6","status":"publish","type":"page","link":"https:\/\/wp.unil.ch\/20ans-fbm\/quiz\/quiz-n6\/","title":{"rendered":"Quiz n\u00b06 : \u00c0 en perdre son latin"},"content":{"rendered":"\n<figure class=\"wp-block-image alignwide size-full\"><img alt=\"\" loading=\"lazy\" decoding=\"async\" width=\"1260\" height=\"840\" src=\"https:\/\/wp.unil.ch\/20ans-fbm\/files\/2024\/06\/latin.jpg\" alt=\"\" class=\"wp-image-1017\" srcset=\"https:\/\/wp.unil.ch\/20ans-fbm\/files\/2024\/06\/latin.jpg 1260w, https:\/\/wp.unil.ch\/20ans-fbm\/files\/2024\/06\/latin-300x200.jpg 300w, https:\/\/wp.unil.ch\/20ans-fbm\/files\/2024\/06\/latin-1024x683.jpg 1024w, https:\/\/wp.unil.ch\/20ans-fbm\/files\/2024\/06\/latin-768x512.jpg 768w, https:\/\/wp.unil.ch\/20ans-fbm\/files\/2024\/06\/latin-540x360.jpg 540w, https:\/\/wp.unil.ch\/20ans-fbm\/files\/2024\/06\/latin-1080x720.jpg 1080w\" sizes=\"auto, (max-width: 1260px) 100vw, 1260px\" \/><\/figure>\n\n\n\n<p>Depuis Carl von Linn\u00e9, on d\u00e9signe les esp\u00e8ces animales et v\u00e9g\u00e9tales par deux mots latins (et souvent d\u00e9riv\u00e9s du grec): le premier, un substantif commen\u00e7ant par une majuscule, indique le genre auquel appartient l\u2019esp\u00e8ce \u00e9tudi\u00e9e; le second, une \u00e9pith\u00e8te en minuscule, donne le nom de l\u2019esp\u00e8ce proprement dit.<\/p>\n\n\n\n<p>Comme dans <em>Arabidopsis thaliana<\/em>, <em>Caenorhabditis elegans<\/em>, <em>Danio rerio<\/em> ou\u2026 <em>Homo sapiens<\/em>.<\/p>\n\n\n\n<p>En latin, vraiment? Dans la liste ci-dessous, recensant quelques-uns des organismes mod\u00e8les les plus utilis\u00e9s dans les labos, saurez-vous identifier les <strong>trois<\/strong> intrus, ceux dont le nom du genre ou de l\u2019esp\u00e8ce provient d\u2019une racine qui n\u2019est ni grecque, ni latine?<\/p>\n\n\n\n<ul class=\"wp-block-list\">\n<li><em>Xenopus laevis<\/em><\/li>\n\n\n\n<li><em>Saccharomyces cerevisiae<\/em><\/li>\n\n\n\n<li><em>Caenorhabditis elegans<\/em><\/li>\n\n\n\n<li><em>Arabidopsis thaliana<\/em><\/li>\n\n\n\n<li><em>Mus musculus<\/em><\/li>\n\n\n\n<li><em>Danio rerio<\/em><\/li>\n\n\n\n<li><em>Drosophila melanogaster<\/em><\/li>\n\n\n\n<li><em>Escherichia coli<\/em><\/li>\n<\/ul>\n\n\n\n<details class=\"wp-block-details is-layout-flow wp-block-details-is-layout-flow\"><summary>D\u00e9couvrez la r\u00e9ponse<\/summary>\n<p>Plut\u00f4t que de noms latins, il faudrait parler de noms \u00ablatinis\u00e9s\u00bb. Autrement dit, le latin scientifique est une \u00abnovlangue\u00bb qui pratique le n\u00e9ologisme sauvage, avec une signification parfois \u00e9sot\u00e9rique. Exemple avec <em>Drosophila melanogaster<\/em>: si l\u2019\u00e9pith\u00e8te <em>melanogaster<\/em>, \u00abau ventre noir\u00bb, est transparent quand on observe le dipt\u00e8re en agrandissement, son nom de genre \u00e0 consonance po\u00e9tique, <em>Drosophila<\/em>, \u00abqui aime la ros\u00e9e\u00bb, fait dresser un sourcil. <\/p>\n\n\n\n<p>Mais tr\u00eave de glose, et revenons \u00e0 nos <em>oves<\/em>, nos moutons. Qui sont donc les trois intrus dans notre liste? Autrement dit, ceux dont le nom ne vient ni du latin, ni du grec, ni d\u2019un hybride des deux?<\/p>\n\n\n\n<p>Prenons d\u2019abord le cas de <em>Danio rerio<\/em>, ou poisson-z\u00e8bre, la star de l&rsquo;<a href=\"https:\/\/wp.unil.ch\/20ans-fbm\/podcasts\/#ep6\">\u00e9pisode n\u00b06<\/a> de notre podcast: <em>Danio<\/em> vient du bengali <em>Dhani<\/em>, signifiant \u00abdu champ de riz\u00bb, les rizi\u00e8res constituant l\u2019habitat naturel de ce petit cyprinid\u00e9.<\/p>\n\n\n\n<p>Et d\u2019un. Ensuite, penchons-nous sur <em>Escherichia coli<\/em>, souvent abr\u00e9g\u00e9 en <em>E. coli<\/em>: son nom lui vient du p\u00e9diatre allemand Theodor Escherich, qui a d\u00e9couvert la bact\u00e9rie en 1885.<\/p>\n\n\n\n<p>Et de deux. Quant au dernier intrus, il s\u2019agit d\u2019<em>Arabidopsis thaliana<\/em>, l\u2019Arabette des dames: son \u00e9pith\u00e8te d\u00e9rive du nom du botaniste allemand Johann Thal, premier \u00e0 l\u2019avoir d\u00e9crite.<\/p>\n<\/details>\n\n\n\n<hr class=\"wp-block-separator has-alpha-channel-opacity\" \/>\n\n\n\n<p class=\"has-large-font-size\"><\/p>\n\n\n\n<p>L\u2019heureux gagnant du Quiz n\u00b06 est <strong>Francesco La Spada<\/strong>, membre du personnel administratif et technique de la FBM.<br>F\u00e9licitations \u00e0 lui!<\/p>\n\n\n\n<p class=\"has-large-font-size\"><a href=\"https:\/\/wp.unil.ch\/20ans-fbm\/quiz\/quiz-n7\/\">&gt; Quiz n\u00b07<\/a><\/p>\n","protected":false},"excerpt":{"rendered":"<p>Depuis Carl von Linn\u00e9, on d\u00e9signe les esp\u00e8ces animales et v\u00e9g\u00e9tales par deux mots latins (et souvent d\u00e9riv\u00e9s du grec): le premier, un substantif commen\u00e7ant par une majuscule,&hellip;<\/p>\n","protected":false},"author":855,"featured_media":0,"parent":536,"menu_order":0,"comment_status":"closed","ping_status":"closed","template":"template-full-width.php","meta":{"_seopress_robots_primary_cat":"","_seopress_titles_title":"","_seopress_titles_desc":"","_seopress_robots_index":"","footnotes":""},"class_list":["post-1016","page","type-page","status-publish","has-post-thumbnail"],"_links":{"self":[{"href":"https:\/\/wp.unil.ch\/20ans-fbm\/wp-json\/wp\/v2\/pages\/1016","targetHints":{"allow":["GET"]}}],"collection":[{"href":"https:\/\/wp.unil.ch\/20ans-fbm\/wp-json\/wp\/v2\/pages"}],"about":[{"href":"https:\/\/wp.unil.ch\/20ans-fbm\/wp-json\/wp\/v2\/types\/page"}],"author":[{"embeddable":true,"href":"https:\/\/wp.unil.ch\/20ans-fbm\/wp-json\/wp\/v2\/users\/855"}],"replies":[{"embeddable":true,"href":"https:\/\/wp.unil.ch\/20ans-fbm\/wp-json\/wp\/v2\/comments?post=1016"}],"version-history":[{"count":5,"href":"https:\/\/wp.unil.ch\/20ans-fbm\/wp-json\/wp\/v2\/pages\/1016\/revisions"}],"predecessor-version":[{"id":1085,"href":"https:\/\/wp.unil.ch\/20ans-fbm\/wp-json\/wp\/v2\/pages\/1016\/revisions\/1085"}],"up":[{"embeddable":true,"href":"https:\/\/wp.unil.ch\/20ans-fbm\/wp-json\/wp\/v2\/pages\/536"}],"wp:attachment":[{"href":"https:\/\/wp.unil.ch\/20ans-fbm\/wp-json\/wp\/v2\/media?parent=1016"}],"curies":[{"name":"wp","href":"https:\/\/api.w.org\/{rel}","templated":true}]}}